{"id":20009,"date":"2025-05-07T06:47:08","date_gmt":"2025-05-07T06:47:08","guid":{"rendered":"https:\/\/tacte.eu\/?post_type=product&#038;p=20009"},"modified":"2025-06-15T11:52:12","modified_gmt":"2025-06-15T11:52:12","slug":"pro-64ch-2u-8hdd-4k-ai-nvr","status":"publish","type":"product","link":"https:\/\/tacte.eu\/de\/produkt\/pro-64ch-2u-8hdd-4k-ai-nvr\/","title":{"rendered":"PRO 64CH 2U 8HDD 4K AI NVR"},"content":{"rendered":"<p class=\"\" data-start=\"150\" data-end=\"481\">The <strong>PRO 64CH 2U 8HDD 4K AI NVR<\/strong>\u00a0is a professional-grade 64-channel 2U Network Video Recorder (NVR) designed for medium to large-scale video surveillance systems. It supports up to 64 IP cameras and offers a total incoming bandwidth of 400 Mbps, ensuring smooth, high-resolution video recording and playback across multiple channels.<\/p>\n<p class=\"\" data-start=\"483\" data-end=\"852\">This NVR is equipped with 8 SATA interfaces, allowing the installation of up to 8 hard drives with a maximum capacity of 16TB each, reaching a total storage capacity of up to 128TB. It also supports various RAID configurations (RAID 0, 1, 5, 6, and 10) for data redundancy and system reliability, along with N+1 hot spare capability for backup in case of drive failure.<\/p>\n<table cellspacing=\"0\" cellpadding=\"0\">\n<tbody>\n<tr class=\"firstRow ons1\">\n<td colspan=\"2\">Video Input<\/td>\n<\/tr>\n<tr>\n<td>IP Camera Input<\/td>\n<td>64 Channel<\/td>\n<\/tr>\n<tr>\n<td>Incoming Bandwidth<\/td>\n<td>400Mbps<\/td>\n<\/tr>\n<tr>\n<td>Outgoing Bandwidth<\/td>\n<td>400Mbps<\/td>\n<\/tr>\n<tr class=\"ons1\">\n<td colspan=\"2\">Video Output<\/td>\n<\/tr>\n<tr>\n<td>HDMI 1 Output<\/td>\n<td>3840 \u00d7 2160, 1920 \u00d7 1080, 1280 \u00d7 1024, 1024 \u00d7 768<\/td>\n<\/tr>\n<tr>\n<td>HDMI 2 Output<\/td>\n<td>1920 \u00d7 1080, 1280 \u00d7 1024, 1024 \u00d7 768<\/td>\n<\/tr>\n<tr>\n<td>VGA Output<\/td>\n<td>1920 \u00d7 1080, 1280 \u00d7 1024, 1024 \u00d7 768<\/td>\n<\/tr>\n<tr>\n<td>Different Source \u00a0 Output<\/td>\n<td>Unterst\u00fctzung<\/td>\n<\/tr>\n<tr>\n<td>Decoding Capacity<\/td>\n<td>1ch 12MP, 4ch 8MP, 8ch 4MP, 16ch 1080P, 32ch D1, 64ch D1<\/td>\n<\/tr>\n<tr>\n<td>Dual Stream<\/td>\n<td>Unterst\u00fctzung<\/td>\n<\/tr>\n<tr>\n<td>Multi-screen Display<\/td>\n<td>1st Screen: 1\/4\/8\/9\/16\/32\/36\/64<\/p>\n<p>2nd Screen: 1\/4\/8\/9\/16<\/td>\n<\/tr>\n<tr class=\"ons1\">\n<td colspan=\"2\">AI Recognition<\/td>\n<\/tr>\n<tr>\n<td>Face Comparison<\/td>\n<td>Real-time captured and display faces comparison results (registrant (name and ID), stranger, channel, similarity)<\/td>\n<\/tr>\n<tr>\n<td>Multi-objective<\/td>\n<td>Real-time captured and display vehicle, human body, non-motor vehicle, license plates image, and faces comparison results (registrant, stranger, channel, similarity)<\/td>\n<\/tr>\n<tr>\n<td>Smart Search<\/td>\n<td>Time, Properties, Pictures, License plate<\/td>\n<\/tr>\n<tr>\n<td>Trigger Events<\/td>\n<td>Buzzer, Alarm push, Alarm prompt, Email, Alarm Out, Compare the result simultaneously, etc.<\/td>\n<\/tr>\n<tr class=\"ons1\">\n<td colspan=\"2\">Recoding<\/td>\n<\/tr>\n<tr>\n<td>Resolution<\/td>\n<td>12MP, 8MP, 6MP, 5MP, 4MP, 3MP, 1080P, 720P,\u00a0 D1 etc.<\/td>\n<\/tr>\n<tr>\n<td>Recording Mode<\/td>\n<td>Manual, Schedule (Regular, Continuous), Event<\/td>\n<\/tr>\n<tr>\n<td>Trigger Events<\/td>\n<td>Motion Detection, Video Loss, Alarm in, IVS<\/td>\n<\/tr>\n<tr class=\"ons1\">\n<td colspan=\"2\">Playback and Backup<\/td>\n<\/tr>\n<tr>\n<td>Sync Playback<\/td>\n<td>16\/9\/4\/1<\/td>\n<\/tr>\n<tr>\n<td>Search Mode<\/td>\n<td>Time \/Date, Alarm, Picture grid, Event<\/td>\n<\/tr>\n<tr>\n<td>Backup Mode<\/td>\n<td>USB Device, Network, eSATA<\/td>\n<\/tr>\n<tr class=\"ons1\">\n<td colspan=\"2\">Alarm<\/td>\n<\/tr>\n<tr>\n<td>General Alarm<\/td>\n<td>Motion Detection, Video Loss, Alarm in, Alarm out<\/td>\n<\/tr>\n<tr>\n<td>Intelligent Analysis<\/p>\n<p>(By Camera)<\/td>\n<td>Smoking Detection, Smoke and Fire Detection, Fire Spot Detection, Intrusion, Single Line Crossing, Double Line Crossing, Loitering, Wrong-way, Illegal Parking, People Counting, Smart motion detection, Enter Area, Leave Area, etc.<\/td>\n<\/tr>\n<tr>\n<td>Abnormal Alarm<\/td>\n<td>Disk Alarm, IP Address Conflict, Network Disconnect<\/td>\n<\/tr>\n<tr>\n<td>Intelligent Analysis<\/p>\n<p>(By NVR)<\/td>\n<td>4-ch intrusion detection, support the accurate detection of human and vehicle<\/td>\n<\/tr>\n<tr>\n<td>Event Action<\/td>\n<td>Buzzer, Push message to APP, Pop up message to monitor, Full screen, Email, FTP, PTZ, Alarm output, Recording<\/td>\n<\/tr>\n<tr class=\"ons1\">\n<td colspan=\"2\">Network<\/td>\n<\/tr>\n<tr>\n<td>Network Protocol<\/td>\n<td>HTTP, HTTPS, TCP\/IP, IPv4, IPv6, UPnP, UDP, RTSP, SMTP, NTP, DNS, DHCP, FTP, P2P, IP Filter, DDNS, 802.1X, SNMP, 3G\/4G, PPPoE<\/td>\n<\/tr>\n<tr>\n<td>Remote Users<\/td>\n<td>8 users<\/td>\n<\/tr>\n<tr>\n<td>P2P<\/td>\n<td>P2P, Web NAT<\/td>\n<\/tr>\n<tr>\n<td>Interoperability<\/td>\n<td>ONVIF, SDK, CGI<\/td>\n<\/tr>\n<tr class=\"ons1\">\n<td colspan=\"2\">Storage<\/td>\n<\/tr>\n<tr>\n<td>ANR<\/td>\n<td>Unterst\u00fctzung<\/td>\n<\/tr>\n<tr>\n<td>Disk Group<\/td>\n<td>Unterst\u00fctzung<\/td>\n<\/tr>\n<tr>\n<td>RAID<\/td>\n<td>RAID 0, RAID 1, RAID 5, RAID 6, RAID 10<\/td>\n<\/tr>\n<tr class=\"ons1\">\n<td colspan=\"2\">Interface<\/td>\n<\/tr>\n<tr>\n<td>HDD Interface<\/td>\n<td>8 SATA interfaces, up to 16TB capacity for each disk<\/td>\n<\/tr>\n<tr>\n<td>Network Interface<\/td>\n<td>2 \u00d7 RJ-45, 10\/100\/1000 Mbps self-adaptive Ethernet port<\/td>\n<\/tr>\n<tr>\n<td>eSATA<\/td>\n<td>1 eSATA Interface<\/td>\n<\/tr>\n<tr>\n<td>HDMI<\/td>\n<td>2<\/td>\n<\/tr>\n<tr>\n<td>VGA<\/td>\n<td>1<\/td>\n<\/tr>\n<tr>\n<td>Audio In\/Out<\/td>\n<td>1\/1<\/td>\n<\/tr>\n<tr>\n<td>Alarm In\/Out<\/td>\n<td>16\/6<\/td>\n<\/tr>\n<tr>\n<td>USB Interface<\/td>\n<td>Front panel: 2 \u00d7 USB 2.0, Rear panel: 2 \u00d7 USB 3.0<\/td>\n<\/tr>\n<tr>\n<td>RS-485 Interface<\/td>\n<td>1<\/td>\n<\/tr>\n<tr>\n<td>RS-232 Interface<\/td>\n<td>1<\/td>\n<\/tr>\n<tr>\n<td>Reset Button<\/td>\n<td>On-board reset button<\/td>\n<\/tr>\n<tr class=\"ons1\">\n<td colspan=\"2\">General<\/td>\n<\/tr>\n<tr>\n<td>Power Supply<\/td>\n<td>100 to 240VAC, redundant power supply<\/td>\n<\/tr>\n<tr>\n<td>Power Consumption<\/td>\n<td>&lt; 15 W (without HDD)<\/td>\n<\/tr>\n<tr>\n<td>Operating Conditions<\/td>\n<td>-10 \u00b0C to 50 \u00b0C (14 \u00b0F to 122 \u00b0F)<\/td>\n<\/tr>\n<tr>\n<td>Storage Conditions<\/td>\n<td>Less than 90% RH<\/td>\n<\/tr>\n<tr>\n<td>Certifications<\/td>\n<td>CE\/FCC<\/td>\n<\/tr>\n<tr>\n<td>Dimensions<\/td>\n<td>440 \u00d7 526 \u00d7 111.5 mm (17.32 \u00d7 20.71 \u00d7 4.39 inch)<\/td>\n<\/tr>\n<tr>\n<td>Net Weight<\/td>\n<td>13.82 kg (30.48 lb) without HDD<\/td>\n<\/tr>\n<\/tbody>\n<\/table>","protected":false},"excerpt":{"rendered":"<p class=\"\" data-start=\"82\" data-end=\"265\">The <strong>PRO 64CH 2U 8HDD 4K AI NVR<\/strong>\u00a0is a 64-channel 2U NVR that supports up to 128TB of storage, AI features like face recognition, and RAID configurations for reliable video surveillance.<\/p>\n<p data-start=\"82\" data-end=\"265\"><strong>Key Features:<\/strong><\/p>\n<ul class=\"list-paddingleft-2\">\n<li>Up to 64-ch IP cameras access<\/li>\n<li>Up to 400 Mbps incoming\/outgoing bandwidth<\/li>\n<li>Up to 1-ch@12MP\/4-ch@8MP\/8-ch@4MP\/16-ch@1080P\/32-ch@D1 decoding capacity<\/li>\n<li>Support mask detection, face recognition and multi-objective recognition<\/li>\n<li>Supports some specialist cameras, including people counting camera, ANPR camera, fisheye camera, panoramic camera and thermal camera<\/li>\n<li>Support fisheye Dewarping and VCA alarm linkage<\/li>\n<li>Up to 4-ch perimeter protection<\/li>\n<li>Support 2 HDMI and 1 VGA interface<\/li>\n<li>Support RAID 0\/1\/5\/6\/10, N+1 hot spare and redundant power<\/li>\n<\/ul>","protected":false},"featured_media":20450,"comment_status":"open","ping_status":"closed","template":"","meta":[],"product_brand":[],"product_cat":[217,181,214,213],"product_tag":[],"class_list":{"0":"post-20009","1":"product","2":"type-product","3":"status-publish","4":"has-post-thumbnail","6":"product_cat-64ch-8hdd-4k-ai","7":"product_cat-cctv-systems","8":"product_cat-pro-series-nvr","9":"product_cat-video-recorders","11":"first","12":"instock","13":"shipping-taxable","14":"product-type-simple"},"yoast_head":"<!-- This site is optimized with the Yoast SEO plugin v25.5 - https:\/\/yoast.com\/wordpress\/plugins\/seo\/ -->\n<title>PRO 64CH 2U 8HDD 4K AI NVR - TAC<\/title>\n<meta name=\"robots\" content=\"index, follow, max-snippet:-1, max-image-preview:large, max-video-preview:-1\" \/>\n<link rel=\"canonical\" href=\"https:\/\/tacte.eu\/de\/produkt\/pro-64ch-2u-8hdd-4k-ai-nvr\/\" \/>\n<meta property=\"og:locale\" content=\"de_DE\" \/>\n<meta property=\"og:type\" content=\"article\" \/>\n<meta property=\"og:title\" content=\"PRO 64CH 2U 8HDD 4K AI NVR - TAC\" \/>\n<meta property=\"og:description\" content=\"The PRO 64CH 2U 8HDD 4K AI NVR\u00a0is a 64-channel 2U NVR that supports up to 128TB of storage, AI features like face recognition, and RAID configurations for reliable video surveillance. Key Features:    Up to 64-ch IP cameras access  Up to 400 Mbps incoming\/outgoing bandwidth  Up to 1-ch@12MP\/4-ch@8MP\/8-ch@4MP\/16-ch@1080P\/32-ch@D1 decoding capacity  Support mask detection, face recognition and multi-objective recognition  Supports some specialist cameras, including people counting camera, ANPR camera, fisheye camera, panoramic camera and thermal camera  Support fisheye Dewarping and VCA alarm linkage  Up to 4-ch perimeter protection  Support 2 HDMI and 1 VGA interface  Support RAID 0\/1\/5\/6\/10, N+1 hot spare and redundant power\" \/>\n<meta property=\"og:url\" content=\"https:\/\/tacte.eu\/de\/produkt\/pro-64ch-2u-8hdd-4k-ai-nvr\/\" \/>\n<meta property=\"og:site_name\" content=\"TAC\" \/>\n<meta property=\"article:modified_time\" content=\"2025-06-15T11:52:12+00:00\" \/>\n<meta property=\"og:image\" content=\"https:\/\/tacte.eu\/wp-content\/uploads\/2025\/05\/64-CH-2U-8HDD-4K-NVR-1.webp\" \/>\n\t<meta property=\"og:image:width\" content=\"800\" \/>\n\t<meta property=\"og:image:height\" content=\"800\" \/>\n\t<meta property=\"og:image:type\" content=\"image\/webp\" \/>\n<meta name=\"twitter:card\" content=\"summary_large_image\" \/>\n<meta name=\"twitter:label1\" content=\"Gesch\u00e4tzte Lesezeit\" \/>\n\t<meta name=\"twitter:data1\" content=\"3\u00a0Minuten\" \/>\n<script type=\"application\/ld+json\" class=\"yoast-schema-graph\">{\"@context\":\"https:\/\/schema.org\",\"@graph\":[{\"@type\":\"WebPage\",\"@id\":\"https:\/\/tacte.eu\/product\/pro-64ch-2u-8hdd-4k-ai-nvr\/\",\"url\":\"https:\/\/tacte.eu\/product\/pro-64ch-2u-8hdd-4k-ai-nvr\/\",\"name\":\"PRO 64CH 2U 8HDD 4K AI NVR - TAC\",\"isPartOf\":{\"@id\":\"https:\/\/tacte.eu\/#website\"},\"primaryImageOfPage\":{\"@id\":\"https:\/\/tacte.eu\/product\/pro-64ch-2u-8hdd-4k-ai-nvr\/#primaryimage\"},\"image\":{\"@id\":\"https:\/\/tacte.eu\/product\/pro-64ch-2u-8hdd-4k-ai-nvr\/#primaryimage\"},\"thumbnailUrl\":\"https:\/\/tacte.eu\/wp-content\/uploads\/2025\/05\/64-CH-2U-8HDD-4K-NVR-1.webp\",\"datePublished\":\"2025-05-07T06:47:08+00:00\",\"dateModified\":\"2025-06-15T11:52:12+00:00\",\"breadcrumb\":{\"@id\":\"https:\/\/tacte.eu\/product\/pro-64ch-2u-8hdd-4k-ai-nvr\/#breadcrumb\"},\"inLanguage\":\"de\",\"potentialAction\":[{\"@type\":\"ReadAction\",\"target\":[\"https:\/\/tacte.eu\/product\/pro-64ch-2u-8hdd-4k-ai-nvr\/\"]}]},{\"@type\":\"ImageObject\",\"inLanguage\":\"de\",\"@id\":\"https:\/\/tacte.eu\/product\/pro-64ch-2u-8hdd-4k-ai-nvr\/#primaryimage\",\"url\":\"https:\/\/tacte.eu\/wp-content\/uploads\/2025\/05\/64-CH-2U-8HDD-4K-NVR-1.webp\",\"contentUrl\":\"https:\/\/tacte.eu\/wp-content\/uploads\/2025\/05\/64-CH-2U-8HDD-4K-NVR-1.webp\",\"width\":800,\"height\":800},{\"@type\":\"BreadcrumbList\",\"@id\":\"https:\/\/tacte.eu\/product\/pro-64ch-2u-8hdd-4k-ai-nvr\/#breadcrumb\",\"itemListElement\":[{\"@type\":\"ListItem\",\"position\":1,\"name\":\"Home\",\"item\":\"https:\/\/tacte.eu\/\"},{\"@type\":\"ListItem\",\"position\":2,\"name\":\"Products\",\"item\":\"https:\/\/tacte.eu\/products\/\"},{\"@type\":\"ListItem\",\"position\":3,\"name\":\"PRO 64CH 2U 8HDD 4K AI NVR\"}]},{\"@type\":\"WebSite\",\"@id\":\"https:\/\/tacte.eu\/#website\",\"url\":\"https:\/\/tacte.eu\/\",\"name\":\"TAC\",\"description\":\"Advanced Security Solutions \",\"publisher\":{\"@id\":\"https:\/\/tacte.eu\/#organization\"},\"potentialAction\":[{\"@type\":\"SearchAction\",\"target\":{\"@type\":\"EntryPoint\",\"urlTemplate\":\"https:\/\/tacte.eu\/?s={search_term_string}\"},\"query-input\":{\"@type\":\"PropertyValueSpecification\",\"valueRequired\":true,\"valueName\":\"search_term_string\"}}],\"inLanguage\":\"de\"},{\"@type\":\"Organization\",\"@id\":\"https:\/\/tacte.eu\/#organization\",\"name\":\"TAC\",\"url\":\"https:\/\/tacte.eu\/\",\"logo\":{\"@type\":\"ImageObject\",\"inLanguage\":\"de\",\"@id\":\"https:\/\/tacte.eu\/#\/schema\/logo\/image\/\",\"url\":\"https:\/\/tacte.eu\/wp-content\/uploads\/2025\/05\/Tac-logo-154-49.png\",\"contentUrl\":\"https:\/\/tacte.eu\/wp-content\/uploads\/2025\/05\/Tac-logo-154-49.png\",\"width\":154,\"height\":49,\"caption\":\"TAC\"},\"image\":{\"@id\":\"https:\/\/tacte.eu\/#\/schema\/logo\/image\/\"}}]}<\/script>\n<!-- \/ Yoast SEO plugin. -->","yoast_head_json":{"title":"PRO 64CH 2U 8HDD 4K AI NVR - TAC","robots":{"index":"index","follow":"follow","max-snippet":"max-snippet:-1","max-image-preview":"max-image-preview:large","max-video-preview":"max-video-preview:-1"},"canonical":"https:\/\/tacte.eu\/de\/produkt\/pro-64ch-2u-8hdd-4k-ai-nvr\/","og_locale":"de_DE","og_type":"article","og_title":"PRO 64CH 2U 8HDD 4K AI NVR - TAC","og_description":"The PRO 64CH 2U 8HDD 4K AI NVR\u00a0is a 64-channel 2U NVR that supports up to 128TB of storage, AI features like face recognition, and RAID configurations for reliable video surveillance. Key Features:    Up to 64-ch IP cameras access  Up to 400 Mbps incoming\/outgoing bandwidth  Up to 1-ch@12MP\/4-ch@8MP\/8-ch@4MP\/16-ch@1080P\/32-ch@D1 decoding capacity  Support mask detection, face recognition and multi-objective recognition  Supports some specialist cameras, including people counting camera, ANPR camera, fisheye camera, panoramic camera and thermal camera  Support fisheye Dewarping and VCA alarm linkage  Up to 4-ch perimeter protection  Support 2 HDMI and 1 VGA interface  Support RAID 0\/1\/5\/6\/10, N+1 hot spare and redundant power","og_url":"https:\/\/tacte.eu\/de\/produkt\/pro-64ch-2u-8hdd-4k-ai-nvr\/","og_site_name":"TAC","article_modified_time":"2025-06-15T11:52:12+00:00","og_image":[{"width":800,"height":800,"url":"https:\/\/tacte.eu\/wp-content\/uploads\/2025\/05\/64-CH-2U-8HDD-4K-NVR-1.webp","type":"image\/webp"}],"twitter_card":"summary_large_image","twitter_misc":{"Gesch\u00e4tzte Lesezeit":"3\u00a0Minuten"},"schema":{"@context":"https:\/\/schema.org","@graph":[{"@type":"WebPage","@id":"https:\/\/tacte.eu\/product\/pro-64ch-2u-8hdd-4k-ai-nvr\/","url":"https:\/\/tacte.eu\/product\/pro-64ch-2u-8hdd-4k-ai-nvr\/","name":"PRO 64CH 2U 8HDD 4K AI NVR - TAC","isPartOf":{"@id":"https:\/\/tacte.eu\/#website"},"primaryImageOfPage":{"@id":"https:\/\/tacte.eu\/product\/pro-64ch-2u-8hdd-4k-ai-nvr\/#primaryimage"},"image":{"@id":"https:\/\/tacte.eu\/product\/pro-64ch-2u-8hdd-4k-ai-nvr\/#primaryimage"},"thumbnailUrl":"https:\/\/tacte.eu\/wp-content\/uploads\/2025\/05\/64-CH-2U-8HDD-4K-NVR-1.webp","datePublished":"2025-05-07T06:47:08+00:00","dateModified":"2025-06-15T11:52:12+00:00","breadcrumb":{"@id":"https:\/\/tacte.eu\/product\/pro-64ch-2u-8hdd-4k-ai-nvr\/#breadcrumb"},"inLanguage":"de","potentialAction":[{"@type":"ReadAction","target":["https:\/\/tacte.eu\/product\/pro-64ch-2u-8hdd-4k-ai-nvr\/"]}]},{"@type":"ImageObject","inLanguage":"de","@id":"https:\/\/tacte.eu\/product\/pro-64ch-2u-8hdd-4k-ai-nvr\/#primaryimage","url":"https:\/\/tacte.eu\/wp-content\/uploads\/2025\/05\/64-CH-2U-8HDD-4K-NVR-1.webp","contentUrl":"https:\/\/tacte.eu\/wp-content\/uploads\/2025\/05\/64-CH-2U-8HDD-4K-NVR-1.webp","width":800,"height":800},{"@type":"BreadcrumbList","@id":"https:\/\/tacte.eu\/product\/pro-64ch-2u-8hdd-4k-ai-nvr\/#breadcrumb","itemListElement":[{"@type":"ListItem","position":1,"name":"Home","item":"https:\/\/tacte.eu\/"},{"@type":"ListItem","position":2,"name":"Products","item":"https:\/\/tacte.eu\/products\/"},{"@type":"ListItem","position":3,"name":"PRO 64CH 2U 8HDD 4K AI NVR"}]},{"@type":"WebSite","@id":"https:\/\/tacte.eu\/#website","url":"https:\/\/tacte.eu\/","name":"TAC","description":"Advanced Security Solutions","publisher":{"@id":"https:\/\/tacte.eu\/#organization"},"potentialAction":[{"@type":"SearchAction","target":{"@type":"EntryPoint","urlTemplate":"https:\/\/tacte.eu\/?s={search_term_string}"},"query-input":{"@type":"PropertyValueSpecification","valueRequired":true,"valueName":"search_term_string"}}],"inLanguage":"de"},{"@type":"Organization","@id":"https:\/\/tacte.eu\/#organization","name":"TAC","url":"https:\/\/tacte.eu\/","logo":{"@type":"ImageObject","inLanguage":"de","@id":"https:\/\/tacte.eu\/#\/schema\/logo\/image\/","url":"https:\/\/tacte.eu\/wp-content\/uploads\/2025\/05\/Tac-logo-154-49.png","contentUrl":"https:\/\/tacte.eu\/wp-content\/uploads\/2025\/05\/Tac-logo-154-49.png","width":154,"height":49,"caption":"TAC"},"image":{"@id":"https:\/\/tacte.eu\/#\/schema\/logo\/image\/"}}]}},"_links":{"self":[{"href":"https:\/\/tacte.eu\/de\/wp-json\/wp\/v2\/product\/20009","targetHints":{"allow":["GET"]}}],"collection":[{"href":"https:\/\/tacte.eu\/de\/wp-json\/wp\/v2\/product"}],"about":[{"href":"https:\/\/tacte.eu\/de\/wp-json\/wp\/v2\/types\/product"}],"replies":[{"embeddable":true,"href":"https:\/\/tacte.eu\/de\/wp-json\/wp\/v2\/comments?post=20009"}],"wp:featuredmedia":[{"embeddable":true,"href":"https:\/\/tacte.eu\/de\/wp-json\/wp\/v2\/media\/20450"}],"wp:attachment":[{"href":"https:\/\/tacte.eu\/de\/wp-json\/wp\/v2\/media?parent=20009"}],"wp:term":[{"taxonomy":"product_brand","embeddable":true,"href":"https:\/\/tacte.eu\/de\/wp-json\/wp\/v2\/product_brand?post=20009"},{"taxonomy":"product_cat","embeddable":true,"href":"https:\/\/tacte.eu\/de\/wp-json\/wp\/v2\/product_cat?post=20009"},{"taxonomy":"product_tag","embeddable":true,"href":"https:\/\/tacte.eu\/de\/wp-json\/wp\/v2\/product_tag?post=20009"}],"curies":[{"name":"wp","href":"https:\/\/api.w.org\/{rel}","templated":true}]}}