{"id":19936,"date":"2025-05-05T12:21:12","date_gmt":"2025-05-05T12:21:12","guid":{"rendered":"https:\/\/tacte.eu\/?post_type=product&#038;p=19936"},"modified":"2025-06-15T11:54:40","modified_gmt":"2025-06-15T11:54:40","slug":"pro-32ch-1-5u-4hdd-4k-ai-nvr-sn-nvr3932e4-ja","status":"publish","type":"product","link":"https:\/\/tacte.eu\/de\/produkt\/pro-32ch-1-5u-4hdd-4k-ai-nvr-sn-nvr3932e4-ja\/","title":{"rendered":"PRO 32CH 1.5U 4HDD 4K AI NVR"},"content":{"rendered":"<h3 class=\"\" data-start=\"319\" data-end=\"348\"><strong data-start=\"323\" data-end=\"346\">Product Description<\/strong><\/h3>\n<p class=\"\" data-start=\"349\" data-end=\"781\">The SN-NVR3932E4-JA is a professional-grade 32-channel Network Video Recorder (NVR) designed to support up to 32 IP cameras with ultra-high 4K resolution. It features advanced AI functions like facial recognition, perimeter protection, and object detection, making it ideal for modern security systems. With a 1.5U rackmount design and space for 4 HDDs, it ensures reliable storage and scalability for growing surveillance networks.<\/p>\n<table cellspacing=\"0\" cellpadding=\"0\">\n<tbody>\n<tr class=\"firstRow ons1\">\n<td colspan=\"2\">Video Input<\/td>\n<\/tr>\n<tr>\n<td>IP Camera Input<\/td>\n<td>32 Channel<\/td>\n<\/tr>\n<tr>\n<td>Incoming Bandwidth<\/td>\n<td>320Mbps<\/td>\n<\/tr>\n<tr>\n<td>Outgoing Bandwidth<\/td>\n<td>320Mbps<\/td>\n<\/tr>\n<tr class=\"ons1\">\n<td colspan=\"2\">Video Output<\/td>\n<\/tr>\n<tr>\n<td>HDMI 1 Output<\/td>\n<td>3840 \u00d7 2160, 1920 \u00d7 1080, 1280 \u00d7 1024, 1024 \u00d7 768<\/td>\n<\/tr>\n<tr>\n<td>HDMI 2 Output<\/td>\n<td>1920 \u00d7 1080, 1280 \u00d7 1024, 1024 \u00d7 768<\/td>\n<\/tr>\n<tr>\n<td>VGA Output<\/td>\n<td>1920 \u00d7 1080, 1280 \u00d7 1024, 1024 \u00d7 768<\/td>\n<\/tr>\n<tr>\n<td>Different Source \u00a0 Output<\/td>\n<td>Unterst\u00fctzung<\/td>\n<\/tr>\n<tr>\n<td>Decoding Capacity<\/td>\n<td>1ch 12MP, 4ch 8MP, 8ch 4MP, 16ch 1080P, 32ch D1<\/td>\n<\/tr>\n<tr>\n<td>Dual Stream<\/td>\n<td>Unterst\u00fctzung<\/td>\n<\/tr>\n<tr>\n<td>Multi-screen Display<\/td>\n<td>1st Screen: 1\/4\/8\/9\/16\/32\/36<\/p>\n<p>2nd Screen: 1\/4\/8\/9\/16<\/td>\n<\/tr>\n<tr class=\"ons1\">\n<td colspan=\"2\">AI \u00a0 Recognition<\/td>\n<\/tr>\n<tr>\n<td>Face Comparison<\/td>\n<td>Real-time captured and display faces comparison results (registrant (name and ID), stranger, channel, similarity)<\/td>\n<\/tr>\n<tr>\n<td>Multi-objective<\/td>\n<td>Real-time captured and display vehicle, human body, non-motor vehicle, license plates image, and faces comparison results (registrant, stranger, channel, similarity)<\/td>\n<\/tr>\n<tr>\n<td>Smart Search<\/td>\n<td>Time, Properties, Pictures, License plate<\/td>\n<\/tr>\n<tr>\n<td>Trigger Events<\/td>\n<td>Buzzer, Alarm push, Alarm prompt, Email, Alarm Out, Compare the result simultaneously, etc.<\/td>\n<\/tr>\n<tr class=\"ons1\">\n<td colspan=\"2\">Recoding<\/td>\n<\/tr>\n<tr>\n<td>Resolution<\/td>\n<td>12MP, 8MP, 6MP, 5MP, 4MP, 3MP, 1080P, 720P,\u00a0 D1 etc.<\/td>\n<\/tr>\n<tr>\n<td>Recording Mode<\/td>\n<td>Manual, Schedule (Regular, Continuous), Event<\/td>\n<\/tr>\n<tr>\n<td>Trigger Events<\/td>\n<td>Motion Detection, \u00a0 Video Loss, Alarm in, IVS<\/td>\n<\/tr>\n<tr class=\"ons1\">\n<td colspan=\"2\">Playback and Backup<\/td>\n<\/tr>\n<tr>\n<td>Sync Playback<\/td>\n<td>16\/9\/4\/1<\/td>\n<\/tr>\n<tr>\n<td>Search Mode<\/td>\n<td>Time \/Date, Alarm, Picture grid, Event<\/td>\n<\/tr>\n<tr>\n<td>Backup Mode<\/td>\n<td>USB Device, Network, eSATA<\/td>\n<\/tr>\n<tr class=\"ons1\">\n<td colspan=\"2\">Alarm<\/td>\n<\/tr>\n<tr>\n<td>General Alarm<\/td>\n<td>Motion Detection, Video Loss, Alarm in, Alarm out<\/td>\n<\/tr>\n<tr>\n<td>Intelligent Analysis<\/p>\n<p>(By Camera)<\/td>\n<td>Smoking Detection, Smoke and Fire Detection, Fire Spot Detection, Intrusion, Single Line Crossing, Double Line Crossing, Loitering, Wrong-way, Illegal Parking, People Counting, Smart motion detection, Enter Area, Leave Area, etc.<\/td>\n<\/tr>\n<tr>\n<td>Abnormal Alarm<\/td>\n<td>Disk Alarm, IP Address Conflict, Network Disconnect<\/td>\n<\/tr>\n<tr>\n<td>Intelligent Analysis<\/p>\n<p>(By NVR)<\/td>\n<td>4-ch intrusion detection, support the accurate detection of human and vehicle<\/td>\n<\/tr>\n<tr>\n<td>Event Action<\/td>\n<td>Buzzer, Push message to APP, Pop up message to monitor, Full screen, Email, FTP, PTZ, Alarm output, Recording<\/td>\n<\/tr>\n<tr class=\"ons1\">\n<td colspan=\"2\">Network<\/td>\n<\/tr>\n<tr>\n<td>Network Protocol<\/td>\n<td>HTTP, HTTPS, TCP\/IP, IPv4, IPv6, UPnP, UDP, RTSP, SMTP, NTP, DNS, DHCP, FTP, P2P, IP Filter, DDNS, 802.1X, SNMP, 3G\/4G, PPPoE<\/td>\n<\/tr>\n<tr>\n<td>Remote Users<\/td>\n<td>8 users<\/td>\n<\/tr>\n<tr>\n<td>P2P<\/td>\n<td>P2P, Web NAT<\/td>\n<\/tr>\n<tr>\n<td>Interoperability<\/td>\n<td>ONVIF, SDK, CGI<\/td>\n<\/tr>\n<tr class=\"ons1\">\n<td colspan=\"2\">Storage<\/td>\n<\/tr>\n<tr>\n<td>ANR<\/td>\n<td>Unterst\u00fctzung<\/td>\n<\/tr>\n<tr>\n<td>Disk Group<\/td>\n<td>Unterst\u00fctzung<\/td>\n<\/tr>\n<tr>\n<td>RAID<\/td>\n<td>RAID 0, RAID 1, RAID 5, RAID 6, RAID 10<\/td>\n<\/tr>\n<tr class=\"ons1\">\n<td colspan=\"2\">Interface<\/td>\n<\/tr>\n<tr>\n<td>HDD Interface<\/td>\n<td>4 SATA interfaces, up to 16TB capacity for each disk<\/td>\n<\/tr>\n<tr>\n<td>Network Interface<\/td>\n<td>2 \u00d7 RJ-45, 10\/100\/1000 Mbps self-adaptive Ethernet port<\/td>\n<\/tr>\n<tr>\n<td>eSATA<\/td>\n<td>1 eSATA Interface<\/td>\n<\/tr>\n<tr>\n<td>HDMI<\/td>\n<td>2<\/td>\n<\/tr>\n<tr>\n<td>VGA<\/td>\n<td>1<\/td>\n<\/tr>\n<tr>\n<td>Audio In\/Out<\/td>\n<td>1\/1<\/td>\n<\/tr>\n<tr>\n<td>Alarm In\/Out<\/td>\n<td>16\/4<\/td>\n<\/tr>\n<tr>\n<td>USB Interface<\/td>\n<td>Front panel: 2 \u00d7 USB 2.0, Rear panel: 1 \u00d7 USB 3.0<\/td>\n<\/tr>\n<tr>\n<td>RS-485 Interface<\/td>\n<td>1<\/td>\n<\/tr>\n<tr>\n<td>RS-232 Interface<\/td>\n<td>1<\/td>\n<\/tr>\n<tr>\n<td>Reset Button<\/td>\n<td>On-board reset button<\/td>\n<\/tr>\n<tr class=\"ons1\">\n<td colspan=\"2\">General<\/td>\n<\/tr>\n<tr>\n<td>Power Supply<\/td>\n<td>100 to 240VAC<\/td>\n<\/tr>\n<tr>\n<td>Power Consumption<\/td>\n<td>&lt; 15 W (without HDD)<\/td>\n<\/tr>\n<tr>\n<td>Operating Conditions<\/td>\n<td>-10 \u00b0C to 50 \u00b0C (14 \u00b0F to 122 \u00b0F)<\/td>\n<\/tr>\n<tr>\n<td>Storage Conditions<\/td>\n<td>Less than 90% RH<\/td>\n<\/tr>\n<tr>\n<td>Certifications<\/td>\n<td>CE\/FCC<\/td>\n<\/tr>\n<tr>\n<td>Dimensions<\/td>\n<td>440 \u00d7 373 \u00d7 69.9 mm (17.32 \u00d7 14.69 \u00d7 2.75 inch)<\/td>\n<\/tr>\n<tr>\n<td>Net Weight<\/td>\n<td>4.65 kg (10.25 lb) without HDD<\/td>\n<\/tr>\n<\/tbody>\n<\/table>","protected":false},"excerpt":{"rendered":"<p class=\"\" data-start=\"203\" data-end=\"317\">AI-powered 32-channel 4K NVR with support for 4 HDDs, offering powerful recording and intelligent video analytics.<\/p>\n<p class=\"\" data-start=\"783\" data-end=\"802\"><strong data-start=\"783\" data-end=\"800\">Key Features:<\/strong><\/p>\n<ul data-start=\"803\" data-end=\"1150\">\n<li class=\"\" data-start=\"803\" data-end=\"843\">\n<p class=\"\" data-start=\"805\" data-end=\"843\">Supports up to 32 IP camera channels<\/p>\n<\/li>\n<li class=\"\" data-start=\"844\" data-end=\"888\">\n<p class=\"\" data-start=\"846\" data-end=\"888\">4K Ultra HD video recording and playback<\/p>\n<\/li>\n<li class=\"\" data-start=\"889\" data-end=\"972\">\n<p class=\"\" data-start=\"891\" data-end=\"972\">AI features: face detection, perimeter protection, vehicle\/human classification<\/p>\n<\/li>\n<li class=\"\" data-start=\"973\" data-end=\"1036\">\n<p class=\"\" data-start=\"975\" data-end=\"1036\">1.5U rackmount size with space for 4 HDDs (up to 10TB each)<\/p>\n<\/li>\n<li class=\"\" data-start=\"1037\" data-end=\"1060\">\n<p class=\"\" data-start=\"1039\" data-end=\"1060\">HDMI and VGA output<\/p>\n<\/li>\n<li class=\"\" data-start=\"1061\" data-end=\"1117\">\n<p class=\"\" data-start=\"1063\" data-end=\"1117\">ONVIF-compliant for third-party camera compatibility<\/p>\n<\/li>\n<li class=\"\" data-start=\"1118\" data-end=\"1150\">\n<p class=\"\" data-start=\"1120\" data-end=\"1150\">USB backup and alarm I\/O ports<\/p>\n<\/li>\n<\/ul>","protected":false},"featured_media":20451,"comment_status":"open","ping_status":"closed","template":"","meta":[],"product_brand":[],"product_cat":[181,214,213],"product_tag":[],"class_list":{"0":"post-19936","1":"product","2":"type-product","3":"status-publish","4":"has-post-thumbnail","6":"product_cat-cctv-systems","7":"product_cat-pro-series-nvr","8":"product_cat-video-recorders","10":"first","11":"instock","12":"shipping-taxable","13":"product-type-simple"},"yoast_head":"<!-- This site is optimized with the Yoast SEO plugin v25.5 - https:\/\/yoast.com\/wordpress\/plugins\/seo\/ -->\n<title>PRO 32CH 1.5U 4HDD 4K AI NVR - TAC<\/title>\n<meta name=\"robots\" content=\"index, follow, max-snippet:-1, max-image-preview:large, max-video-preview:-1\" \/>\n<link rel=\"canonical\" href=\"https:\/\/tacte.eu\/de\/produkt\/pro-32ch-1-5u-4hdd-4k-ai-nvr-sn-nvr3932e4-ja\/\" \/>\n<meta property=\"og:locale\" content=\"de_DE\" \/>\n<meta property=\"og:type\" content=\"article\" \/>\n<meta property=\"og:title\" content=\"PRO 32CH 1.5U 4HDD 4K AI NVR - TAC\" \/>\n<meta property=\"og:description\" content=\"AI-powered 32-channel 4K NVR with support for 4 HDDs, offering powerful recording and intelligent video analytics. Key Features:     Supports up to 32 IP camera channels    4K Ultra HD video recording and playback    AI features: face detection, perimeter protection, vehicle\/human classification    1.5U rackmount size with space for 4 HDDs (up to 10TB each)    HDMI and VGA output    ONVIF-compliant for third-party camera compatibility    USB backup and alarm I\/O ports\" \/>\n<meta property=\"og:url\" content=\"https:\/\/tacte.eu\/de\/produkt\/pro-32ch-1-5u-4hdd-4k-ai-nvr-sn-nvr3932e4-ja\/\" \/>\n<meta property=\"og:site_name\" content=\"TAC\" \/>\n<meta property=\"article:modified_time\" content=\"2025-06-15T11:54:40+00:00\" \/>\n<meta property=\"og:image\" content=\"https:\/\/tacte.eu\/wp-content\/uploads\/2025\/05\/32CH-1.5U-4HDD-AI-NVR.webp\" \/>\n\t<meta property=\"og:image:width\" content=\"800\" \/>\n\t<meta property=\"og:image:height\" content=\"800\" \/>\n\t<meta property=\"og:image:type\" content=\"image\/webp\" \/>\n<meta name=\"twitter:card\" content=\"summary_large_image\" \/>\n<meta name=\"twitter:label1\" content=\"Gesch\u00e4tzte Lesezeit\" \/>\n\t<meta name=\"twitter:data1\" content=\"3\u00a0Minuten\" \/>\n<script type=\"application\/ld+json\" class=\"yoast-schema-graph\">{\"@context\":\"https:\/\/schema.org\",\"@graph\":[{\"@type\":\"WebPage\",\"@id\":\"https:\/\/tacte.eu\/product\/pro-32ch-1-5u-4hdd-4k-ai-nvr-sn-nvr3932e4-ja\/\",\"url\":\"https:\/\/tacte.eu\/product\/pro-32ch-1-5u-4hdd-4k-ai-nvr-sn-nvr3932e4-ja\/\",\"name\":\"PRO 32CH 1.5U 4HDD 4K AI NVR - TAC\",\"isPartOf\":{\"@id\":\"https:\/\/tacte.eu\/#website\"},\"primaryImageOfPage\":{\"@id\":\"https:\/\/tacte.eu\/product\/pro-32ch-1-5u-4hdd-4k-ai-nvr-sn-nvr3932e4-ja\/#primaryimage\"},\"image\":{\"@id\":\"https:\/\/tacte.eu\/product\/pro-32ch-1-5u-4hdd-4k-ai-nvr-sn-nvr3932e4-ja\/#primaryimage\"},\"thumbnailUrl\":\"https:\/\/tacte.eu\/wp-content\/uploads\/2025\/05\/32CH-1.5U-4HDD-AI-NVR.webp\",\"datePublished\":\"2025-05-05T12:21:12+00:00\",\"dateModified\":\"2025-06-15T11:54:40+00:00\",\"breadcrumb\":{\"@id\":\"https:\/\/tacte.eu\/product\/pro-32ch-1-5u-4hdd-4k-ai-nvr-sn-nvr3932e4-ja\/#breadcrumb\"},\"inLanguage\":\"de\",\"potentialAction\":[{\"@type\":\"ReadAction\",\"target\":[\"https:\/\/tacte.eu\/product\/pro-32ch-1-5u-4hdd-4k-ai-nvr-sn-nvr3932e4-ja\/\"]}]},{\"@type\":\"ImageObject\",\"inLanguage\":\"de\",\"@id\":\"https:\/\/tacte.eu\/product\/pro-32ch-1-5u-4hdd-4k-ai-nvr-sn-nvr3932e4-ja\/#primaryimage\",\"url\":\"https:\/\/tacte.eu\/wp-content\/uploads\/2025\/05\/32CH-1.5U-4HDD-AI-NVR.webp\",\"contentUrl\":\"https:\/\/tacte.eu\/wp-content\/uploads\/2025\/05\/32CH-1.5U-4HDD-AI-NVR.webp\",\"width\":800,\"height\":800},{\"@type\":\"BreadcrumbList\",\"@id\":\"https:\/\/tacte.eu\/product\/pro-32ch-1-5u-4hdd-4k-ai-nvr-sn-nvr3932e4-ja\/#breadcrumb\",\"itemListElement\":[{\"@type\":\"ListItem\",\"position\":1,\"name\":\"Home\",\"item\":\"https:\/\/tacte.eu\/\"},{\"@type\":\"ListItem\",\"position\":2,\"name\":\"Products\",\"item\":\"https:\/\/tacte.eu\/products\/\"},{\"@type\":\"ListItem\",\"position\":3,\"name\":\"PRO 32CH 1.5U 4HDD 4K AI NVR\"}]},{\"@type\":\"WebSite\",\"@id\":\"https:\/\/tacte.eu\/#website\",\"url\":\"https:\/\/tacte.eu\/\",\"name\":\"TAC\",\"description\":\"Advanced Security Solutions \",\"publisher\":{\"@id\":\"https:\/\/tacte.eu\/#organization\"},\"potentialAction\":[{\"@type\":\"SearchAction\",\"target\":{\"@type\":\"EntryPoint\",\"urlTemplate\":\"https:\/\/tacte.eu\/?s={search_term_string}\"},\"query-input\":{\"@type\":\"PropertyValueSpecification\",\"valueRequired\":true,\"valueName\":\"search_term_string\"}}],\"inLanguage\":\"de\"},{\"@type\":\"Organization\",\"@id\":\"https:\/\/tacte.eu\/#organization\",\"name\":\"TAC\",\"url\":\"https:\/\/tacte.eu\/\",\"logo\":{\"@type\":\"ImageObject\",\"inLanguage\":\"de\",\"@id\":\"https:\/\/tacte.eu\/#\/schema\/logo\/image\/\",\"url\":\"https:\/\/tacte.eu\/wp-content\/uploads\/2025\/05\/Tac-logo-154-49.png\",\"contentUrl\":\"https:\/\/tacte.eu\/wp-content\/uploads\/2025\/05\/Tac-logo-154-49.png\",\"width\":154,\"height\":49,\"caption\":\"TAC\"},\"image\":{\"@id\":\"https:\/\/tacte.eu\/#\/schema\/logo\/image\/\"}}]}<\/script>\n<!-- \/ Yoast SEO plugin. -->","yoast_head_json":{"title":"PRO 32CH 1.5U 4HDD 4K AI NVR - TAC","robots":{"index":"index","follow":"follow","max-snippet":"max-snippet:-1","max-image-preview":"max-image-preview:large","max-video-preview":"max-video-preview:-1"},"canonical":"https:\/\/tacte.eu\/de\/produkt\/pro-32ch-1-5u-4hdd-4k-ai-nvr-sn-nvr3932e4-ja\/","og_locale":"de_DE","og_type":"article","og_title":"PRO 32CH 1.5U 4HDD 4K AI NVR - TAC","og_description":"AI-powered 32-channel 4K NVR with support for 4 HDDs, offering powerful recording and intelligent video analytics. Key Features:     Supports up to 32 IP camera channels    4K Ultra HD video recording and playback    AI features: face detection, perimeter protection, vehicle\/human classification    1.5U rackmount size with space for 4 HDDs (up to 10TB each)    HDMI and VGA output    ONVIF-compliant for third-party camera compatibility    USB backup and alarm I\/O ports","og_url":"https:\/\/tacte.eu\/de\/produkt\/pro-32ch-1-5u-4hdd-4k-ai-nvr-sn-nvr3932e4-ja\/","og_site_name":"TAC","article_modified_time":"2025-06-15T11:54:40+00:00","og_image":[{"width":800,"height":800,"url":"https:\/\/tacte.eu\/wp-content\/uploads\/2025\/05\/32CH-1.5U-4HDD-AI-NVR.webp","type":"image\/webp"}],"twitter_card":"summary_large_image","twitter_misc":{"Gesch\u00e4tzte Lesezeit":"3\u00a0Minuten"},"schema":{"@context":"https:\/\/schema.org","@graph":[{"@type":"WebPage","@id":"https:\/\/tacte.eu\/product\/pro-32ch-1-5u-4hdd-4k-ai-nvr-sn-nvr3932e4-ja\/","url":"https:\/\/tacte.eu\/product\/pro-32ch-1-5u-4hdd-4k-ai-nvr-sn-nvr3932e4-ja\/","name":"PRO 32CH 1.5U 4HDD 4K AI NVR - TAC","isPartOf":{"@id":"https:\/\/tacte.eu\/#website"},"primaryImageOfPage":{"@id":"https:\/\/tacte.eu\/product\/pro-32ch-1-5u-4hdd-4k-ai-nvr-sn-nvr3932e4-ja\/#primaryimage"},"image":{"@id":"https:\/\/tacte.eu\/product\/pro-32ch-1-5u-4hdd-4k-ai-nvr-sn-nvr3932e4-ja\/#primaryimage"},"thumbnailUrl":"https:\/\/tacte.eu\/wp-content\/uploads\/2025\/05\/32CH-1.5U-4HDD-AI-NVR.webp","datePublished":"2025-05-05T12:21:12+00:00","dateModified":"2025-06-15T11:54:40+00:00","breadcrumb":{"@id":"https:\/\/tacte.eu\/product\/pro-32ch-1-5u-4hdd-4k-ai-nvr-sn-nvr3932e4-ja\/#breadcrumb"},"inLanguage":"de","potentialAction":[{"@type":"ReadAction","target":["https:\/\/tacte.eu\/product\/pro-32ch-1-5u-4hdd-4k-ai-nvr-sn-nvr3932e4-ja\/"]}]},{"@type":"ImageObject","inLanguage":"de","@id":"https:\/\/tacte.eu\/product\/pro-32ch-1-5u-4hdd-4k-ai-nvr-sn-nvr3932e4-ja\/#primaryimage","url":"https:\/\/tacte.eu\/wp-content\/uploads\/2025\/05\/32CH-1.5U-4HDD-AI-NVR.webp","contentUrl":"https:\/\/tacte.eu\/wp-content\/uploads\/2025\/05\/32CH-1.5U-4HDD-AI-NVR.webp","width":800,"height":800},{"@type":"BreadcrumbList","@id":"https:\/\/tacte.eu\/product\/pro-32ch-1-5u-4hdd-4k-ai-nvr-sn-nvr3932e4-ja\/#breadcrumb","itemListElement":[{"@type":"ListItem","position":1,"name":"Home","item":"https:\/\/tacte.eu\/"},{"@type":"ListItem","position":2,"name":"Products","item":"https:\/\/tacte.eu\/products\/"},{"@type":"ListItem","position":3,"name":"PRO 32CH 1.5U 4HDD 4K AI NVR"}]},{"@type":"WebSite","@id":"https:\/\/tacte.eu\/#website","url":"https:\/\/tacte.eu\/","name":"TAC","description":"Advanced Security Solutions","publisher":{"@id":"https:\/\/tacte.eu\/#organization"},"potentialAction":[{"@type":"SearchAction","target":{"@type":"EntryPoint","urlTemplate":"https:\/\/tacte.eu\/?s={search_term_string}"},"query-input":{"@type":"PropertyValueSpecification","valueRequired":true,"valueName":"search_term_string"}}],"inLanguage":"de"},{"@type":"Organization","@id":"https:\/\/tacte.eu\/#organization","name":"TAC","url":"https:\/\/tacte.eu\/","logo":{"@type":"ImageObject","inLanguage":"de","@id":"https:\/\/tacte.eu\/#\/schema\/logo\/image\/","url":"https:\/\/tacte.eu\/wp-content\/uploads\/2025\/05\/Tac-logo-154-49.png","contentUrl":"https:\/\/tacte.eu\/wp-content\/uploads\/2025\/05\/Tac-logo-154-49.png","width":154,"height":49,"caption":"TAC"},"image":{"@id":"https:\/\/tacte.eu\/#\/schema\/logo\/image\/"}}]}},"_links":{"self":[{"href":"https:\/\/tacte.eu\/de\/wp-json\/wp\/v2\/product\/19936","targetHints":{"allow":["GET"]}}],"collection":[{"href":"https:\/\/tacte.eu\/de\/wp-json\/wp\/v2\/product"}],"about":[{"href":"https:\/\/tacte.eu\/de\/wp-json\/wp\/v2\/types\/product"}],"replies":[{"embeddable":true,"href":"https:\/\/tacte.eu\/de\/wp-json\/wp\/v2\/comments?post=19936"}],"wp:featuredmedia":[{"embeddable":true,"href":"https:\/\/tacte.eu\/de\/wp-json\/wp\/v2\/media\/20451"}],"wp:attachment":[{"href":"https:\/\/tacte.eu\/de\/wp-json\/wp\/v2\/media?parent=19936"}],"wp:term":[{"taxonomy":"product_brand","embeddable":true,"href":"https:\/\/tacte.eu\/de\/wp-json\/wp\/v2\/product_brand?post=19936"},{"taxonomy":"product_cat","embeddable":true,"href":"https:\/\/tacte.eu\/de\/wp-json\/wp\/v2\/product_cat?post=19936"},{"taxonomy":"product_tag","embeddable":true,"href":"https:\/\/tacte.eu\/de\/wp-json\/wp\/v2\/product_tag?post=19936"}],"curies":[{"name":"wp","href":"https:\/\/api.w.org\/{rel}","templated":true}]}}