{"id":19934,"date":"2025-05-05T12:18:57","date_gmt":"2025-05-05T12:18:57","guid":{"rendered":"https:\/\/tacte.eu\/?post_type=product&#038;p=19934"},"modified":"2025-07-02T11:38:22","modified_gmt":"2025-07-02T11:38:22","slug":"8mp-40x-ultra-starlight-ir-network-ptz-camera-tc-ipmptz800p-40v","status":"publish","type":"product","link":"https:\/\/tacte.eu\/de\/produkt\/8mp-40x-ultra-starlight-ir-network-ptz-camera-tc-ipmptz800p-40v\/","title":{"rendered":"8MP 40x Ultra Starlight IR Network PTZ Camera \u2013 TC-IPMPTZ800P-40V"},"content":{"rendered":"<h3 class=\"\" data-start=\"344\" data-end=\"373\"><strong data-start=\"348\" data-end=\"371\">Product Description<\/strong><\/h3>\n<p class=\"\" data-start=\"374\" data-end=\"832\">The TC-IPMPTZ800P-40V is a professional-grade 8MP PTZ (Pan-Tilt-Zoom) network camera, engineered for wide-area and long-distance surveillance. Featuring ultra Starlight low-light technology and a powerful 40x optical zoom lens, this camera captures sharp detail even in extremely low-light environments. With up to 500 meters of IR distance and precise PTZ control, it&#8217;s ideal for perimeter security, industrial zones, and critical infrastructure monitoring.<\/p>\n<table cellspacing=\"0\" cellpadding=\"0\">\n<tbody>\n<tr class=\"firstRow ons1\">\n<td colspan=\"2\">Camera<\/td>\n<\/tr>\n<tr>\n<td>Image Sensor<\/td>\n<td>1\/1.8\u201dProgressive Scan CMOS<\/td>\n<\/tr>\n<tr>\n<td>Max. Resolution<\/td>\n<td>3840(H) \u00d7 2160 (V)<\/td>\n<\/tr>\n<tr>\n<td>Electronic Shutter<\/td>\n<td>Auto\/Manual, 1\/5 to 1\/20,000s<\/td>\n<\/tr>\n<tr>\n<td>Min. illumination<\/td>\n<td>Color: 0.005 Lux @ (F1.6, AGC ON), B\/W: 0.001 Lux @ (F1.6, AGC ON), 0 Lux with IR on<\/td>\n<\/tr>\n<tr>\n<td>Day &amp; Night<\/td>\n<td>Auto (ICR)<\/td>\n<\/tr>\n<tr>\n<td>Wide Dynamic Range<\/td>\n<td>True WDR<\/td>\n<\/tr>\n<tr>\n<td>Wiper<\/td>\n<td>Unterst\u00fctzung<\/td>\n<\/tr>\n<tr class=\"ons1\">\n<td colspan=\"2\">Lens<\/td>\n<\/tr>\n<tr>\n<td>Focal Length<\/td>\n<td>6.8 to 272 mm<\/td>\n<\/tr>\n<tr>\n<td>Max. Aperture<\/td>\n<td>F1.63 to F4.94<\/td>\n<\/tr>\n<tr>\n<td>Angle of View<\/td>\n<td>H: 62.0\u00b0 to 2.4\u00b0, V: 36.6\u00b0 to 1.3\u00b0<\/td>\n<\/tr>\n<tr>\n<td>Optical Zoom<\/td>\n<td>40x<\/td>\n<\/tr>\n<tr>\n<td>Digital Zoom<\/td>\n<td>16x<\/td>\n<\/tr>\n<tr>\n<td>Iris Control<\/td>\n<td>Auto\/Manual<\/td>\n<\/tr>\n<tr>\n<td>Focus Control<\/td>\n<td>Auto\/Manual\/Semi-automatic<\/td>\n<\/tr>\n<tr class=\"ons1\">\n<td colspan=\"2\">DORI<\/td>\n<\/tr>\n<tr>\n<td>Detection<\/td>\n<td>140 to 5,600 m (459.32 to 18,372.7 ft)<\/td>\n<\/tr>\n<tr>\n<td>Observe<\/td>\n<td>56 to 2,240 m (183.73 to 7,349.08 ft)<\/td>\n<\/tr>\n<tr>\n<td>Recognize<\/td>\n<td>28 to 1,120 m (91.86 to 3,674.54 ft)<\/td>\n<\/tr>\n<tr>\n<td>Identify<\/td>\n<td>14 to 560 m (45.93 to 1,837.27 ft)<\/td>\n<\/tr>\n<tr class=\"ons1\">\n<td colspan=\"2\">Illuminator<\/td>\n<\/tr>\n<tr>\n<td>Illuminator Type<\/td>\n<td>IR<\/td>\n<\/tr>\n<tr>\n<td>Illumination Distance<\/td>\n<td>IR distance up to 500 m (1,640.4 ft)<\/td>\n<\/tr>\n<tr>\n<td>Illuminator On\/Off Control<\/td>\n<td>Auto\/Manual<\/td>\n<\/tr>\n<tr class=\"ons1\">\n<td colspan=\"2\">Intelligent Analytics<\/td>\n<\/tr>\n<tr>\n<td>Multi-Object Detection<\/td>\n<td>Support face, human, vehicle detection and capture<\/td>\n<\/tr>\n<tr>\n<td>Smoke and Flame Detection<\/td>\n<td>Unterst\u00fctzung<\/td>\n<\/tr>\n<tr>\n<td>Intelligent Analysis<\/td>\n<td>Intrusion, Single line crossing, Double line crossing, Loitering, Wrong-way detection, Illegal parking, and Smart motion detection<\/p>\n<p>(support the accurate detection of vehicle and human)<\/td>\n<\/tr>\n<tr>\n<td>People Counting<\/td>\n<td>Unterst\u00fctzung<\/td>\n<\/tr>\n<tr>\n<td>Smart Tracking<\/td>\n<td>Unterst\u00fctzung<\/td>\n<\/tr>\n<tr class=\"ons1\">\n<td colspan=\"2\">PTZ<\/td>\n<\/tr>\n<tr>\n<td>Pan\/Tilt Range<\/td>\n<td>Pan: 0\u00b0 to 360\u00b0 endless, Tilt: -10\u00b0 to +90\u00b0 (auto-flip)<\/td>\n<\/tr>\n<tr>\n<td>Pan Speed<\/td>\n<td>Pan speed: 0.1\u00b0 to 300\u00b0\/s, preset speed: 300\u00b0\/s<\/td>\n<\/tr>\n<tr>\n<td>Tilt Speed<\/td>\n<td>Tilt speed: 0.1\u00b0 to 300\u00b0\/s, preset speed: 300\u00b0\/s<\/td>\n<\/tr>\n<tr>\n<td>Presets<\/td>\n<td>400<\/td>\n<\/tr>\n<tr>\n<td>Patrol Scan<\/td>\n<td>6 Track, 12 Scan, 12 Patrol (up to 32 presets each patrol)<\/td>\n<\/tr>\n<tr>\n<td>Power-Off Memory<\/td>\n<td>Unterst\u00fctzung<\/td>\n<\/tr>\n<tr>\n<td>3D Positioning<\/td>\n<td>Unterst\u00fctzung<\/td>\n<\/tr>\n<tr>\n<td>PTZ Status Display<\/td>\n<td>Unterst\u00fctzung<\/td>\n<\/tr>\n<tr>\n<td>Idle Motion<\/td>\n<td>The time can be set (1-240 minutes), and functions such as preset positions, patrols, scans, and tracks can be run.<\/td>\n<\/tr>\n<tr class=\"ons1\">\n<td colspan=\"2\">Video and Audio<\/td>\n<\/tr>\n<tr>\n<td>Streaming Capability<\/td>\n<td>3 Streams<\/td>\n<\/tr>\n<tr>\n<td>Stream\/Frame Rate<\/td>\n<td>Stream1: 3840\u00d72160, 2592\u00d71520, 2304\u00d71296, 1920\u00d71080, 1280\u00d7720 @25\/30fps<\/p>\n<p>Stream2: D1, VGA, CIF @25\/30fps<\/p>\n<p>Stream3: VGA, CIF, QVGA @25\/30fps<\/td>\n<\/tr>\n<tr>\n<td>Bit Rate Control<\/td>\n<td>CBR\/VBR<\/td>\n<\/tr>\n<tr>\n<td>Bit Rate<\/td>\n<td>Stream1: 200 kbps to 16 Mbps<\/p>\n<p>Stream2: 100 kbps to 6 Mbps<\/p>\n<p>Stream3: 100 kbps to 3 Mbps<\/td>\n<\/tr>\n<tr>\n<td>Smart Encoder<\/td>\n<td>Unterst\u00fctzung<\/td>\n<\/tr>\n<tr>\n<td>Region of Interest (ROI)<\/td>\n<td>Unterst\u00fctzung<\/td>\n<\/tr>\n<tr>\n<td>Audio Compression<\/td>\n<td>G.711 A-law, G.711 \u03bc-law, RAW_PCM<\/td>\n<\/tr>\n<tr>\n<td>Audio Bit Rate<\/td>\n<td>64 kbps (G.711), 128 kbps (RAW_PCM)<\/td>\n<\/tr>\n<tr class=\"ons1\">\n<td colspan=\"2\">Image<\/td>\n<\/tr>\n<tr>\n<td>Image Adjustment<\/td>\n<td>Brightness, Sharpness, Contrast, Saturation adjustable<\/td>\n<\/tr>\n<tr>\n<td>Mirror<\/td>\n<td>Unterst\u00fctzung<\/td>\n<\/tr>\n<tr>\n<td>Exposure Mode<\/td>\n<td>Auto\/Manual<\/td>\n<\/tr>\n<tr>\n<td>White Balance<\/td>\n<td>Auto\/Manual<\/td>\n<\/tr>\n<tr>\n<td>Day\/Night Setting<\/td>\n<td>Auto, Day, Night, Time<\/td>\n<\/tr>\n<tr>\n<td>Noise Reduction<\/td>\n<td>2D\/3D DNR<\/td>\n<\/tr>\n<tr>\n<td>Image Enhancement<\/td>\n<td>HLC, BLC, Defog, WDR, Anti-shake<\/td>\n<\/tr>\n<tr>\n<td>Privacy Masking<\/td>\n<td>Support 40 zones, mask color configurable<\/td>\n<\/tr>\n<tr class=\"ons1\">\n<td colspan=\"2\">Event<\/td>\n<\/tr>\n<tr>\n<td>Alarm Triggers<\/td>\n<td>IVS, Motion detection, Alarm input, Network alarm, Disk alarm, Abnormal sound detection<\/td>\n<\/tr>\n<tr>\n<td>Alarm Events<\/td>\n<td>Alarm record, Alarm output, FTP upload, SMTP upload, Audible alarm output<\/td>\n<\/tr>\n<tr class=\"ons1\">\n<td colspan=\"2\">Network<\/td>\n<\/tr>\n<tr>\n<td>Protocols<\/td>\n<td>IPv4\/IPv6, HTTP\/HTTPS, DNS, DDNS, DHCP, PPPoE, RTSP\/ RTCP\/RTP, TCP\/UDP, NTP, ARP, UPnP, FTP, SMTP, QoS, ICMP, IGMP, SMTP, 802.1x, SNMP, Multicast<\/td>\n<\/tr>\n<tr>\n<td>Interoperability<\/td>\n<td>ONVIF (Profile S\/T\/G\/M), SDK, CGI<\/td>\n<\/tr>\n<tr>\n<td>User\/Host Level<\/td>\n<td>Up to 10 users, 3 levels: Administrator, Operator, Media user<\/td>\n<\/tr>\n<tr>\n<td>Security<\/td>\n<td>IP address filter, encrypted HTTPS, Illegal login lock, IEEE 802.1x<\/td>\n<\/tr>\n<tr>\n<td>Web Viewer<\/td>\n<td>&lt;IE11, Chrome, Firefox, Microsoft Edge<\/td>\n<\/tr>\n<tr class=\"ons1\">\n<td colspan=\"2\">Interface<\/td>\n<\/tr>\n<tr>\n<td>Network Interface<\/td>\n<td>1 Ethernet (10\/100 Base-T) RJ-45 Connector<\/td>\n<\/tr>\n<tr>\n<td>Audio Interface<\/td>\n<td>1ch Input, 1ch Output<\/td>\n<\/tr>\n<tr>\n<td>Alarm Interface<\/td>\n<td>7ch Input, 2ch Output<\/td>\n<\/tr>\n<tr>\n<td>RS-485<\/td>\n<td>Unterst\u00fctzung<\/td>\n<\/tr>\n<tr>\n<td>BNC Interface<\/td>\n<td>1 BNC (CVBS output)<\/td>\n<\/tr>\n<tr>\n<td>SD Card Slot<\/td>\n<td>Built-in, up to 1 TB<\/td>\n<\/tr>\n<tr class=\"ons1\">\n<td colspan=\"2\">General<\/td>\n<\/tr>\n<tr>\n<td>Language<\/td>\n<td>English, Chinese, Polish, Italian, \u00a0 Portuguese, Spanish, Russian, French, Czech, Hungarian. Default: English<\/td>\n<\/tr>\n<tr>\n<td>Power Supply<\/td>\n<td>24VAC\/36VDC\/PoE++ (802.3bt), Standard Equipped: 36VDC<\/td>\n<\/tr>\n<tr>\n<td>Power Consumption<\/td>\n<td>Less than 48 W<\/td>\n<\/tr>\n<tr>\n<td>Operating Temperature<\/td>\n<td>-40\u00b0C to 60\u00b0C (-40\u00b0F to 140 \u00b0F)<\/td>\n<\/tr>\n<tr>\n<td>Operating Humidity<\/td>\n<td>Less than 90% RH<\/td>\n<\/tr>\n<tr>\n<td>Ingress Protection<\/td>\n<td>IP66<\/td>\n<\/tr>\n<tr>\n<td>Certifications<\/td>\n<td>CE-EMC (EN 55032:2015+A1:2020, EN IEC 61000-6-3:2021, EN IEC 61000-3-2:2019+A12021, EN 61000-3-3:2013+A2:2021, EN 55035:2017+A11:2020, EN 50130-4:2011+A1:2014)<\/p>\n<p>CE-LVD (EN 62368-1:2014+A11:2017)<\/p>\n<p>FCC (FCC 47 CFR 15, Subpart B, ANSI C63.4-2014)<\/td>\n<\/tr>\n<tr>\n<td>Material<\/td>\n<td>Metal<\/td>\n<\/tr>\n<tr>\n<td>Dimensions<\/td>\n<td>\u03c6226.1 \u00d7 362.8 mm (\u03c68.9 \u00d7 14.28 inch)<\/td>\n<\/tr>\n<tr>\n<td>Net Weight<\/td>\n<td>5.5 kg (12.13 lb)<\/td>\n<\/tr>\n<\/tbody>\n<\/table>","protected":false},"excerpt":{"rendered":"<p class=\"\" data-start=\"211\" data-end=\"342\">High-performance 8MP PTZ camera with 40x optical zoom, Starlight night vision, and ultra-long-range IR for large-area surveillance.<\/p>\n<p class=\"\" data-start=\"834\" data-end=\"853\"><strong data-start=\"834\" data-end=\"851\">Key Features:<\/strong><\/p>\n<ul>\n<li>1\/1.8\u201d STARVIS\u2122 CMOS<\/li>\n<li>Max. 25\/30 fps@3840 \u00d7 2160<\/li>\n<li>40x optical zoom and 16x digital zoom<\/li>\n<li>Supports detection and capture of faces, humans, and vehicles, along with smoke and flame detection.<\/li>\n<li>Supports intelligent analysis for intrusion, single \/ double line crossing, loitering, wrong-way detection, illegal parking, smart motion detection, and people counting<\/li>\n<li>Auto tracking and perimeter protection based on deep learning<\/li>\n<li>True WDR, 3D DNR, ICR, Defog and EIS<\/li>\n<li>Smart IR distance up to 500 m<\/li>\n<li>IP66<a class=\"mores ons1 fz14 active to-forms\" style=\"background-color: #f8f8f8; letter-spacing: 0.1px;\" href=\"https:\/\/www.sunellsecurity.com\/products\/sn-ips8681wdr-z40-8mp-starlight-ir-network-ptz-camera\/#to-form\">\u00a0<\/a><\/li>\n<\/ul>","protected":false},"featured_media":20524,"comment_status":"open","ping_status":"closed","template":"","meta":[],"product_brand":[],"product_cat":[181,182,203],"product_tag":[],"class_list":{"0":"post-19934","1":"product","2":"type-product","3":"status-publish","4":"has-post-thumbnail","6":"product_cat-cctv-systems","7":"product_cat-network-cameras","8":"product_cat-ptz-pan-tilt-zoom-cameras","10":"first","11":"instock","12":"shipping-taxable","13":"product-type-simple"},"yoast_head":"<!-- This site is optimized with the Yoast SEO plugin v25.5 - https:\/\/yoast.com\/wordpress\/plugins\/seo\/ -->\n<title>8MP 40x Ultra Starlight IR Network PTZ Camera \u2013 TC-IPMPTZ800P-40V - TAC<\/title>\n<meta name=\"robots\" content=\"index, follow, max-snippet:-1, max-image-preview:large, max-video-preview:-1\" \/>\n<link rel=\"canonical\" href=\"https:\/\/tacte.eu\/de\/produkt\/8mp-40x-ultra-starlight-ir-network-ptz-camera-tc-ipmptz800p-40v\/\" \/>\n<meta property=\"og:locale\" content=\"de_DE\" \/>\n<meta property=\"og:type\" content=\"article\" \/>\n<meta property=\"og:title\" content=\"8MP 40x Ultra Starlight IR Network PTZ Camera \u2013 TC-IPMPTZ800P-40V - TAC\" \/>\n<meta property=\"og:description\" content=\"High-performance 8MP PTZ camera with 40x optical zoom, Starlight night vision, and ultra-long-range IR for large-area surveillance. Key Features:    1\/1.8\u201d STARVIS\u2122 CMOS  Max. 25\/30 fps@3840 \u00d7 2160  40x optical zoom and 16x digital zoom  Supports detection and capture of faces, humans, and vehicles, along with smoke and flame detection.  Supports intelligent analysis for intrusion, single \/ double line crossing, loitering, wrong-way detection, illegal parking, smart motion detection, and people counting  Auto tracking and perimeter protection based on deep learning  True WDR, 3D DNR, ICR, Defog and EIS  Smart IR distance up to 500 m  IP66\u00a0\" \/>\n<meta property=\"og:url\" content=\"https:\/\/tacte.eu\/de\/produkt\/8mp-40x-ultra-starlight-ir-network-ptz-camera-tc-ipmptz800p-40v\/\" \/>\n<meta property=\"og:site_name\" content=\"TAC\" \/>\n<meta property=\"article:modified_time\" content=\"2025-07-02T11:38:22+00:00\" \/>\n<meta property=\"og:image\" content=\"https:\/\/tacte.eu\/wp-content\/uploads\/2025\/05\/5MP-40x-Ultra-Starlight-IR-Network-PTZ-Camera-scaled.png\" \/>\n\t<meta property=\"og:image:width\" content=\"2560\" \/>\n\t<meta property=\"og:image:height\" content=\"2560\" \/>\n\t<meta property=\"og:image:type\" content=\"image\/png\" \/>\n<meta name=\"twitter:card\" content=\"summary_large_image\" \/>\n<meta name=\"twitter:label1\" content=\"Gesch\u00e4tzte Lesezeit\" \/>\n\t<meta name=\"twitter:data1\" content=\"4\u00a0Minuten\" \/>\n<script type=\"application\/ld+json\" class=\"yoast-schema-graph\">{\"@context\":\"https:\/\/schema.org\",\"@graph\":[{\"@type\":\"WebPage\",\"@id\":\"https:\/\/tacte.eu\/product\/8mp-40x-ultra-starlight-ir-network-ptz-camera-tc-ipmptz800p-40v\/\",\"url\":\"https:\/\/tacte.eu\/product\/8mp-40x-ultra-starlight-ir-network-ptz-camera-tc-ipmptz800p-40v\/\",\"name\":\"8MP 40x Ultra Starlight IR Network PTZ Camera \u2013 TC-IPMPTZ800P-40V - TAC\",\"isPartOf\":{\"@id\":\"https:\/\/tacte.eu\/#website\"},\"primaryImageOfPage\":{\"@id\":\"https:\/\/tacte.eu\/product\/8mp-40x-ultra-starlight-ir-network-ptz-camera-tc-ipmptz800p-40v\/#primaryimage\"},\"image\":{\"@id\":\"https:\/\/tacte.eu\/product\/8mp-40x-ultra-starlight-ir-network-ptz-camera-tc-ipmptz800p-40v\/#primaryimage\"},\"thumbnailUrl\":\"https:\/\/tacte.eu\/wp-content\/uploads\/2025\/05\/5MP-40x-Ultra-Starlight-IR-Network-PTZ-Camera-scaled.png\",\"datePublished\":\"2025-05-05T12:18:57+00:00\",\"dateModified\":\"2025-07-02T11:38:22+00:00\",\"breadcrumb\":{\"@id\":\"https:\/\/tacte.eu\/product\/8mp-40x-ultra-starlight-ir-network-ptz-camera-tc-ipmptz800p-40v\/#breadcrumb\"},\"inLanguage\":\"de\",\"potentialAction\":[{\"@type\":\"ReadAction\",\"target\":[\"https:\/\/tacte.eu\/product\/8mp-40x-ultra-starlight-ir-network-ptz-camera-tc-ipmptz800p-40v\/\"]}]},{\"@type\":\"ImageObject\",\"inLanguage\":\"de\",\"@id\":\"https:\/\/tacte.eu\/product\/8mp-40x-ultra-starlight-ir-network-ptz-camera-tc-ipmptz800p-40v\/#primaryimage\",\"url\":\"https:\/\/tacte.eu\/wp-content\/uploads\/2025\/05\/5MP-40x-Ultra-Starlight-IR-Network-PTZ-Camera-scaled.png\",\"contentUrl\":\"https:\/\/tacte.eu\/wp-content\/uploads\/2025\/05\/5MP-40x-Ultra-Starlight-IR-Network-PTZ-Camera-scaled.png\",\"width\":2560,\"height\":2560},{\"@type\":\"BreadcrumbList\",\"@id\":\"https:\/\/tacte.eu\/product\/8mp-40x-ultra-starlight-ir-network-ptz-camera-tc-ipmptz800p-40v\/#breadcrumb\",\"itemListElement\":[{\"@type\":\"ListItem\",\"position\":1,\"name\":\"Home\",\"item\":\"https:\/\/tacte.eu\/\"},{\"@type\":\"ListItem\",\"position\":2,\"name\":\"Products\",\"item\":\"https:\/\/tacte.eu\/products\/\"},{\"@type\":\"ListItem\",\"position\":3,\"name\":\"8MP 40x Ultra Starlight IR Network PTZ Camera \u2013 TC-IPMPTZ800P-40V\"}]},{\"@type\":\"WebSite\",\"@id\":\"https:\/\/tacte.eu\/#website\",\"url\":\"https:\/\/tacte.eu\/\",\"name\":\"TAC\",\"description\":\"Advanced Security Solutions \",\"publisher\":{\"@id\":\"https:\/\/tacte.eu\/#organization\"},\"potentialAction\":[{\"@type\":\"SearchAction\",\"target\":{\"@type\":\"EntryPoint\",\"urlTemplate\":\"https:\/\/tacte.eu\/?s={search_term_string}\"},\"query-input\":{\"@type\":\"PropertyValueSpecification\",\"valueRequired\":true,\"valueName\":\"search_term_string\"}}],\"inLanguage\":\"de\"},{\"@type\":\"Organization\",\"@id\":\"https:\/\/tacte.eu\/#organization\",\"name\":\"TAC\",\"url\":\"https:\/\/tacte.eu\/\",\"logo\":{\"@type\":\"ImageObject\",\"inLanguage\":\"de\",\"@id\":\"https:\/\/tacte.eu\/#\/schema\/logo\/image\/\",\"url\":\"https:\/\/tacte.eu\/wp-content\/uploads\/2025\/05\/Tac-logo-154-49.png\",\"contentUrl\":\"https:\/\/tacte.eu\/wp-content\/uploads\/2025\/05\/Tac-logo-154-49.png\",\"width\":154,\"height\":49,\"caption\":\"TAC\"},\"image\":{\"@id\":\"https:\/\/tacte.eu\/#\/schema\/logo\/image\/\"}}]}<\/script>\n<!-- \/ Yoast SEO plugin. -->","yoast_head_json":{"title":"8MP 40x Ultra Starlight IR Network PTZ Camera \u2013 TC-IPMPTZ800P-40V - TAC","robots":{"index":"index","follow":"follow","max-snippet":"max-snippet:-1","max-image-preview":"max-image-preview:large","max-video-preview":"max-video-preview:-1"},"canonical":"https:\/\/tacte.eu\/de\/produkt\/8mp-40x-ultra-starlight-ir-network-ptz-camera-tc-ipmptz800p-40v\/","og_locale":"de_DE","og_type":"article","og_title":"8MP 40x Ultra Starlight IR Network PTZ Camera \u2013 TC-IPMPTZ800P-40V - TAC","og_description":"High-performance 8MP PTZ camera with 40x optical zoom, Starlight night vision, and ultra-long-range IR for large-area surveillance. Key Features:    1\/1.8\u201d STARVIS\u2122 CMOS  Max. 25\/30 fps@3840 \u00d7 2160  40x optical zoom and 16x digital zoom  Supports detection and capture of faces, humans, and vehicles, along with smoke and flame detection.  Supports intelligent analysis for intrusion, single \/ double line crossing, loitering, wrong-way detection, illegal parking, smart motion detection, and people counting  Auto tracking and perimeter protection based on deep learning  True WDR, 3D DNR, ICR, Defog and EIS  Smart IR distance up to 500 m  IP66\u00a0","og_url":"https:\/\/tacte.eu\/de\/produkt\/8mp-40x-ultra-starlight-ir-network-ptz-camera-tc-ipmptz800p-40v\/","og_site_name":"TAC","article_modified_time":"2025-07-02T11:38:22+00:00","og_image":[{"width":2560,"height":2560,"url":"https:\/\/tacte.eu\/wp-content\/uploads\/2025\/05\/5MP-40x-Ultra-Starlight-IR-Network-PTZ-Camera-scaled.png","type":"image\/png"}],"twitter_card":"summary_large_image","twitter_misc":{"Gesch\u00e4tzte Lesezeit":"4\u00a0Minuten"},"schema":{"@context":"https:\/\/schema.org","@graph":[{"@type":"WebPage","@id":"https:\/\/tacte.eu\/product\/8mp-40x-ultra-starlight-ir-network-ptz-camera-tc-ipmptz800p-40v\/","url":"https:\/\/tacte.eu\/product\/8mp-40x-ultra-starlight-ir-network-ptz-camera-tc-ipmptz800p-40v\/","name":"8MP 40x Ultra Starlight IR Network PTZ Camera \u2013 TC-IPMPTZ800P-40V - TAC","isPartOf":{"@id":"https:\/\/tacte.eu\/#website"},"primaryImageOfPage":{"@id":"https:\/\/tacte.eu\/product\/8mp-40x-ultra-starlight-ir-network-ptz-camera-tc-ipmptz800p-40v\/#primaryimage"},"image":{"@id":"https:\/\/tacte.eu\/product\/8mp-40x-ultra-starlight-ir-network-ptz-camera-tc-ipmptz800p-40v\/#primaryimage"},"thumbnailUrl":"https:\/\/tacte.eu\/wp-content\/uploads\/2025\/05\/5MP-40x-Ultra-Starlight-IR-Network-PTZ-Camera-scaled.png","datePublished":"2025-05-05T12:18:57+00:00","dateModified":"2025-07-02T11:38:22+00:00","breadcrumb":{"@id":"https:\/\/tacte.eu\/product\/8mp-40x-ultra-starlight-ir-network-ptz-camera-tc-ipmptz800p-40v\/#breadcrumb"},"inLanguage":"de","potentialAction":[{"@type":"ReadAction","target":["https:\/\/tacte.eu\/product\/8mp-40x-ultra-starlight-ir-network-ptz-camera-tc-ipmptz800p-40v\/"]}]},{"@type":"ImageObject","inLanguage":"de","@id":"https:\/\/tacte.eu\/product\/8mp-40x-ultra-starlight-ir-network-ptz-camera-tc-ipmptz800p-40v\/#primaryimage","url":"https:\/\/tacte.eu\/wp-content\/uploads\/2025\/05\/5MP-40x-Ultra-Starlight-IR-Network-PTZ-Camera-scaled.png","contentUrl":"https:\/\/tacte.eu\/wp-content\/uploads\/2025\/05\/5MP-40x-Ultra-Starlight-IR-Network-PTZ-Camera-scaled.png","width":2560,"height":2560},{"@type":"BreadcrumbList","@id":"https:\/\/tacte.eu\/product\/8mp-40x-ultra-starlight-ir-network-ptz-camera-tc-ipmptz800p-40v\/#breadcrumb","itemListElement":[{"@type":"ListItem","position":1,"name":"Home","item":"https:\/\/tacte.eu\/"},{"@type":"ListItem","position":2,"name":"Products","item":"https:\/\/tacte.eu\/products\/"},{"@type":"ListItem","position":3,"name":"8MP 40x Ultra Starlight IR Network PTZ Camera \u2013 TC-IPMPTZ800P-40V"}]},{"@type":"WebSite","@id":"https:\/\/tacte.eu\/#website","url":"https:\/\/tacte.eu\/","name":"TAC","description":"Advanced Security Solutions","publisher":{"@id":"https:\/\/tacte.eu\/#organization"},"potentialAction":[{"@type":"SearchAction","target":{"@type":"EntryPoint","urlTemplate":"https:\/\/tacte.eu\/?s={search_term_string}"},"query-input":{"@type":"PropertyValueSpecification","valueRequired":true,"valueName":"search_term_string"}}],"inLanguage":"de"},{"@type":"Organization","@id":"https:\/\/tacte.eu\/#organization","name":"TAC","url":"https:\/\/tacte.eu\/","logo":{"@type":"ImageObject","inLanguage":"de","@id":"https:\/\/tacte.eu\/#\/schema\/logo\/image\/","url":"https:\/\/tacte.eu\/wp-content\/uploads\/2025\/05\/Tac-logo-154-49.png","contentUrl":"https:\/\/tacte.eu\/wp-content\/uploads\/2025\/05\/Tac-logo-154-49.png","width":154,"height":49,"caption":"TAC"},"image":{"@id":"https:\/\/tacte.eu\/#\/schema\/logo\/image\/"}}]}},"_links":{"self":[{"href":"https:\/\/tacte.eu\/de\/wp-json\/wp\/v2\/product\/19934","targetHints":{"allow":["GET"]}}],"collection":[{"href":"https:\/\/tacte.eu\/de\/wp-json\/wp\/v2\/product"}],"about":[{"href":"https:\/\/tacte.eu\/de\/wp-json\/wp\/v2\/types\/product"}],"replies":[{"embeddable":true,"href":"https:\/\/tacte.eu\/de\/wp-json\/wp\/v2\/comments?post=19934"}],"wp:featuredmedia":[{"embeddable":true,"href":"https:\/\/tacte.eu\/de\/wp-json\/wp\/v2\/media\/20524"}],"wp:attachment":[{"href":"https:\/\/tacte.eu\/de\/wp-json\/wp\/v2\/media?parent=19934"}],"wp:term":[{"taxonomy":"product_brand","embeddable":true,"href":"https:\/\/tacte.eu\/de\/wp-json\/wp\/v2\/product_brand?post=19934"},{"taxonomy":"product_cat","embeddable":true,"href":"https:\/\/tacte.eu\/de\/wp-json\/wp\/v2\/product_cat?post=19934"},{"taxonomy":"product_tag","embeddable":true,"href":"https:\/\/tacte.eu\/de\/wp-json\/wp\/v2\/product_tag?post=19934"}],"curies":[{"name":"wp","href":"https:\/\/api.w.org\/{rel}","templated":true}]}}