{"id":19932,"date":"2025-05-05T12:17:25","date_gmt":"2025-05-05T12:17:25","guid":{"rendered":"https:\/\/tacte.eu\/?post_type=product&#038;p=19932"},"modified":"2025-07-02T11:42:40","modified_gmt":"2025-07-02T11:42:40","slug":"8mp-ir-fixed-lens-turret-network-camera-tc-ipmt800p-fv","status":"publish","type":"product","link":"https:\/\/tacte.eu\/de\/produkt\/8mp-ir-fixed-lens-turret-network-camera-tc-ipmt800p-fv\/","title":{"rendered":"8MP IR Fixed Lens Turret Network Camera \u2013 TC-IPMT800P-FV"},"content":{"rendered":"<h3 class=\"\" data-start=\"300\" data-end=\"329\"><strong data-start=\"304\" data-end=\"327\">Product Description<\/strong><\/h3>\n<p class=\"\" data-start=\"330\" data-end=\"881\">The TC-IPMT800P-FV is an 8MP IR fixed lens turret network camera designed to provide exceptional surveillance with high-definition clarity. This camera features a fixed wide-angle lens, delivering sharp and detailed footage across large areas. With infrared LEDs providing up to 50 meters of night vision, it ensures continuous monitoring even in low-light conditions. Its IP67-rated housing makes it highly durable and suitable for outdoor installation, while the camera\u2019s advanced features include smart motion detection and excellent image quality.<\/p>\n<div class=\"over-tabs\">\n<table cellspacing=\"0\" cellpadding=\"0\">\n<tbody>\n<tr class=\"firstRow ons1\">\n<td colspan=\"2\">Camera<\/td>\n<\/tr>\n<tr>\n<td>Image Sensor<\/td>\n<td>1\/2.8\u201dProgressive Scan CMOS<\/td>\n<\/tr>\n<tr>\n<td>Max. Resolution<\/td>\n<td>8MP (3840 \u00d7 2160)<\/td>\n<\/tr>\n<tr>\n<td>Electronic \u00a0 Shutter<\/td>\n<td>Auto\/Manual, 1\/5 to 1\/20,000 s<\/td>\n<\/tr>\n<tr>\n<td>Min. illumination<\/td>\n<td>Color: 0.01 Lux @ (F1.6, AGC ON), B\/W: 0 Lux with IR<\/td>\n<\/tr>\n<tr>\n<td>Day &amp; Night<\/td>\n<td>IR cut filter<\/td>\n<\/tr>\n<tr>\n<td>Wide Dynamic Range<\/td>\n<td>True WDR<\/td>\n<\/tr>\n<tr>\n<td>Angle Adjustment<\/td>\n<td>Pan: 0\u02da to 355\u02da, Tilt: 0\u02da to 80\u02da, Rotation: 0 to 360\u02da<\/td>\n<\/tr>\n<tr class=\"ons1\">\n<td colspan=\"2\">Lens<\/td>\n<\/tr>\n<tr>\n<td>Lens Type<\/td>\n<td>Fixed lens, Fixed focal<\/td>\n<\/tr>\n<tr>\n<td>Iris<\/td>\n<td>Fixed Iris<\/td>\n<\/tr>\n<tr>\n<td>Focal Length<\/td>\n<td>2.8 mm, 4 mm optional<\/td>\n<\/tr>\n<tr>\n<td>Max. Aperture<\/td>\n<td>F2.0 \/ F1.6<\/td>\n<\/tr>\n<tr>\n<td>Field of View (FOV)<\/td>\n<td>2.8 mm:<\/p>\n<p>&#8211; H: 97.4\u00b0, V: 52.5\u00b0<\/p>\n<p>4 mm:<\/p>\n<p>&#8211; H: 88\u00b0, V: 44.8\u00b0<\/td>\n<\/tr>\n<\/tbody>\n<\/table>\n<\/div>\n<div class=\"over-tabs\">\n<table cellspacing=\"0\" cellpadding=\"0\">\n<tbody>\n<tr class=\"firstRow\">\n<td colspan=\"5\">DORI Distance<\/td>\n<\/tr>\n<tr>\n<td>Lens<\/td>\n<td>Detect<\/td>\n<td>Observe<\/td>\n<td>Recognize<\/td>\n<td>Identify<\/td>\n<\/tr>\n<tr>\n<td>2.8 mm<\/td>\n<td>88 m (288.7 ft)<\/td>\n<td>35.2 m (115.5 ft)<\/td>\n<td>17.6 m (57.7 ft)<\/td>\n<td>8.8 m (28.9 ft)<\/td>\n<\/tr>\n<tr>\n<td>4 mm<\/td>\n<td>112 m (367.5 ft)<\/td>\n<td>44.8 m (147 ft)<\/td>\n<td>22.4 m (73.5 ft)<\/td>\n<td>11.2 m (36.7 ft)<\/td>\n<\/tr>\n<tr>\n<td colspan=\"5\">DORI (Detect, Observe, Recognize, and Identify) is a standard system (EN-62676-4) for defining the ability of a person viewing the video to distinguish persons or objects within a covered area. The numbers in this table do not reflect intelligent function distances.<\/td>\n<\/tr>\n<\/tbody>\n<\/table>\n<\/div>\n<div class=\"over-tabs\">\n<table cellspacing=\"0\" cellpadding=\"0\">\n<tbody>\n<tr class=\"firstRow ons1\">\n<td colspan=\"2\">Illuminator<\/td>\n<\/tr>\n<tr>\n<td>Illuminator Type<\/td>\n<td>IR<\/td>\n<\/tr>\n<tr>\n<td>Illumination Distance<\/td>\n<td>Up to 30 m (98.4 ft)<\/td>\n<\/tr>\n<tr>\n<td>Illumination On\/Off Control<\/td>\n<td>Auto\/Manual<\/td>\n<\/tr>\n<tr class=\"ons1\">\n<td colspan=\"2\">Intelligent Analytics<\/td>\n<\/tr>\n<tr>\n<td>Multi-Object Detection<\/td>\n<td>Supports face, human, vehicle detection and capture<\/td>\n<\/tr>\n<tr>\n<td>Intelligent Analysis<\/td>\n<td>Intrusion, Single line crossing, Double line crossing, Loitering, Wrong-way detection, and Smart motion detection<\/p>\n<p>Support alarm triggering by specified target types (human and vehicle)<\/td>\n<\/tr>\n<tr>\n<td>People Counting<\/td>\n<td>Unterst\u00fctzung<\/td>\n<\/tr>\n<tr class=\"ons1\">\n<td colspan=\"2\">Video and Audio<\/td>\n<\/tr>\n<tr>\n<td>Streaming Capability<\/td>\n<td>3 Streams<\/td>\n<\/tr>\n<tr>\n<td>Stream\/Frame Rate<\/td>\n<td>Stream1: 3840 \u00d7 2160, 2592 \u00d7 1944, 2592 \u00d7 1520, 2560 \u00d7 1440, 2304 \u00d7 1296, 1920 \u00d7 1080, 1280 \u00d7 720 @25\/30 fps<\/p>\n<p>Stream2: D1, VGA, CIF @25\/30 fps<\/p>\n<p>Stream3: VGA, CIF, QVGA @25\/30 fps<\/td>\n<\/tr>\n<tr>\n<td>Bit Rate Control<\/td>\n<td>CBR\/VBR<\/td>\n<\/tr>\n<tr>\n<td>Bit Rate<\/td>\n<td>Stream1: 200 kbps to 16 Mbps<\/p>\n<p>Stream2: 100 kbps to 6 Mbps<\/p>\n<p>Stream3: 100 kbps to 3 Mbps<\/td>\n<\/tr>\n<tr>\n<td>Region of Interest<\/td>\n<td>Off\/On (8 areas, Rectangle)<\/td>\n<\/tr>\n<tr>\n<td>Smart Encode<\/td>\n<td>Unterst\u00fctzung<\/td>\n<\/tr>\n<tr>\n<td>Audio Compression<\/td>\n<td>G.711 A-law, G.711 \u03bc-law, RAM PCM<\/td>\n<\/tr>\n<tr>\n<td>Audio Bit Rate<\/td>\n<td>64 Kbps (G.711), 128 Kbps (RAW_PCM)<\/td>\n<\/tr>\n<tr class=\"ons1\">\n<td colspan=\"2\">Image<\/td>\n<\/tr>\n<tr>\n<td>Image Adjustment<\/td>\n<td>Brightness, Sharpness, Contrast, Saturation adjustable<\/td>\n<\/tr>\n<tr>\n<td>Scene Setting<\/td>\n<td>Indoor, Outdoor, Mirror, Corridor Mode<\/td>\n<\/tr>\n<tr>\n<td>Exposure Mode<\/td>\n<td>Auto, Manual, Shutter priority<\/td>\n<\/tr>\n<tr>\n<td>White Balance<\/td>\n<td>Auto, Tungsten, Fluorescent, Daylight, Shadow, Manual<\/td>\n<\/tr>\n<tr>\n<td>Day\/Night Setting<\/td>\n<td>Auto, Day, Night, Timer<\/td>\n<\/tr>\n<tr>\n<td>Noise Reduction<\/td>\n<td>2D\/3D DNR<\/td>\n<\/tr>\n<tr>\n<td>Image Enhancement<\/td>\n<td>WDR, HLC, BLC, Defog<\/td>\n<\/tr>\n<tr>\n<td>Privacy Masking<\/td>\n<td>4 areas<\/td>\n<\/tr>\n<tr class=\"ons1\">\n<td colspan=\"2\">Event<\/td>\n<\/tr>\n<tr>\n<td>Alarm Triggers<\/td>\n<td>IVS, Motion detection, Alarm input, Network alarm, Disk alarm, Day\/Night switch alarm, Abnormal sound detection<\/td>\n<\/tr>\n<tr>\n<td>Alarm Events<\/td>\n<td>Alarm record, SMTP upload, FTP upload, Alarm output, Audible alarm output<\/td>\n<\/tr>\n<tr class=\"ons1\">\n<td colspan=\"2\">Network<\/td>\n<\/tr>\n<tr>\n<td>Protocols<\/td>\n<td>IPv4\/IPv6, HTTP\/HTTPS, DNS, DDNS, DHCP, PPPoE, RTSP\/ RTCP\/RTP, TCP\/UDP, NTP, ARP, UPnP, FTP, SMTP, QoS, ICMP, IGMP, SMTP, 802.1x, SNMP, Multicast<\/td>\n<\/tr>\n<tr>\n<td>Interoperability<\/td>\n<td>ONVIF (Profile S\/T\/G\/M), SDK, CGI<\/td>\n<\/tr>\n<tr>\n<td>User\/Host Level<\/td>\n<td>Up to 10 users, 3 levels: Administrator, Operator, Media user<\/td>\n<\/tr>\n<tr>\n<td>Security<\/td>\n<td>IP address filter, encrypted HTTPS, Illegal login lock, IEEE 802.1x<\/td>\n<\/tr>\n<tr>\n<td>Web Viewer<\/td>\n<td>&lt;IE11, Chrome, Firefox, Microsoft Edge<\/td>\n<\/tr>\n<tr class=\"ons1\">\n<td colspan=\"2\">Interface<\/td>\n<\/tr>\n<tr>\n<td>Network Interface<\/td>\n<td>1 Ethernet (10\/100 Base-T) RJ-45 Connector<\/td>\n<\/tr>\n<tr>\n<td>Built-in Microphone<\/td>\n<td>Unterst\u00fctzung<\/td>\n<\/tr>\n<tr>\n<td>Audio Interface<\/td>\n<td>1ch Input, 1ch Output<\/td>\n<\/tr>\n<tr>\n<td>Alarm Interface<\/td>\n<td>1ch Input, 1ch Output<\/td>\n<\/tr>\n<tr>\n<td>SD Card Slot<\/td>\n<td>Built-in, up to 256GB<\/td>\n<\/tr>\n<tr>\n<td>Reset Button<\/td>\n<td>Unterst\u00fctzung<\/td>\n<\/tr>\n<tr class=\"ons1\">\n<td colspan=\"2\">General<\/td>\n<\/tr>\n<tr>\n<td>Language<\/td>\n<td>English, Chinese, Polish, Italian, Portuguese, Spanish, Russian, French, Czech, Hungarian. Default: English<\/td>\n<\/tr>\n<tr>\n<td>Power Supply<\/td>\n<td>DC12V (-15% to +25%)\/PoE (802.3af)<\/td>\n<\/tr>\n<tr>\n<td>Power Consumption<\/td>\n<td>Max 7 W<\/td>\n<\/tr>\n<tr>\n<td>Operating Temperature<\/td>\n<td>-40\u00b0C to 55\u00b0C (-40\u00b0F to 131\u00b0F )<\/td>\n<\/tr>\n<tr>\n<td>Operating Humidity<\/td>\n<td>Less than 90% RH<\/td>\n<\/tr>\n<tr>\n<td>Ingress Protection<\/td>\n<td>IP66<\/td>\n<\/tr>\n<tr>\n<td>Certifications<\/td>\n<td>CE-EMC (EN 55032:2015+A11:2020, EN 55035:2017+A11:2020, EN 50130-4:2011+A1:2014, EN IEC 61000-6-3:2007+A1:2011+AC:2012, EN IEC 61000-3-2:2019, EN 61000-3-3:2013+A1:2019)<\/p>\n<p>FCC (FCC 47 CFR 15, Subpart B, ANSI C63.4-2014)<\/td>\n<\/tr>\n<tr>\n<td>Material<\/td>\n<td>Aluminum alloy body, Decoration ring: plastic<\/td>\n<\/tr>\n<tr>\n<td>Dimensions<\/td>\n<td>\u03c6118.2 \u00d7 93.9 mm (4.65 \u00d7 3.7 inch)<\/td>\n<\/tr>\n<tr>\n<td>Net Weight<\/td>\n<td>0.55 kg (1.21 lb)<\/td>\n<\/tr>\n<\/tbody>\n<\/table>\n<\/div>","protected":false},"excerpt":{"rendered":"<p class=\"\" data-start=\"173\" data-end=\"298\">8MP turret camera with fixed lens and IR night vision, offering high-resolution surveillance for both indoor and outdoor use.<\/p>\n<p class=\"\" data-start=\"883\" data-end=\"902\"><strong data-start=\"883\" data-end=\"900\">Key Features:<\/strong><\/p>\n<ul class=\"list-paddingleft-2\">\n<li>1\/2.8\u201d STARVIS\u2122 CMOS<\/li>\n<li>Max. 8MP(3840 \u00d7 2160) @25\/30 fps resolution<\/li>\n<li>2.8 mm \/ 4 mm fixed lens optional<\/li>\n<li>True WDR, 3D DNR, ROI, HLC, BLC, Defog<\/li>\n<li>Support face, human, vehicle detection and capture<\/li>\n<li>Intelligent analytics: intrusion, single line crossing, double line crossing, loitering, wrong-way detection, smart motion detection, and people counting<\/li>\n<li>Smart IR distance up to 30 m<\/li>\n<li>Built-in microphone, 1\/1 audio input\/output, 1\/1 alarm input\/output<\/li>\n<li>Built-in micro SD card slot<\/li>\n<li>IP66 protection<\/li>\n<\/ul>","protected":false},"featured_media":20527,"comment_status":"open","ping_status":"closed","template":"","meta":[],"product_brand":[],"product_cat":[181,182,198],"product_tag":[],"class_list":{"0":"post-19932","1":"product","2":"type-product","3":"status-publish","4":"has-post-thumbnail","6":"product_cat-cctv-systems","7":"product_cat-network-cameras","8":"product_cat-turret-ip-camera-pro-series","10":"first","11":"instock","12":"shipping-taxable","13":"product-type-simple"},"yoast_head":"<!-- This site is optimized with the Yoast SEO plugin v25.5 - https:\/\/yoast.com\/wordpress\/plugins\/seo\/ -->\n<title>8MP IR Fixed Lens Turret Network Camera \u2013 TC-IPMT800P-FV - TAC<\/title>\n<meta name=\"robots\" content=\"index, follow, max-snippet:-1, max-image-preview:large, max-video-preview:-1\" \/>\n<link rel=\"canonical\" href=\"https:\/\/tacte.eu\/de\/produkt\/8mp-ir-fixed-lens-turret-network-camera-tc-ipmt800p-fv\/\" \/>\n<meta property=\"og:locale\" content=\"de_DE\" \/>\n<meta property=\"og:type\" content=\"article\" \/>\n<meta property=\"og:title\" content=\"8MP IR Fixed Lens Turret Network Camera \u2013 TC-IPMT800P-FV - TAC\" \/>\n<meta property=\"og:description\" content=\"8MP turret camera with fixed lens and IR night vision, offering high-resolution surveillance for both indoor and outdoor use. Key Features:    1\/2.8\u201d STARVIS\u2122 CMOS  Max. 8MP(3840 \u00d7 2160) @25\/30 fps resolution  2.8 mm \/ 4 mm fixed lens optional  True WDR, 3D DNR, ROI, HLC, BLC, Defog  Support face, human, vehicle detection and capture  Intelligent analytics: intrusion, single line crossing, double line crossing, loitering, wrong-way detection, smart motion detection, and people counting  Smart IR distance up to 30 m  Built-in microphone, 1\/1 audio input\/output, 1\/1 alarm input\/output  Built-in micro SD card slot  IP66 protection\" \/>\n<meta property=\"og:url\" content=\"https:\/\/tacte.eu\/de\/produkt\/8mp-ir-fixed-lens-turret-network-camera-tc-ipmt800p-fv\/\" \/>\n<meta property=\"og:site_name\" content=\"TAC\" \/>\n<meta property=\"article:modified_time\" content=\"2025-07-02T11:42:40+00:00\" \/>\n<meta property=\"og:image\" content=\"https:\/\/tacte.eu\/wp-content\/uploads\/2025\/05\/5MP-IR-Fixed-Lens-Turret-Network-Camera-\u2013-TC-IPMT500P-FV-1-scaled.png\" \/>\n\t<meta property=\"og:image:width\" content=\"2560\" \/>\n\t<meta property=\"og:image:height\" content=\"2560\" \/>\n\t<meta property=\"og:image:type\" content=\"image\/png\" \/>\n<meta name=\"twitter:card\" content=\"summary_large_image\" \/>\n<meta name=\"twitter:label1\" content=\"Gesch\u00e4tzte Lesezeit\" \/>\n\t<meta name=\"twitter:data1\" content=\"4\u00a0Minuten\" \/>\n<script type=\"application\/ld+json\" class=\"yoast-schema-graph\">{\"@context\":\"https:\/\/schema.org\",\"@graph\":[{\"@type\":\"WebPage\",\"@id\":\"https:\/\/tacte.eu\/product\/8mp-ir-fixed-lens-turret-network-camera-tc-ipmt800p-fv\/\",\"url\":\"https:\/\/tacte.eu\/product\/8mp-ir-fixed-lens-turret-network-camera-tc-ipmt800p-fv\/\",\"name\":\"8MP IR Fixed Lens Turret Network Camera \u2013 TC-IPMT800P-FV - TAC\",\"isPartOf\":{\"@id\":\"https:\/\/tacte.eu\/#website\"},\"primaryImageOfPage\":{\"@id\":\"https:\/\/tacte.eu\/product\/8mp-ir-fixed-lens-turret-network-camera-tc-ipmt800p-fv\/#primaryimage\"},\"image\":{\"@id\":\"https:\/\/tacte.eu\/product\/8mp-ir-fixed-lens-turret-network-camera-tc-ipmt800p-fv\/#primaryimage\"},\"thumbnailUrl\":\"https:\/\/tacte.eu\/wp-content\/uploads\/2025\/05\/5MP-IR-Fixed-Lens-Turret-Network-Camera-\u2013-TC-IPMT500P-FV-1-scaled.png\",\"datePublished\":\"2025-05-05T12:17:25+00:00\",\"dateModified\":\"2025-07-02T11:42:40+00:00\",\"breadcrumb\":{\"@id\":\"https:\/\/tacte.eu\/product\/8mp-ir-fixed-lens-turret-network-camera-tc-ipmt800p-fv\/#breadcrumb\"},\"inLanguage\":\"de\",\"potentialAction\":[{\"@type\":\"ReadAction\",\"target\":[\"https:\/\/tacte.eu\/product\/8mp-ir-fixed-lens-turret-network-camera-tc-ipmt800p-fv\/\"]}]},{\"@type\":\"ImageObject\",\"inLanguage\":\"de\",\"@id\":\"https:\/\/tacte.eu\/product\/8mp-ir-fixed-lens-turret-network-camera-tc-ipmt800p-fv\/#primaryimage\",\"url\":\"https:\/\/tacte.eu\/wp-content\/uploads\/2025\/05\/5MP-IR-Fixed-Lens-Turret-Network-Camera-\u2013-TC-IPMT500P-FV-1-scaled.png\",\"contentUrl\":\"https:\/\/tacte.eu\/wp-content\/uploads\/2025\/05\/5MP-IR-Fixed-Lens-Turret-Network-Camera-\u2013-TC-IPMT500P-FV-1-scaled.png\",\"width\":2560,\"height\":2560},{\"@type\":\"BreadcrumbList\",\"@id\":\"https:\/\/tacte.eu\/product\/8mp-ir-fixed-lens-turret-network-camera-tc-ipmt800p-fv\/#breadcrumb\",\"itemListElement\":[{\"@type\":\"ListItem\",\"position\":1,\"name\":\"Home\",\"item\":\"https:\/\/tacte.eu\/\"},{\"@type\":\"ListItem\",\"position\":2,\"name\":\"Products\",\"item\":\"https:\/\/tacte.eu\/products\/\"},{\"@type\":\"ListItem\",\"position\":3,\"name\":\"8MP IR Fixed Lens Turret Network Camera \u2013 TC-IPMT800P-FV\"}]},{\"@type\":\"WebSite\",\"@id\":\"https:\/\/tacte.eu\/#website\",\"url\":\"https:\/\/tacte.eu\/\",\"name\":\"TAC\",\"description\":\"Advanced Security Solutions \",\"publisher\":{\"@id\":\"https:\/\/tacte.eu\/#organization\"},\"potentialAction\":[{\"@type\":\"SearchAction\",\"target\":{\"@type\":\"EntryPoint\",\"urlTemplate\":\"https:\/\/tacte.eu\/?s={search_term_string}\"},\"query-input\":{\"@type\":\"PropertyValueSpecification\",\"valueRequired\":true,\"valueName\":\"search_term_string\"}}],\"inLanguage\":\"de\"},{\"@type\":\"Organization\",\"@id\":\"https:\/\/tacte.eu\/#organization\",\"name\":\"TAC\",\"url\":\"https:\/\/tacte.eu\/\",\"logo\":{\"@type\":\"ImageObject\",\"inLanguage\":\"de\",\"@id\":\"https:\/\/tacte.eu\/#\/schema\/logo\/image\/\",\"url\":\"https:\/\/tacte.eu\/wp-content\/uploads\/2025\/05\/Tac-logo-154-49.png\",\"contentUrl\":\"https:\/\/tacte.eu\/wp-content\/uploads\/2025\/05\/Tac-logo-154-49.png\",\"width\":154,\"height\":49,\"caption\":\"TAC\"},\"image\":{\"@id\":\"https:\/\/tacte.eu\/#\/schema\/logo\/image\/\"}}]}<\/script>\n<!-- \/ Yoast SEO plugin. -->","yoast_head_json":{"title":"8MP IR Fixed Lens Turret Network Camera \u2013 TC-IPMT800P-FV - TAC","robots":{"index":"index","follow":"follow","max-snippet":"max-snippet:-1","max-image-preview":"max-image-preview:large","max-video-preview":"max-video-preview:-1"},"canonical":"https:\/\/tacte.eu\/de\/produkt\/8mp-ir-fixed-lens-turret-network-camera-tc-ipmt800p-fv\/","og_locale":"de_DE","og_type":"article","og_title":"8MP IR Fixed Lens Turret Network Camera \u2013 TC-IPMT800P-FV - TAC","og_description":"8MP turret camera with fixed lens and IR night vision, offering high-resolution surveillance for both indoor and outdoor use. Key Features:    1\/2.8\u201d STARVIS\u2122 CMOS  Max. 8MP(3840 \u00d7 2160) @25\/30 fps resolution  2.8 mm \/ 4 mm fixed lens optional  True WDR, 3D DNR, ROI, HLC, BLC, Defog  Support face, human, vehicle detection and capture  Intelligent analytics: intrusion, single line crossing, double line crossing, loitering, wrong-way detection, smart motion detection, and people counting  Smart IR distance up to 30 m  Built-in microphone, 1\/1 audio input\/output, 1\/1 alarm input\/output  Built-in micro SD card slot  IP66 protection","og_url":"https:\/\/tacte.eu\/de\/produkt\/8mp-ir-fixed-lens-turret-network-camera-tc-ipmt800p-fv\/","og_site_name":"TAC","article_modified_time":"2025-07-02T11:42:40+00:00","og_image":[{"width":2560,"height":2560,"url":"https:\/\/tacte.eu\/wp-content\/uploads\/2025\/05\/5MP-IR-Fixed-Lens-Turret-Network-Camera-\u2013-TC-IPMT500P-FV-1-scaled.png","type":"image\/png"}],"twitter_card":"summary_large_image","twitter_misc":{"Gesch\u00e4tzte Lesezeit":"4\u00a0Minuten"},"schema":{"@context":"https:\/\/schema.org","@graph":[{"@type":"WebPage","@id":"https:\/\/tacte.eu\/product\/8mp-ir-fixed-lens-turret-network-camera-tc-ipmt800p-fv\/","url":"https:\/\/tacte.eu\/product\/8mp-ir-fixed-lens-turret-network-camera-tc-ipmt800p-fv\/","name":"8MP IR Fixed Lens Turret Network Camera \u2013 TC-IPMT800P-FV - TAC","isPartOf":{"@id":"https:\/\/tacte.eu\/#website"},"primaryImageOfPage":{"@id":"https:\/\/tacte.eu\/product\/8mp-ir-fixed-lens-turret-network-camera-tc-ipmt800p-fv\/#primaryimage"},"image":{"@id":"https:\/\/tacte.eu\/product\/8mp-ir-fixed-lens-turret-network-camera-tc-ipmt800p-fv\/#primaryimage"},"thumbnailUrl":"https:\/\/tacte.eu\/wp-content\/uploads\/2025\/05\/5MP-IR-Fixed-Lens-Turret-Network-Camera-\u2013-TC-IPMT500P-FV-1-scaled.png","datePublished":"2025-05-05T12:17:25+00:00","dateModified":"2025-07-02T11:42:40+00:00","breadcrumb":{"@id":"https:\/\/tacte.eu\/product\/8mp-ir-fixed-lens-turret-network-camera-tc-ipmt800p-fv\/#breadcrumb"},"inLanguage":"de","potentialAction":[{"@type":"ReadAction","target":["https:\/\/tacte.eu\/product\/8mp-ir-fixed-lens-turret-network-camera-tc-ipmt800p-fv\/"]}]},{"@type":"ImageObject","inLanguage":"de","@id":"https:\/\/tacte.eu\/product\/8mp-ir-fixed-lens-turret-network-camera-tc-ipmt800p-fv\/#primaryimage","url":"https:\/\/tacte.eu\/wp-content\/uploads\/2025\/05\/5MP-IR-Fixed-Lens-Turret-Network-Camera-\u2013-TC-IPMT500P-FV-1-scaled.png","contentUrl":"https:\/\/tacte.eu\/wp-content\/uploads\/2025\/05\/5MP-IR-Fixed-Lens-Turret-Network-Camera-\u2013-TC-IPMT500P-FV-1-scaled.png","width":2560,"height":2560},{"@type":"BreadcrumbList","@id":"https:\/\/tacte.eu\/product\/8mp-ir-fixed-lens-turret-network-camera-tc-ipmt800p-fv\/#breadcrumb","itemListElement":[{"@type":"ListItem","position":1,"name":"Home","item":"https:\/\/tacte.eu\/"},{"@type":"ListItem","position":2,"name":"Products","item":"https:\/\/tacte.eu\/products\/"},{"@type":"ListItem","position":3,"name":"8MP IR Fixed Lens Turret Network Camera \u2013 TC-IPMT800P-FV"}]},{"@type":"WebSite","@id":"https:\/\/tacte.eu\/#website","url":"https:\/\/tacte.eu\/","name":"TAC","description":"Advanced Security Solutions","publisher":{"@id":"https:\/\/tacte.eu\/#organization"},"potentialAction":[{"@type":"SearchAction","target":{"@type":"EntryPoint","urlTemplate":"https:\/\/tacte.eu\/?s={search_term_string}"},"query-input":{"@type":"PropertyValueSpecification","valueRequired":true,"valueName":"search_term_string"}}],"inLanguage":"de"},{"@type":"Organization","@id":"https:\/\/tacte.eu\/#organization","name":"TAC","url":"https:\/\/tacte.eu\/","logo":{"@type":"ImageObject","inLanguage":"de","@id":"https:\/\/tacte.eu\/#\/schema\/logo\/image\/","url":"https:\/\/tacte.eu\/wp-content\/uploads\/2025\/05\/Tac-logo-154-49.png","contentUrl":"https:\/\/tacte.eu\/wp-content\/uploads\/2025\/05\/Tac-logo-154-49.png","width":154,"height":49,"caption":"TAC"},"image":{"@id":"https:\/\/tacte.eu\/#\/schema\/logo\/image\/"}}]}},"_links":{"self":[{"href":"https:\/\/tacte.eu\/de\/wp-json\/wp\/v2\/product\/19932","targetHints":{"allow":["GET"]}}],"collection":[{"href":"https:\/\/tacte.eu\/de\/wp-json\/wp\/v2\/product"}],"about":[{"href":"https:\/\/tacte.eu\/de\/wp-json\/wp\/v2\/types\/product"}],"replies":[{"embeddable":true,"href":"https:\/\/tacte.eu\/de\/wp-json\/wp\/v2\/comments?post=19932"}],"wp:featuredmedia":[{"embeddable":true,"href":"https:\/\/tacte.eu\/de\/wp-json\/wp\/v2\/media\/20527"}],"wp:attachment":[{"href":"https:\/\/tacte.eu\/de\/wp-json\/wp\/v2\/media?parent=19932"}],"wp:term":[{"taxonomy":"product_brand","embeddable":true,"href":"https:\/\/tacte.eu\/de\/wp-json\/wp\/v2\/product_brand?post=19932"},{"taxonomy":"product_cat","embeddable":true,"href":"https:\/\/tacte.eu\/de\/wp-json\/wp\/v2\/product_cat?post=19932"},{"taxonomy":"product_tag","embeddable":true,"href":"https:\/\/tacte.eu\/de\/wp-json\/wp\/v2\/product_tag?post=19932"}],"curies":[{"name":"wp","href":"https:\/\/api.w.org\/{rel}","templated":true}]}}