{"id":19923,"date":"2025-05-05T12:12:02","date_gmt":"2025-05-05T12:12:02","guid":{"rendered":"https:\/\/tacte.eu\/?post_type=product&#038;p=19923"},"modified":"2025-07-02T12:00:19","modified_gmt":"2025-07-02T12:00:19","slug":"5mp-ir-fixed-lens-bullet-network-camera-tc-ipmb500p-fv","status":"publish","type":"product","link":"https:\/\/tacte.eu\/de\/produkt\/5mp-ir-fixed-lens-bullet-network-camera-tc-ipmb500p-fv\/","title":{"rendered":"5MP IR Fixed Lens Bullet Network Camera \u2013 TC-IPMB500P-FV"},"content":{"rendered":"<h3 class=\"\" data-start=\"272\" data-end=\"301\"><strong data-start=\"276\" data-end=\"299\">Product Description<\/strong><\/h3>\n<p class=\"\" data-start=\"302\" data-end=\"611\">The TC-IPMB500P-FV is a 5MP fixed lens IR bullet network camera engineered for dependable 24\/7 video surveillance. Equipped with infrared LEDs for night vision and housed in a weatherproof IP67-rated casing, this model is well-suited for outdoor environments where basic but high-quality monitoring is needed.<\/p>\n<div class=\"over-tabs\">\n<table cellspacing=\"0\" cellpadding=\"0\">\n<tbody>\n<tr class=\"firstRow ons1\">\n<td colspan=\"2\">Camera<\/td>\n<\/tr>\n<tr>\n<td>Image Sensor<\/td>\n<td>1\/2.8\u201dProgressive Scan CMOS<\/td>\n<\/tr>\n<tr>\n<td>Max. Resolution<\/td>\n<td>5MP, 2592(H) \u00d7 1944(V)<\/td>\n<\/tr>\n<tr>\n<td>Electronic Shutter<\/td>\n<td>Auto\/Manual, 1\/5 to 1\/100,000s<\/td>\n<\/tr>\n<tr>\n<td>Min. illumination<\/td>\n<td>Color: 0.03 Lux @ (F1.6, AGC ON), B\/W: 0 Lux with IR<\/td>\n<\/tr>\n<tr>\n<td>Day &amp; Night<\/td>\n<td>IR cut filter<\/td>\n<\/tr>\n<tr>\n<td>Wide Dynamic Range<\/td>\n<td>True WDR<\/td>\n<\/tr>\n<tr>\n<td>Angle Adjustment<\/td>\n<td>Pan: 0\u02da to 360\u02da, Tilt: 0\u02da to 90\u02da, Rotation: 0\u02da to 360\u02da<\/td>\n<\/tr>\n<tr class=\"ons1\">\n<td colspan=\"2\">Lens<\/td>\n<\/tr>\n<tr>\n<td>Lens Type<\/td>\n<td>Fixed lens, Fixed focal<\/td>\n<\/tr>\n<tr>\n<td>Iris<\/td>\n<td>Fixed Iris<\/td>\n<\/tr>\n<tr>\n<td>Focal Length<\/td>\n<td>2.8 mm, 4 mm optional<\/td>\n<\/tr>\n<tr>\n<td>Max. Aperture<\/td>\n<td>F2.0 \/ F1.6<\/td>\n<\/tr>\n<tr>\n<td>Field of View (FOV)<\/td>\n<td>2.8 mm:<\/p>\n<p>&#8211; H: 93.8\u00b0, V: 68.2\u00b0<\/p>\n<p>4 mm:<\/p>\n<p>&#8211; H: 80\u00b0, V: 56.6\u00b0<\/td>\n<\/tr>\n<\/tbody>\n<\/table>\n<\/div>\n<div class=\"over-tabs\">\n<table cellspacing=\"0\" cellpadding=\"0\">\n<tbody>\n<tr class=\"firstRow\">\n<td colspan=\"5\">DORI Distance<\/td>\n<\/tr>\n<tr>\n<td>Lens<\/td>\n<td>Detect<\/td>\n<td>Observe<\/td>\n<td>Recognize<\/td>\n<td>Identify<\/td>\n<\/tr>\n<tr>\n<td>2.8 mm<\/td>\n<td>72 m (236.2 ft)<\/td>\n<td>32.8 m (107.6 ft)<\/td>\n<td>14.4 m (47.2 ft)<\/td>\n<td>7.2 m (23.6 ft)<\/td>\n<\/tr>\n<tr>\n<td>4 mm<\/td>\n<td>80 m (262.4 ft)<\/td>\n<td>32 m (105 ft)<\/td>\n<td>16 m (52.5 ft)<\/td>\n<td>8 m (26.2 ft)<\/td>\n<\/tr>\n<tr>\n<td colspan=\"5\">DORI (Detect, Observe, Recognize, and Identify) is a standard system (EN-62676-4) for defining the ability of a person viewing the video to distinguish persons or objects within a covered area. The numbers in this table do not reflect intelligent function distances.<\/td>\n<\/tr>\n<\/tbody>\n<\/table>\n<\/div>\n<div class=\"over-tabs\">\n<table cellspacing=\"0\" cellpadding=\"0\">\n<tbody>\n<tr class=\"firstRow ons1\">\n<td colspan=\"2\">Illuminator<\/td>\n<\/tr>\n<tr>\n<td>Illuminator Type<\/td>\n<td>IR<\/td>\n<\/tr>\n<tr>\n<td>Illumination \u00a0 Distance<\/td>\n<td>Up to 30 m (98.4 ft)<\/td>\n<\/tr>\n<tr>\n<td>Illumination On\/Off Control<\/td>\n<td>Auto\/Manual<\/td>\n<\/tr>\n<tr class=\"ons1\">\n<td colspan=\"2\">Intelligent Analytics<\/td>\n<\/tr>\n<tr>\n<td>Multi-Object Detection<\/td>\n<td>Supports face, human, vehicle detection and capture<\/td>\n<\/tr>\n<tr>\n<td>Intelligent Analysis<\/td>\n<td>Intrusion, Single line crossing, Double line crossing, Loitering, Wrong-way, and Smart motion detection<\/p>\n<p>Support alarm triggering by specified target types (human and vehicle)<\/td>\n<\/tr>\n<tr>\n<td>People Counting<\/td>\n<td>Unterst\u00fctzung<\/td>\n<\/tr>\n<tr class=\"ons1\">\n<td colspan=\"2\">Video and Audio<\/td>\n<\/tr>\n<tr>\n<td>Streaming \u00a0 Capability<\/td>\n<td>3 Streams<\/td>\n<\/tr>\n<tr>\n<td>Stream\/Frame Rate<\/td>\n<td>Stream1: 2592\u00d71944, 2592\u00d71520, 1920\u00d71080, 1280\u00d7720 @25\/30fps<\/p>\n<p>Stream2: D1, VGA, CIF @25\/30fps<\/p>\n<p>Stream3: VGA, CIF, QVGA @25\/30fps<\/td>\n<\/tr>\n<tr>\n<td>Bit Rate Control<\/td>\n<td>CBR\/VBR<\/td>\n<\/tr>\n<tr>\n<td>Bit Rate<\/td>\n<td>Stream1: 200 Kbps to 12 Mbps<\/p>\n<p>Stream2: 100 Kbps to 6 Mbps<\/p>\n<p>Stream3: 100 Kbps to 3 Mbps<\/td>\n<\/tr>\n<tr>\n<td>Smart Encoder<\/td>\n<td>Unterst\u00fctzung<\/td>\n<\/tr>\n<tr>\n<td>Region of Interest (ROI)<\/td>\n<td>Off\/On (8 Zone, Rectangle)<\/td>\n<\/tr>\n<tr>\n<td>Audio Compression<\/td>\n<td>G.711 A-law, G.711 \u03bc-law, RAM PCM<\/td>\n<\/tr>\n<tr>\n<td>Audio Bit Rate<\/td>\n<td>64 Kbps (G.711), 128 Kbps (RAW_PCM)<\/td>\n<\/tr>\n<tr class=\"ons1\">\n<td colspan=\"2\">Image<\/td>\n<\/tr>\n<tr>\n<td>Image Adjustment<\/td>\n<td>Brightness, Sharpness, Contrast, Saturation adjustable<\/td>\n<\/tr>\n<tr>\n<td>Scene Setting<\/td>\n<td>Indoor, Outdoor, Mirror, Corridor Mode<\/td>\n<\/tr>\n<tr>\n<td>Exposure Mode<\/td>\n<td>Auto, Manual, Shutter priority<\/td>\n<\/tr>\n<tr>\n<td>White Balance<\/td>\n<td>Auto, Tungsten, Fluorescent, Daylight, Shadow, Manual<\/td>\n<\/tr>\n<tr>\n<td>Day\/Night Setting<\/td>\n<td>Auto, Day, Night, Timer<\/td>\n<\/tr>\n<tr>\n<td>Noise Reduction<\/td>\n<td>2D\/3D DNR<\/td>\n<\/tr>\n<tr>\n<td>Image Enhancement<\/td>\n<td>WDR, HLC, BLC, Defog<\/td>\n<\/tr>\n<tr>\n<td>Privacy Masking<\/td>\n<td>4 areas<\/td>\n<\/tr>\n<tr class=\"ons1\">\n<td colspan=\"2\">Event<\/td>\n<\/tr>\n<tr>\n<td>Alarm Triggers<\/td>\n<td>IVS, Motion detection, Alarm input, Network \u00a0 alarm, Disk alarm, Day\/Night switch alarm, Abnormal sound detection<\/td>\n<\/tr>\n<tr>\n<td>Alarm Events<\/td>\n<td>Alarm record, SMTP upload, FTP upload, Alarm output, Audible alarm output<\/td>\n<\/tr>\n<tr class=\"ons1\">\n<td colspan=\"2\">Network<\/td>\n<\/tr>\n<tr>\n<td>Protocols<\/td>\n<td>IPv4\/IPv6, HTTP\/HTTPS, DNS, DDNS, DHCP, PPPoE, RTSP\/ RTCP\/RTP, TCP\/UDP, NTP, ARP, UPnP, FTP, SMTP, QoS, ICMP, IGMP, SMTP, 802.1x, SNMP, Multicast<\/td>\n<\/tr>\n<tr>\n<td>Interoperability<\/td>\n<td>ONVIF (Profile S\/T\/G\/M), SDK, CGI<\/td>\n<\/tr>\n<tr>\n<td>User\/Host Level<\/td>\n<td>Up to 10 users, 3 levels: Administrator, Operator, Media user<\/td>\n<\/tr>\n<tr>\n<td>Security<\/td>\n<td>IP address filter, encrypted HTTPS, Illegal login lock, IEEE 802.1x<\/td>\n<\/tr>\n<tr>\n<td>Web Viewer<\/td>\n<td>&lt;IE11, Chrome, Firefox, Microsoft Edge<\/td>\n<\/tr>\n<tr class=\"ons1\">\n<td colspan=\"2\">Interface<\/td>\n<\/tr>\n<tr>\n<td>Network Interface<\/td>\n<td>1 Ethernet (10\/100 Base-T) RJ-45 Connector<\/td>\n<\/tr>\n<tr>\n<td>Audio Interface<\/td>\n<td>1ch Input, 1ch Output<\/td>\n<\/tr>\n<tr>\n<td>Alarm Interface<\/td>\n<td>1ch Input, 1ch Output<\/td>\n<\/tr>\n<tr>\n<td>SD Card Slot<\/td>\n<td>Built-in, up to 256GB<\/td>\n<\/tr>\n<tr>\n<td>Reset Button<\/td>\n<td>Unterst\u00fctzung<\/td>\n<\/tr>\n<tr class=\"ons1\">\n<td colspan=\"2\">General<\/td>\n<\/tr>\n<tr>\n<td>Language<\/td>\n<td>English, Chinese, Polish, Italian, Portuguese, Spanish, Russian, French, Czech, Hungarian. Default: English<\/td>\n<\/tr>\n<tr>\n<td>Power Supply<\/td>\n<td>12 VDC (-10% to +25%)\/PoE (802.3af)<\/td>\n<\/tr>\n<tr>\n<td>Power Consumption<\/td>\n<td>Max 6.5 W<\/td>\n<\/tr>\n<tr>\n<td>Operating Temperature<\/td>\n<td>-40\u00b0C to 55\u00b0C (-40\u00b0F to 131\u00b0F )<\/td>\n<\/tr>\n<tr>\n<td>Operating Humidity<\/td>\n<td>Less than 90% RH<\/td>\n<\/tr>\n<tr>\n<td>Ingress Protection<\/td>\n<td>IP67<\/td>\n<\/tr>\n<tr>\n<td>Certifications<\/td>\n<td>CE-EMC (EN 55032:2015+A11:2020, EN 55035:2017+A11:2020, EN 50130-4:2011+A1:2014, EN IEC 61000-6-3:2007+A1:2011+AC:2012, EN IEC 61000-3-2:2019, EN 61000-3-3:2013+A1:2019)<\/p>\n<p>FCC (FCC 47 CFR 15, Subpart B, ANSI C63.4-2014)<\/td>\n<\/tr>\n<tr>\n<td>Material<\/td>\n<td>Aluminum alloy<\/td>\n<\/tr>\n<tr>\n<td>Dimensions<\/td>\n<td>187.6 \u00d7 64 \u00d7 64 mm (7.39 \u00d7 2.52 \u00d7 2.52 inch)<\/td>\n<\/tr>\n<tr>\n<td>Net Weight<\/td>\n<td>0.6 kg (1.32 lb)<\/td>\n<\/tr>\n<\/tbody>\n<\/table>\n<\/div>","protected":false},"excerpt":{"rendered":"<p class=\"\" data-start=\"166\" data-end=\"270\">Reliable 5MP bullet camera with fixed lens and IR night vision for effective day and night surveillance.<\/p>\n<p class=\"\" data-start=\"613\" data-end=\"632\"><strong data-start=\"613\" data-end=\"630\">Key Features:<\/strong><\/p>\n<div class=\"richtext mt40 light\">\n<ul class=\"list-paddingleft-2\">\n<li>1\/2.8\u201d STARVIS\u2122 CMOS<\/li>\n<li>25\/30fps @ 5MP(2592\u00d71944)<\/li>\n<li>2.8 mm \/ 4 mm fixed lens optional<\/li>\n<li>Support face, human, vehicle detection and capture<\/li>\n<li>Intelligent analysis: intrusion, single \/ double line crossing, loitering, wrong-way detection, smart motion detection, and people counting<\/li>\n<li>True WDR, 3D DNR, ROI, Defog, HLC<\/li>\n<li>Smart IR distance up to 30 m<\/li>\n<li>1\/1 audio input\/output, 1\/1 alarm input\/output<\/li>\n<li>Built-in micro SD card slot<\/li>\n<li>IP67 protection<\/li>\n<\/ul>\n<\/div>","protected":false},"featured_media":20530,"comment_status":"open","ping_status":"closed","template":"","meta":[],"product_brand":[],"product_cat":[188,181,182],"product_tag":[],"class_list":{"0":"post-19923","1":"product","2":"type-product","3":"status-publish","4":"has-post-thumbnail","6":"product_cat-bullet-ip-camera-pro-series","7":"product_cat-cctv-systems","8":"product_cat-network-cameras","10":"first","11":"instock","12":"shipping-taxable","13":"product-type-simple"},"yoast_head":"<!-- This site is optimized with the Yoast SEO plugin v25.5 - https:\/\/yoast.com\/wordpress\/plugins\/seo\/ -->\n<title>5MP IR Fixed Lens Bullet Network Camera \u2013 TC-IPMB500P-FV - TAC<\/title>\n<meta name=\"robots\" content=\"index, follow, max-snippet:-1, max-image-preview:large, max-video-preview:-1\" \/>\n<link rel=\"canonical\" href=\"https:\/\/tacte.eu\/de\/produkt\/5mp-ir-fixed-lens-bullet-network-camera-tc-ipmb500p-fv\/\" \/>\n<meta property=\"og:locale\" content=\"de_DE\" \/>\n<meta property=\"og:type\" content=\"article\" \/>\n<meta property=\"og:title\" content=\"5MP IR Fixed Lens Bullet Network Camera \u2013 TC-IPMB500P-FV - TAC\" \/>\n<meta property=\"og:description\" content=\"Reliable 5MP bullet camera with fixed lens and IR night vision for effective day and night surveillance. Key Features:     1\/2.8\u201d STARVIS\u2122 CMOS  25\/30fps @ 5MP(2592\u00d71944)  2.8 mm \/ 4 mm fixed lens optional  Support face, human, vehicle detection and capture  Intelligent analysis: intrusion, single \/ double line crossing, loitering, wrong-way detection, smart motion detection, and people counting  True WDR, 3D DNR, ROI, Defog, HLC  Smart IR distance up to 30 m  1\/1 audio input\/output, 1\/1 alarm input\/output  Built-in micro SD card slot  IP67 protection\" \/>\n<meta property=\"og:url\" content=\"https:\/\/tacte.eu\/de\/produkt\/5mp-ir-fixed-lens-bullet-network-camera-tc-ipmb500p-fv\/\" \/>\n<meta property=\"og:site_name\" content=\"TAC\" \/>\n<meta property=\"article:modified_time\" content=\"2025-07-02T12:00:19+00:00\" \/>\n<meta property=\"og:image\" content=\"https:\/\/tacte.eu\/wp-content\/uploads\/2025\/05\/5MP-IR-Fixed-Lens-Bullet-Network-Camera-\u2013-TC-IPMB500P-FV-scaled.png\" \/>\n\t<meta property=\"og:image:width\" content=\"2560\" \/>\n\t<meta property=\"og:image:height\" content=\"2560\" \/>\n\t<meta property=\"og:image:type\" content=\"image\/png\" \/>\n<meta name=\"twitter:card\" content=\"summary_large_image\" \/>\n<meta name=\"twitter:label1\" content=\"Gesch\u00e4tzte Lesezeit\" \/>\n\t<meta name=\"twitter:data1\" content=\"3\u00a0Minuten\" \/>\n<script type=\"application\/ld+json\" class=\"yoast-schema-graph\">{\"@context\":\"https:\/\/schema.org\",\"@graph\":[{\"@type\":\"WebPage\",\"@id\":\"https:\/\/tacte.eu\/product\/5mp-ir-fixed-lens-bullet-network-camera-tc-ipmb500p-fv\/\",\"url\":\"https:\/\/tacte.eu\/product\/5mp-ir-fixed-lens-bullet-network-camera-tc-ipmb500p-fv\/\",\"name\":\"5MP IR Fixed Lens Bullet Network Camera \u2013 TC-IPMB500P-FV - TAC\",\"isPartOf\":{\"@id\":\"https:\/\/tacte.eu\/#website\"},\"primaryImageOfPage\":{\"@id\":\"https:\/\/tacte.eu\/product\/5mp-ir-fixed-lens-bullet-network-camera-tc-ipmb500p-fv\/#primaryimage\"},\"image\":{\"@id\":\"https:\/\/tacte.eu\/product\/5mp-ir-fixed-lens-bullet-network-camera-tc-ipmb500p-fv\/#primaryimage\"},\"thumbnailUrl\":\"https:\/\/tacte.eu\/wp-content\/uploads\/2025\/05\/5MP-IR-Fixed-Lens-Bullet-Network-Camera-\u2013-TC-IPMB500P-FV-scaled.png\",\"datePublished\":\"2025-05-05T12:12:02+00:00\",\"dateModified\":\"2025-07-02T12:00:19+00:00\",\"breadcrumb\":{\"@id\":\"https:\/\/tacte.eu\/product\/5mp-ir-fixed-lens-bullet-network-camera-tc-ipmb500p-fv\/#breadcrumb\"},\"inLanguage\":\"de\",\"potentialAction\":[{\"@type\":\"ReadAction\",\"target\":[\"https:\/\/tacte.eu\/product\/5mp-ir-fixed-lens-bullet-network-camera-tc-ipmb500p-fv\/\"]}]},{\"@type\":\"ImageObject\",\"inLanguage\":\"de\",\"@id\":\"https:\/\/tacte.eu\/product\/5mp-ir-fixed-lens-bullet-network-camera-tc-ipmb500p-fv\/#primaryimage\",\"url\":\"https:\/\/tacte.eu\/wp-content\/uploads\/2025\/05\/5MP-IR-Fixed-Lens-Bullet-Network-Camera-\u2013-TC-IPMB500P-FV-scaled.png\",\"contentUrl\":\"https:\/\/tacte.eu\/wp-content\/uploads\/2025\/05\/5MP-IR-Fixed-Lens-Bullet-Network-Camera-\u2013-TC-IPMB500P-FV-scaled.png\",\"width\":2560,\"height\":2560},{\"@type\":\"BreadcrumbList\",\"@id\":\"https:\/\/tacte.eu\/product\/5mp-ir-fixed-lens-bullet-network-camera-tc-ipmb500p-fv\/#breadcrumb\",\"itemListElement\":[{\"@type\":\"ListItem\",\"position\":1,\"name\":\"Home\",\"item\":\"https:\/\/tacte.eu\/\"},{\"@type\":\"ListItem\",\"position\":2,\"name\":\"Products\",\"item\":\"https:\/\/tacte.eu\/products\/\"},{\"@type\":\"ListItem\",\"position\":3,\"name\":\"5MP IR Fixed Lens Bullet Network Camera \u2013 TC-IPMB500P-FV\"}]},{\"@type\":\"WebSite\",\"@id\":\"https:\/\/tacte.eu\/#website\",\"url\":\"https:\/\/tacte.eu\/\",\"name\":\"TAC\",\"description\":\"Advanced Security Solutions \",\"publisher\":{\"@id\":\"https:\/\/tacte.eu\/#organization\"},\"potentialAction\":[{\"@type\":\"SearchAction\",\"target\":{\"@type\":\"EntryPoint\",\"urlTemplate\":\"https:\/\/tacte.eu\/?s={search_term_string}\"},\"query-input\":{\"@type\":\"PropertyValueSpecification\",\"valueRequired\":true,\"valueName\":\"search_term_string\"}}],\"inLanguage\":\"de\"},{\"@type\":\"Organization\",\"@id\":\"https:\/\/tacte.eu\/#organization\",\"name\":\"TAC\",\"url\":\"https:\/\/tacte.eu\/\",\"logo\":{\"@type\":\"ImageObject\",\"inLanguage\":\"de\",\"@id\":\"https:\/\/tacte.eu\/#\/schema\/logo\/image\/\",\"url\":\"https:\/\/tacte.eu\/wp-content\/uploads\/2025\/05\/Tac-logo-154-49.png\",\"contentUrl\":\"https:\/\/tacte.eu\/wp-content\/uploads\/2025\/05\/Tac-logo-154-49.png\",\"width\":154,\"height\":49,\"caption\":\"TAC\"},\"image\":{\"@id\":\"https:\/\/tacte.eu\/#\/schema\/logo\/image\/\"}}]}<\/script>\n<!-- \/ Yoast SEO plugin. -->","yoast_head_json":{"title":"5MP IR Fixed Lens Bullet Network Camera \u2013 TC-IPMB500P-FV - TAC","robots":{"index":"index","follow":"follow","max-snippet":"max-snippet:-1","max-image-preview":"max-image-preview:large","max-video-preview":"max-video-preview:-1"},"canonical":"https:\/\/tacte.eu\/de\/produkt\/5mp-ir-fixed-lens-bullet-network-camera-tc-ipmb500p-fv\/","og_locale":"de_DE","og_type":"article","og_title":"5MP IR Fixed Lens Bullet Network Camera \u2013 TC-IPMB500P-FV - TAC","og_description":"Reliable 5MP bullet camera with fixed lens and IR night vision for effective day and night surveillance. Key Features:     1\/2.8\u201d STARVIS\u2122 CMOS  25\/30fps @ 5MP(2592\u00d71944)  2.8 mm \/ 4 mm fixed lens optional  Support face, human, vehicle detection and capture  Intelligent analysis: intrusion, single \/ double line crossing, loitering, wrong-way detection, smart motion detection, and people counting  True WDR, 3D DNR, ROI, Defog, HLC  Smart IR distance up to 30 m  1\/1 audio input\/output, 1\/1 alarm input\/output  Built-in micro SD card slot  IP67 protection","og_url":"https:\/\/tacte.eu\/de\/produkt\/5mp-ir-fixed-lens-bullet-network-camera-tc-ipmb500p-fv\/","og_site_name":"TAC","article_modified_time":"2025-07-02T12:00:19+00:00","og_image":[{"width":2560,"height":2560,"url":"https:\/\/tacte.eu\/wp-content\/uploads\/2025\/05\/5MP-IR-Fixed-Lens-Bullet-Network-Camera-\u2013-TC-IPMB500P-FV-scaled.png","type":"image\/png"}],"twitter_card":"summary_large_image","twitter_misc":{"Gesch\u00e4tzte Lesezeit":"3\u00a0Minuten"},"schema":{"@context":"https:\/\/schema.org","@graph":[{"@type":"WebPage","@id":"https:\/\/tacte.eu\/product\/5mp-ir-fixed-lens-bullet-network-camera-tc-ipmb500p-fv\/","url":"https:\/\/tacte.eu\/product\/5mp-ir-fixed-lens-bullet-network-camera-tc-ipmb500p-fv\/","name":"5MP IR Fixed Lens Bullet Network Camera \u2013 TC-IPMB500P-FV - TAC","isPartOf":{"@id":"https:\/\/tacte.eu\/#website"},"primaryImageOfPage":{"@id":"https:\/\/tacte.eu\/product\/5mp-ir-fixed-lens-bullet-network-camera-tc-ipmb500p-fv\/#primaryimage"},"image":{"@id":"https:\/\/tacte.eu\/product\/5mp-ir-fixed-lens-bullet-network-camera-tc-ipmb500p-fv\/#primaryimage"},"thumbnailUrl":"https:\/\/tacte.eu\/wp-content\/uploads\/2025\/05\/5MP-IR-Fixed-Lens-Bullet-Network-Camera-\u2013-TC-IPMB500P-FV-scaled.png","datePublished":"2025-05-05T12:12:02+00:00","dateModified":"2025-07-02T12:00:19+00:00","breadcrumb":{"@id":"https:\/\/tacte.eu\/product\/5mp-ir-fixed-lens-bullet-network-camera-tc-ipmb500p-fv\/#breadcrumb"},"inLanguage":"de","potentialAction":[{"@type":"ReadAction","target":["https:\/\/tacte.eu\/product\/5mp-ir-fixed-lens-bullet-network-camera-tc-ipmb500p-fv\/"]}]},{"@type":"ImageObject","inLanguage":"de","@id":"https:\/\/tacte.eu\/product\/5mp-ir-fixed-lens-bullet-network-camera-tc-ipmb500p-fv\/#primaryimage","url":"https:\/\/tacte.eu\/wp-content\/uploads\/2025\/05\/5MP-IR-Fixed-Lens-Bullet-Network-Camera-\u2013-TC-IPMB500P-FV-scaled.png","contentUrl":"https:\/\/tacte.eu\/wp-content\/uploads\/2025\/05\/5MP-IR-Fixed-Lens-Bullet-Network-Camera-\u2013-TC-IPMB500P-FV-scaled.png","width":2560,"height":2560},{"@type":"BreadcrumbList","@id":"https:\/\/tacte.eu\/product\/5mp-ir-fixed-lens-bullet-network-camera-tc-ipmb500p-fv\/#breadcrumb","itemListElement":[{"@type":"ListItem","position":1,"name":"Home","item":"https:\/\/tacte.eu\/"},{"@type":"ListItem","position":2,"name":"Products","item":"https:\/\/tacte.eu\/products\/"},{"@type":"ListItem","position":3,"name":"5MP IR Fixed Lens Bullet Network Camera \u2013 TC-IPMB500P-FV"}]},{"@type":"WebSite","@id":"https:\/\/tacte.eu\/#website","url":"https:\/\/tacte.eu\/","name":"TAC","description":"Advanced Security Solutions","publisher":{"@id":"https:\/\/tacte.eu\/#organization"},"potentialAction":[{"@type":"SearchAction","target":{"@type":"EntryPoint","urlTemplate":"https:\/\/tacte.eu\/?s={search_term_string}"},"query-input":{"@type":"PropertyValueSpecification","valueRequired":true,"valueName":"search_term_string"}}],"inLanguage":"de"},{"@type":"Organization","@id":"https:\/\/tacte.eu\/#organization","name":"TAC","url":"https:\/\/tacte.eu\/","logo":{"@type":"ImageObject","inLanguage":"de","@id":"https:\/\/tacte.eu\/#\/schema\/logo\/image\/","url":"https:\/\/tacte.eu\/wp-content\/uploads\/2025\/05\/Tac-logo-154-49.png","contentUrl":"https:\/\/tacte.eu\/wp-content\/uploads\/2025\/05\/Tac-logo-154-49.png","width":154,"height":49,"caption":"TAC"},"image":{"@id":"https:\/\/tacte.eu\/#\/schema\/logo\/image\/"}}]}},"_links":{"self":[{"href":"https:\/\/tacte.eu\/de\/wp-json\/wp\/v2\/product\/19923","targetHints":{"allow":["GET"]}}],"collection":[{"href":"https:\/\/tacte.eu\/de\/wp-json\/wp\/v2\/product"}],"about":[{"href":"https:\/\/tacte.eu\/de\/wp-json\/wp\/v2\/types\/product"}],"replies":[{"embeddable":true,"href":"https:\/\/tacte.eu\/de\/wp-json\/wp\/v2\/comments?post=19923"}],"wp:featuredmedia":[{"embeddable":true,"href":"https:\/\/tacte.eu\/de\/wp-json\/wp\/v2\/media\/20530"}],"wp:attachment":[{"href":"https:\/\/tacte.eu\/de\/wp-json\/wp\/v2\/media?parent=19923"}],"wp:term":[{"taxonomy":"product_brand","embeddable":true,"href":"https:\/\/tacte.eu\/de\/wp-json\/wp\/v2\/product_brand?post=19923"},{"taxonomy":"product_cat","embeddable":true,"href":"https:\/\/tacte.eu\/de\/wp-json\/wp\/v2\/product_cat?post=19923"},{"taxonomy":"product_tag","embeddable":true,"href":"https:\/\/tacte.eu\/de\/wp-json\/wp\/v2\/product_tag?post=19923"}],"curies":[{"name":"wp","href":"https:\/\/api.w.org\/{rel}","templated":true}]}}