{"id":19915,"date":"2025-05-05T11:39:37","date_gmt":"2025-05-05T11:39:37","guid":{"rendered":"https:\/\/tacte.eu\/?post_type=product&#038;p=19915"},"modified":"2025-07-02T12:06:55","modified_gmt":"2025-07-02T12:06:55","slug":"5mp-full-color-eyeball-network-camera-tc-ipmt500p-cfv","status":"publish","type":"product","link":"https:\/\/tacte.eu\/de\/produkt\/5mp-full-color-eyeball-network-camera-tc-ipmt500p-cfv\/","title":{"rendered":"5MP Full-color Eyeball Network Camera TC-IPMT500P-CFV"},"content":{"rendered":"<h3 class=\"\" data-start=\"1702\" data-end=\"1731\"><strong data-start=\"1706\" data-end=\"1729\">Product Description<\/strong><\/h3>\n<div class=\"over-tabs\">\n<table cellspacing=\"0\" cellpadding=\"0\">\n<tbody>\n<tr class=\"firstRow ons1\">\n<td colspan=\"2\">Camera<\/td>\n<\/tr>\n<tr>\n<td>Image Sensor<\/td>\n<td>1\/1.8\u201dProgressive Scan CMOS<\/td>\n<\/tr>\n<tr>\n<td>Max. Resolution<\/td>\n<td>3840(H) \u00d7 2160 (V)<\/td>\n<\/tr>\n<tr>\n<td>Electronic Shutter<\/td>\n<td>Auto\/Manual, 1\/5 to 1\/20,000s<\/td>\n<\/tr>\n<tr>\n<td>Min. illumination<\/td>\n<td>Color: 0.005 Lux @ (F1.6, AGC ON), B\/W: 0.001 Lux @ (F1.6, AGC ON), 0 Lux with IR on<\/td>\n<\/tr>\n<tr>\n<td>Day &amp; Night<\/td>\n<td>Auto (ICR)<\/td>\n<\/tr>\n<tr>\n<td>Wide Dynamic Range<\/td>\n<td>True WDR<\/td>\n<\/tr>\n<tr>\n<td>Wiper<\/td>\n<td>Unterst\u00fctzung<\/td>\n<\/tr>\n<tr class=\"ons1\">\n<td colspan=\"2\">Lens<\/td>\n<\/tr>\n<tr>\n<td>Focal Length<\/td>\n<td>6.8 to 272 mm<\/td>\n<\/tr>\n<tr>\n<td>Max. Aperture<\/td>\n<td>F1.63 to F4.94<\/td>\n<\/tr>\n<tr>\n<td>Angle of View<\/td>\n<td>H: 62.0\u00b0 to 2.4\u00b0, V: 36.6\u00b0 to 1.3\u00b0<\/td>\n<\/tr>\n<tr>\n<td>Optical Zoom<\/td>\n<td>40x<\/td>\n<\/tr>\n<tr>\n<td>Digital Zoom<\/td>\n<td>16x<\/td>\n<\/tr>\n<tr>\n<td>Iris Control<\/td>\n<td>Auto\/Manual<\/td>\n<\/tr>\n<tr>\n<td>Focus Control<\/td>\n<td>Auto\/Manual\/Semi-automatic<\/td>\n<\/tr>\n<tr class=\"ons1\">\n<td colspan=\"2\">DORI<\/td>\n<\/tr>\n<tr>\n<td>Detection<\/td>\n<td>140 to 5,600 m (459.32 to 18,372.7 ft)<\/td>\n<\/tr>\n<tr>\n<td>Observe<\/td>\n<td>56 to 2,240 m (183.73 to 7,349.08 ft)<\/td>\n<\/tr>\n<tr>\n<td>Recognize<\/td>\n<td>28 to 1,120 m (91.86 to 3,674.54 ft)<\/td>\n<\/tr>\n<tr>\n<td>Identify<\/td>\n<td>14 to 560 m (45.93 to 1,837.27 ft)<\/td>\n<\/tr>\n<tr class=\"ons1\">\n<td colspan=\"2\">Illuminator<\/td>\n<\/tr>\n<tr>\n<td>Illuminator Type<\/td>\n<td>IR<\/td>\n<\/tr>\n<tr>\n<td>Illumination Distance<\/td>\n<td>IR distance up to 500 m (1,640.4 ft)<\/td>\n<\/tr>\n<tr>\n<td>Illuminator On\/Off Control<\/td>\n<td>Auto\/Manual<\/td>\n<\/tr>\n<tr class=\"ons1\">\n<td colspan=\"2\">Intelligent Analytics<\/td>\n<\/tr>\n<tr>\n<td>Multi-Object Detection<\/td>\n<td>Support face, human, vehicle detection and capture<\/td>\n<\/tr>\n<tr>\n<td>Smoke and Flame Detection<\/td>\n<td>Unterst\u00fctzung<\/td>\n<\/tr>\n<tr>\n<td>Intelligent Analysis<\/td>\n<td>Intrusion, Single line crossing, Double line crossing, Loitering, Wrong-way detection, Illegal parking, and Smart motion detection<\/p>\n<p>(support the accurate detection of vehicle and human)<\/td>\n<\/tr>\n<tr>\n<td>People Counting<\/td>\n<td>Unterst\u00fctzung<\/td>\n<\/tr>\n<tr>\n<td>Smart Tracking<\/td>\n<td>Unterst\u00fctzung<\/td>\n<\/tr>\n<tr class=\"ons1\">\n<td colspan=\"2\">PTZ<\/td>\n<\/tr>\n<tr>\n<td>Pan\/Tilt Range<\/td>\n<td>Pan: 0\u00b0 to 360\u00b0 endless, Tilt: -10\u00b0 to +90\u00b0 (auto-flip)<\/td>\n<\/tr>\n<tr>\n<td>Pan Speed<\/td>\n<td>Pan speed: 0.1\u00b0 to 300\u00b0\/s, preset speed: 300\u00b0\/s<\/td>\n<\/tr>\n<tr>\n<td>Tilt Speed<\/td>\n<td>Tilt speed: 0.1\u00b0 to 300\u00b0\/s, preset speed: 300\u00b0\/s<\/td>\n<\/tr>\n<tr>\n<td>Presets<\/td>\n<td>400<\/td>\n<\/tr>\n<tr>\n<td>Patrol Scan<\/td>\n<td>6 Track, 12 Scan, 12 Patrol (up to 32 presets each patrol)<\/td>\n<\/tr>\n<tr>\n<td>Power-Off Memory<\/td>\n<td>Unterst\u00fctzung<\/td>\n<\/tr>\n<tr>\n<td>3D Positioning<\/td>\n<td>Unterst\u00fctzung<\/td>\n<\/tr>\n<tr>\n<td>PTZ Status Display<\/td>\n<td>Unterst\u00fctzung<\/td>\n<\/tr>\n<tr>\n<td>Idle Motion<\/td>\n<td>The time can be set (1-240 minutes), and functions such as preset positions, patrols, scans, and tracks can be run.<\/td>\n<\/tr>\n<tr class=\"ons1\">\n<td colspan=\"2\">Video and Audio<\/td>\n<\/tr>\n<tr>\n<td>Streaming Capability<\/td>\n<td>3 Streams<\/td>\n<\/tr>\n<tr>\n<td>Stream\/Frame Rate<\/td>\n<td>Stream1: 3840\u00d72160, 2592\u00d71520, 2304\u00d71296, 1920\u00d71080, 1280\u00d7720 @25\/30fps<\/p>\n<p>Stream2: D1, VGA, CIF @25\/30fps<\/p>\n<p>Stream3: VGA, CIF, QVGA @25\/30fps<\/td>\n<\/tr>\n<tr>\n<td>Bit Rate Control<\/td>\n<td>CBR\/VBR<\/td>\n<\/tr>\n<tr>\n<td>Bit Rate<\/td>\n<td>Stream1: 200 kbps to 16 Mbps<\/p>\n<p>Stream2: 100 kbps to 6 Mbps<\/p>\n<p>Stream3: 100 kbps to 3 Mbps<\/td>\n<\/tr>\n<tr>\n<td>Smart Encoder<\/td>\n<td>Unterst\u00fctzung<\/td>\n<\/tr>\n<tr>\n<td>Region of Interest (ROI)<\/td>\n<td>Unterst\u00fctzung<\/td>\n<\/tr>\n<tr>\n<td>Audio Compression<\/td>\n<td>G.711 A-law, G.711 \u03bc-law, RAW_PCM<\/td>\n<\/tr>\n<tr>\n<td>Audio Bit Rate<\/td>\n<td>64 kbps (G.711), 128 kbps (RAW_PCM)<\/td>\n<\/tr>\n<tr class=\"ons1\">\n<td colspan=\"2\">Image<\/td>\n<\/tr>\n<tr>\n<td>Image Adjustment<\/td>\n<td>Brightness, Sharpness, Contrast, Saturation adjustable<\/td>\n<\/tr>\n<tr>\n<td>Mirror<\/td>\n<td>Unterst\u00fctzung<\/td>\n<\/tr>\n<tr>\n<td>Exposure Mode<\/td>\n<td>Auto\/Manual<\/td>\n<\/tr>\n<tr>\n<td>White Balance<\/td>\n<td>Auto\/Manual<\/td>\n<\/tr>\n<tr>\n<td>Day\/Night Setting<\/td>\n<td>Auto, Day, Night, Time<\/td>\n<\/tr>\n<tr>\n<td>Noise Reduction<\/td>\n<td>2D\/3D DNR<\/td>\n<\/tr>\n<tr>\n<td>Image Enhancement<\/td>\n<td>HLC, BLC, Defog, WDR, Anti-shake<\/td>\n<\/tr>\n<tr>\n<td>Privacy Masking<\/td>\n<td>Support 40 zones, mask color configurable<\/td>\n<\/tr>\n<tr class=\"ons1\">\n<td colspan=\"2\">Event<\/td>\n<\/tr>\n<tr>\n<td>Alarm Triggers<\/td>\n<td>IVS, Motion detection, Alarm input, Network alarm, Disk alarm, Abnormal sound detection<\/td>\n<\/tr>\n<tr>\n<td>Alarm Events<\/td>\n<td>Alarm record, Alarm output, FTP upload, SMTP upload, Audible alarm output<\/td>\n<\/tr>\n<tr class=\"ons1\">\n<td colspan=\"2\">Network<\/td>\n<\/tr>\n<tr>\n<td>Protocols<\/td>\n<td>IPv4\/IPv6, HTTP\/HTTPS, DNS, DDNS, DHCP, PPPoE, RTSP\/ RTCP\/RTP, TCP\/UDP, NTP, ARP, UPnP, FTP, SMTP, QoS, ICMP, IGMP, SMTP, 802.1x, SNMP, Multicast<\/td>\n<\/tr>\n<tr>\n<td>Interoperability<\/td>\n<td>ONVIF (Profile S\/T\/G\/M), SDK, CGI<\/td>\n<\/tr>\n<tr>\n<td>User\/Host Level<\/td>\n<td>Up to 10 users, 3 levels: Administrator, Operator, Media user<\/td>\n<\/tr>\n<tr>\n<td>Security<\/td>\n<td>IP address filter, encrypted HTTPS, Illegal login lock, IEEE 802.1x<\/td>\n<\/tr>\n<tr>\n<td>Web Viewer<\/td>\n<td>&lt;IE11, Chrome, Firefox, Microsoft Edge<\/td>\n<\/tr>\n<tr class=\"ons1\">\n<td colspan=\"2\">Interface<\/td>\n<\/tr>\n<tr>\n<td>Network Interface<\/td>\n<td>1 Ethernet (10\/100 Base-T) RJ-45 Connector<\/td>\n<\/tr>\n<tr>\n<td>Audio Interface<\/td>\n<td>1ch Input, 1ch Output<\/td>\n<\/tr>\n<tr>\n<td>Alarm Interface<\/td>\n<td>7ch Input, 2ch Output<\/td>\n<\/tr>\n<tr>\n<td>RS-485<\/td>\n<td>Unterst\u00fctzung<\/td>\n<\/tr>\n<tr>\n<td>BNC Interface<\/td>\n<td>1 BNC (CVBS output)<\/td>\n<\/tr>\n<tr>\n<td>SD Card Slot<\/td>\n<td>Built-in, up to 1 TB<\/td>\n<\/tr>\n<tr class=\"ons1\">\n<td colspan=\"2\">General<\/td>\n<\/tr>\n<tr>\n<td>Language<\/td>\n<td>English, Chinese, Polish, Italian, \u00a0 Portuguese, Spanish, Russian, French, Czech, Hungarian. Default: English<\/td>\n<\/tr>\n<tr>\n<td>Power Supply<\/td>\n<td>24VAC\/36VDC\/PoE++ (802.3bt), Standard Equipped: 36VDC<\/td>\n<\/tr>\n<tr>\n<td>Power Consumption<\/td>\n<td>Less than 48 W<\/td>\n<\/tr>\n<tr>\n<td>Operating Temperature<\/td>\n<td>-40\u00b0C to 60\u00b0C (-40\u00b0F to 140 \u00b0F)<\/td>\n<\/tr>\n<tr>\n<td>Operating Humidity<\/td>\n<td>Less than 90% RH<\/td>\n<\/tr>\n<tr>\n<td>Ingress Protection<\/td>\n<td>IP66<\/td>\n<\/tr>\n<tr>\n<td>Certifications<\/td>\n<td>CE-EMC (EN 55032:2015+A1:2020, EN IEC 61000-6-3:2021, EN IEC 61000-3-2:2019+A12021, EN 61000-3-3:2013+A2:2021, EN 55035:2017+A11:2020, EN 50130-4:2011+A1:2014)<\/p>\n<p>CE-LVD (EN 62368-1:2014+A11:2017)<\/p>\n<p>FCC (FCC 47 CFR 15, Subpart B, ANSI C63.4-2014)<\/td>\n<\/tr>\n<tr>\n<td>Material<\/td>\n<td>Metal<\/td>\n<\/tr>\n<tr>\n<td>Dimensions<\/td>\n<td>\u03c6226.1 \u00d7 362.8 mm (\u03c68.9 \u00d7 14.28 inch)<\/td>\n<\/tr>\n<tr>\n<td>Net Weight<\/td>\n<td>5.5 kg (12.13 lb)<\/td>\n<\/tr>\n<\/tbody>\n<\/table>\n<\/div>","protected":false},"excerpt":{"rendered":"<p class=\"\" data-start=\"1598\" data-end=\"1700\">Reliable 5MP full-color network camera for enhanced surveillance visibility in any lighting condition.<\/p>\n<p class=\"\" data-start=\"1732\" data-end=\"2000\">The TC-IPMT500P-CFV offers vivid full-color surveillance footage with a 5MP sensor and warm LED lighting for clear, color-accurate video at night. Built for professional installations, this camera ensures consistent performance across a variety of lighting conditions.<\/p>\n<p class=\"\" data-start=\"2002\" data-end=\"2021\"><strong data-start=\"2002\" data-end=\"2019\">Key Features:<\/strong><\/p>\n<ul data-start=\"2022\" data-end=\"2177\">\n<li class=\"\" data-start=\"2022\" data-end=\"2054\">\n<p class=\"\" data-start=\"2024\" data-end=\"2054\">5MP resolution (2592 \u00d7 1944)<\/p>\n<\/li>\n<li class=\"\" data-start=\"2055\" data-end=\"2075\">\n<p class=\"\" data-start=\"2057\" data-end=\"2075\">Fixed 2.8mm lens<\/p>\n<\/li>\n<li class=\"\" data-start=\"2076\" data-end=\"2104\">\n<p class=\"\" data-start=\"2078\" data-end=\"2104\">Built-in warm light LEDs<\/p>\n<\/li>\n<li class=\"\" data-start=\"2105\" data-end=\"2132\">\n<p class=\"\" data-start=\"2107\" data-end=\"2132\">IP67 weather resistance<\/p>\n<\/li>\n<li class=\"\" data-start=\"2133\" data-end=\"2148\">\n<p class=\"\" data-start=\"2135\" data-end=\"2148\">PoE support<\/p>\n<\/li>\n<li class=\"\" data-start=\"2149\" data-end=\"2177\">\n<p class=\"\" data-start=\"2151\" data-end=\"2177\">Smart analytics compatible<\/p>\n<\/li>\n<\/ul>","protected":false},"featured_media":20534,"comment_status":"open","ping_status":"closed","template":"","meta":[],"product_brand":[],"product_cat":[184,183],"product_tag":[],"class_list":{"0":"post-19915","1":"product","2":"type-product","3":"status-publish","4":"has-post-thumbnail","6":"product_cat-8mp-eyeball","7":"product_cat-full-color-camera-pro-series","9":"first","10":"instock","11":"shipping-taxable","12":"product-type-simple"},"yoast_head":"<!-- This site is optimized with the Yoast SEO plugin v25.5 - https:\/\/yoast.com\/wordpress\/plugins\/seo\/ -->\n<title>5MP Full-color Eyeball Network Camera TC-IPMT500P-CFV - TAC<\/title>\n<meta name=\"robots\" content=\"index, follow, max-snippet:-1, max-image-preview:large, max-video-preview:-1\" \/>\n<link rel=\"canonical\" href=\"https:\/\/tacte.eu\/de\/produkt\/5mp-full-color-eyeball-network-camera-tc-ipmt500p-cfv\/\" \/>\n<meta property=\"og:locale\" content=\"de_DE\" \/>\n<meta property=\"og:type\" content=\"article\" \/>\n<meta property=\"og:title\" content=\"5MP Full-color Eyeball Network Camera TC-IPMT500P-CFV - TAC\" \/>\n<meta property=\"og:description\" content=\"Reliable 5MP full-color network camera for enhanced surveillance visibility in any lighting condition. The TC-IPMT500P-CFV offers vivid full-color surveillance footage with a 5MP sensor and warm LED lighting for clear, color-accurate video at night. Built for professional installations, this camera ensures consistent performance across a variety of lighting conditions. Key Features:     5MP resolution (2592 \u00d7 1944)    Fixed 2.8mm lens    Built-in warm light LEDs    IP67 weather resistance    PoE support    Smart analytics compatible\" \/>\n<meta property=\"og:url\" content=\"https:\/\/tacte.eu\/de\/produkt\/5mp-full-color-eyeball-network-camera-tc-ipmt500p-cfv\/\" \/>\n<meta property=\"og:site_name\" content=\"TAC\" \/>\n<meta property=\"article:modified_time\" content=\"2025-07-02T12:06:55+00:00\" \/>\n<meta property=\"og:image\" content=\"https:\/\/tacte.eu\/wp-content\/uploads\/2025\/05\/5MP-Full-color-Eyeball-Network-Camera-TC-IPMT500P-CFV-scaled.png\" \/>\n\t<meta property=\"og:image:width\" content=\"2560\" \/>\n\t<meta property=\"og:image:height\" content=\"2560\" \/>\n\t<meta property=\"og:image:type\" content=\"image\/png\" \/>\n<meta name=\"twitter:card\" content=\"summary_large_image\" \/>\n<meta name=\"twitter:label1\" content=\"Gesch\u00e4tzte Lesezeit\" \/>\n\t<meta name=\"twitter:data1\" content=\"3\u00a0Minuten\" \/>\n<script type=\"application\/ld+json\" class=\"yoast-schema-graph\">{\"@context\":\"https:\/\/schema.org\",\"@graph\":[{\"@type\":\"WebPage\",\"@id\":\"https:\/\/tacte.eu\/product\/5mp-full-color-eyeball-network-camera-tc-ipmt500p-cfv\/\",\"url\":\"https:\/\/tacte.eu\/product\/5mp-full-color-eyeball-network-camera-tc-ipmt500p-cfv\/\",\"name\":\"5MP Full-color Eyeball Network Camera TC-IPMT500P-CFV - TAC\",\"isPartOf\":{\"@id\":\"https:\/\/tacte.eu\/#website\"},\"primaryImageOfPage\":{\"@id\":\"https:\/\/tacte.eu\/product\/5mp-full-color-eyeball-network-camera-tc-ipmt500p-cfv\/#primaryimage\"},\"image\":{\"@id\":\"https:\/\/tacte.eu\/product\/5mp-full-color-eyeball-network-camera-tc-ipmt500p-cfv\/#primaryimage\"},\"thumbnailUrl\":\"https:\/\/tacte.eu\/wp-content\/uploads\/2025\/05\/5MP-Full-color-Eyeball-Network-Camera-TC-IPMT500P-CFV-scaled.png\",\"datePublished\":\"2025-05-05T11:39:37+00:00\",\"dateModified\":\"2025-07-02T12:06:55+00:00\",\"breadcrumb\":{\"@id\":\"https:\/\/tacte.eu\/product\/5mp-full-color-eyeball-network-camera-tc-ipmt500p-cfv\/#breadcrumb\"},\"inLanguage\":\"de\",\"potentialAction\":[{\"@type\":\"ReadAction\",\"target\":[\"https:\/\/tacte.eu\/product\/5mp-full-color-eyeball-network-camera-tc-ipmt500p-cfv\/\"]}]},{\"@type\":\"ImageObject\",\"inLanguage\":\"de\",\"@id\":\"https:\/\/tacte.eu\/product\/5mp-full-color-eyeball-network-camera-tc-ipmt500p-cfv\/#primaryimage\",\"url\":\"https:\/\/tacte.eu\/wp-content\/uploads\/2025\/05\/5MP-Full-color-Eyeball-Network-Camera-TC-IPMT500P-CFV-scaled.png\",\"contentUrl\":\"https:\/\/tacte.eu\/wp-content\/uploads\/2025\/05\/5MP-Full-color-Eyeball-Network-Camera-TC-IPMT500P-CFV-scaled.png\",\"width\":2560,\"height\":2560},{\"@type\":\"BreadcrumbList\",\"@id\":\"https:\/\/tacte.eu\/product\/5mp-full-color-eyeball-network-camera-tc-ipmt500p-cfv\/#breadcrumb\",\"itemListElement\":[{\"@type\":\"ListItem\",\"position\":1,\"name\":\"Home\",\"item\":\"https:\/\/tacte.eu\/\"},{\"@type\":\"ListItem\",\"position\":2,\"name\":\"Products\",\"item\":\"https:\/\/tacte.eu\/products\/\"},{\"@type\":\"ListItem\",\"position\":3,\"name\":\"5MP Full-color Eyeball Network Camera TC-IPMT500P-CFV\"}]},{\"@type\":\"WebSite\",\"@id\":\"https:\/\/tacte.eu\/#website\",\"url\":\"https:\/\/tacte.eu\/\",\"name\":\"TAC\",\"description\":\"Advanced Security Solutions \",\"publisher\":{\"@id\":\"https:\/\/tacte.eu\/#organization\"},\"potentialAction\":[{\"@type\":\"SearchAction\",\"target\":{\"@type\":\"EntryPoint\",\"urlTemplate\":\"https:\/\/tacte.eu\/?s={search_term_string}\"},\"query-input\":{\"@type\":\"PropertyValueSpecification\",\"valueRequired\":true,\"valueName\":\"search_term_string\"}}],\"inLanguage\":\"de\"},{\"@type\":\"Organization\",\"@id\":\"https:\/\/tacte.eu\/#organization\",\"name\":\"TAC\",\"url\":\"https:\/\/tacte.eu\/\",\"logo\":{\"@type\":\"ImageObject\",\"inLanguage\":\"de\",\"@id\":\"https:\/\/tacte.eu\/#\/schema\/logo\/image\/\",\"url\":\"https:\/\/tacte.eu\/wp-content\/uploads\/2025\/05\/Tac-logo-154-49.png\",\"contentUrl\":\"https:\/\/tacte.eu\/wp-content\/uploads\/2025\/05\/Tac-logo-154-49.png\",\"width\":154,\"height\":49,\"caption\":\"TAC\"},\"image\":{\"@id\":\"https:\/\/tacte.eu\/#\/schema\/logo\/image\/\"}}]}<\/script>\n<!-- \/ Yoast SEO plugin. -->","yoast_head_json":{"title":"5MP Full-color Eyeball Network Camera TC-IPMT500P-CFV - TAC","robots":{"index":"index","follow":"follow","max-snippet":"max-snippet:-1","max-image-preview":"max-image-preview:large","max-video-preview":"max-video-preview:-1"},"canonical":"https:\/\/tacte.eu\/de\/produkt\/5mp-full-color-eyeball-network-camera-tc-ipmt500p-cfv\/","og_locale":"de_DE","og_type":"article","og_title":"5MP Full-color Eyeball Network Camera TC-IPMT500P-CFV - TAC","og_description":"Reliable 5MP full-color network camera for enhanced surveillance visibility in any lighting condition. The TC-IPMT500P-CFV offers vivid full-color surveillance footage with a 5MP sensor and warm LED lighting for clear, color-accurate video at night. Built for professional installations, this camera ensures consistent performance across a variety of lighting conditions. Key Features:     5MP resolution (2592 \u00d7 1944)    Fixed 2.8mm lens    Built-in warm light LEDs    IP67 weather resistance    PoE support    Smart analytics compatible","og_url":"https:\/\/tacte.eu\/de\/produkt\/5mp-full-color-eyeball-network-camera-tc-ipmt500p-cfv\/","og_site_name":"TAC","article_modified_time":"2025-07-02T12:06:55+00:00","og_image":[{"width":2560,"height":2560,"url":"https:\/\/tacte.eu\/wp-content\/uploads\/2025\/05\/5MP-Full-color-Eyeball-Network-Camera-TC-IPMT500P-CFV-scaled.png","type":"image\/png"}],"twitter_card":"summary_large_image","twitter_misc":{"Gesch\u00e4tzte Lesezeit":"3\u00a0Minuten"},"schema":{"@context":"https:\/\/schema.org","@graph":[{"@type":"WebPage","@id":"https:\/\/tacte.eu\/product\/5mp-full-color-eyeball-network-camera-tc-ipmt500p-cfv\/","url":"https:\/\/tacte.eu\/product\/5mp-full-color-eyeball-network-camera-tc-ipmt500p-cfv\/","name":"5MP Full-color Eyeball Network Camera TC-IPMT500P-CFV - TAC","isPartOf":{"@id":"https:\/\/tacte.eu\/#website"},"primaryImageOfPage":{"@id":"https:\/\/tacte.eu\/product\/5mp-full-color-eyeball-network-camera-tc-ipmt500p-cfv\/#primaryimage"},"image":{"@id":"https:\/\/tacte.eu\/product\/5mp-full-color-eyeball-network-camera-tc-ipmt500p-cfv\/#primaryimage"},"thumbnailUrl":"https:\/\/tacte.eu\/wp-content\/uploads\/2025\/05\/5MP-Full-color-Eyeball-Network-Camera-TC-IPMT500P-CFV-scaled.png","datePublished":"2025-05-05T11:39:37+00:00","dateModified":"2025-07-02T12:06:55+00:00","breadcrumb":{"@id":"https:\/\/tacte.eu\/product\/5mp-full-color-eyeball-network-camera-tc-ipmt500p-cfv\/#breadcrumb"},"inLanguage":"de","potentialAction":[{"@type":"ReadAction","target":["https:\/\/tacte.eu\/product\/5mp-full-color-eyeball-network-camera-tc-ipmt500p-cfv\/"]}]},{"@type":"ImageObject","inLanguage":"de","@id":"https:\/\/tacte.eu\/product\/5mp-full-color-eyeball-network-camera-tc-ipmt500p-cfv\/#primaryimage","url":"https:\/\/tacte.eu\/wp-content\/uploads\/2025\/05\/5MP-Full-color-Eyeball-Network-Camera-TC-IPMT500P-CFV-scaled.png","contentUrl":"https:\/\/tacte.eu\/wp-content\/uploads\/2025\/05\/5MP-Full-color-Eyeball-Network-Camera-TC-IPMT500P-CFV-scaled.png","width":2560,"height":2560},{"@type":"BreadcrumbList","@id":"https:\/\/tacte.eu\/product\/5mp-full-color-eyeball-network-camera-tc-ipmt500p-cfv\/#breadcrumb","itemListElement":[{"@type":"ListItem","position":1,"name":"Home","item":"https:\/\/tacte.eu\/"},{"@type":"ListItem","position":2,"name":"Products","item":"https:\/\/tacte.eu\/products\/"},{"@type":"ListItem","position":3,"name":"5MP Full-color Eyeball Network Camera TC-IPMT500P-CFV"}]},{"@type":"WebSite","@id":"https:\/\/tacte.eu\/#website","url":"https:\/\/tacte.eu\/","name":"TAC","description":"Advanced Security Solutions","publisher":{"@id":"https:\/\/tacte.eu\/#organization"},"potentialAction":[{"@type":"SearchAction","target":{"@type":"EntryPoint","urlTemplate":"https:\/\/tacte.eu\/?s={search_term_string}"},"query-input":{"@type":"PropertyValueSpecification","valueRequired":true,"valueName":"search_term_string"}}],"inLanguage":"de"},{"@type":"Organization","@id":"https:\/\/tacte.eu\/#organization","name":"TAC","url":"https:\/\/tacte.eu\/","logo":{"@type":"ImageObject","inLanguage":"de","@id":"https:\/\/tacte.eu\/#\/schema\/logo\/image\/","url":"https:\/\/tacte.eu\/wp-content\/uploads\/2025\/05\/Tac-logo-154-49.png","contentUrl":"https:\/\/tacte.eu\/wp-content\/uploads\/2025\/05\/Tac-logo-154-49.png","width":154,"height":49,"caption":"TAC"},"image":{"@id":"https:\/\/tacte.eu\/#\/schema\/logo\/image\/"}}]}},"_links":{"self":[{"href":"https:\/\/tacte.eu\/de\/wp-json\/wp\/v2\/product\/19915","targetHints":{"allow":["GET"]}}],"collection":[{"href":"https:\/\/tacte.eu\/de\/wp-json\/wp\/v2\/product"}],"about":[{"href":"https:\/\/tacte.eu\/de\/wp-json\/wp\/v2\/types\/product"}],"replies":[{"embeddable":true,"href":"https:\/\/tacte.eu\/de\/wp-json\/wp\/v2\/comments?post=19915"}],"wp:featuredmedia":[{"embeddable":true,"href":"https:\/\/tacte.eu\/de\/wp-json\/wp\/v2\/media\/20534"}],"wp:attachment":[{"href":"https:\/\/tacte.eu\/de\/wp-json\/wp\/v2\/media?parent=19915"}],"wp:term":[{"taxonomy":"product_brand","embeddable":true,"href":"https:\/\/tacte.eu\/de\/wp-json\/wp\/v2\/product_brand?post=19915"},{"taxonomy":"product_cat","embeddable":true,"href":"https:\/\/tacte.eu\/de\/wp-json\/wp\/v2\/product_cat?post=19915"},{"taxonomy":"product_tag","embeddable":true,"href":"https:\/\/tacte.eu\/de\/wp-json\/wp\/v2\/product_tag?post=19915"}],"curies":[{"name":"wp","href":"https:\/\/api.w.org\/{rel}","templated":true}]}}