{"id":20024,"date":"2025-05-07T07:37:42","date_gmt":"2025-05-07T07:37:42","guid":{"rendered":"https:\/\/tacte.eu\/?page_id=20024"},"modified":"2025-07-07T09:26:03","modified_gmt":"2025-07-07T09:26:03","slug":"fips","status":"publish","type":"page","link":"https:\/\/tacte.eu\/de\/fips\/","title":{"rendered":"FIPS"},"content":{"rendered":"<div class=\"wp-block-group is-nowrap is-layout-flex wp-container-core-group-is-layout-ad2f72ca wp-block-group-is-layout-flex\">\n<h2 class=\"wp-block-heading\">Was ist FIPS?<\/h2>\n\n\n\n<figure class=\"wp-block-image alignleft size-full is-resized\"><img fetchpriority=\"high\" decoding=\"async\" width=\"490\" height=\"393\" src=\"https:\/\/tacte.eu\/wp-content\/uploads\/2025\/07\/image-1.png\" alt=\"\" class=\"wp-image-20565\" style=\"width:394px;height:auto\" srcset=\"https:\/\/tacte.eu\/wp-content\/uploads\/2025\/07\/image-1.png 490w, https:\/\/tacte.eu\/wp-content\/uploads\/2025\/07\/image-1-300x241.png 300w, https:\/\/tacte.eu\/wp-content\/uploads\/2025\/07\/image-1-15x12.png 15w, https:\/\/tacte.eu\/wp-content\/uploads\/2025\/07\/image-1-370x297.png 370w, https:\/\/tacte.eu\/wp-content\/uploads\/2025\/07\/image-1-410x329.png 410w\" sizes=\"(max-width: 600px) 100vw, 490px\" \/><\/figure>\n<\/div>\n\n\n\n<p>FIPS steht f\u00fcr Federal Information Processing Standards, eine Reihe von Sicherheitsstandards, die vom National Institute of Standards and Technology (NIST) des US-Handelsministeriums entwickelt wurden. Diese Normen sollen sicherstellen, dass sensible Daten durch anerkannte Verschl\u00fcsselungs- und Cybersicherheitspraktiken angemessen gesch\u00fctzt sind.<\/p>\n\n\n\n<p>Die Verschl\u00fcsselung spielt in fast jedem Rahmen f\u00fcr die Einhaltung von Cybersicherheitsvorschriften eine entscheidende Rolle. Unabh\u00e4ngig davon, ob sich die Daten im Ruhezustand oder bei der \u00dcbertragung befinden, tr\u00e4gt die Verschl\u00fcsselung dazu bei, sie vor unbefugtem Zugriff zu sch\u00fctzen und dient als wichtiger Schutz vor Datenschutzverletzungen und Cyberangriffen.<\/p>\n\n\n\n<p>Organisationen, die die FIPS-Vorschriften einhalten m\u00fcssen, sind in der Regel solche, die mit sensiblen oder vertraulichen Informationen umgehen. Dies schlie\u00dft ein:<\/p>\n\n\n\n<ul class=\"wp-block-list\">\n<li>Bundesbeh\u00f6rden<\/li>\n\n\n\n<li>Organisationen, die Bundesmittel erhalten<\/li>\n\n\n\n<li>Unternehmen des privaten Sektors, die gesetzlichen Normen wie dem Health Insurance Portability and Accountability Act (HIPAA) unterliegen<\/li>\n<\/ul>\n\n\n\n<p>Auch andere Branchen wie das Bank-, Gesundheits- und Finanzwesen k\u00f6nnen von der Einhaltung der FIPS-Standards profitieren, um pers\u00f6nliche und sensible Daten zu sch\u00fctzen.<\/p>\n\n\n\n<h3 class=\"wp-block-heading\">Was beinhaltet die FIPS-Konformit\u00e4t?<\/h3>\n\n\n\n<p>FIPS-Konformit\u00e4t bedeutet, dass ein Produkt oder eine Dienstleistung die strengen Sicherheitsanforderungen erf\u00fcllt, die von der US-Regierung f\u00fcr den Schutz sensibler Daten festgelegt wurden. Um die FIPS-Konformit\u00e4t zu erreichen:<\/p>\n\n\n\n<ul class=\"wp-block-list\">\n<li>Ein Produkt muss strenge Tests bestehen und vom NIST zertifiziert sein.<\/li>\n\n\n\n<li>Unternehmen m\u00fcssen kryptografiebasierte Sicherheitstools verwenden, die nach FIPS-Standards validiert sind.<\/li>\n\n\n\n<li>Es d\u00fcrfen nur zugelassene kryptografische Algorithmen und zugelassene kryptografische Schl\u00fcssel verwendet werden.<\/li>\n\n\n\n<li>Es m\u00fcssen wirksame Sicherheitsrichtlinien und -verfahren vorhanden sein.<\/li>\n\n\n\n<li>Alle geltenden staatlichen Vorschriften m\u00fcssen eingehalten werden.<\/li>\n<\/ul>\n\n\n\n<h2 class=\"wp-block-heading\">TAC-Einhaltung<\/h2>\n\n\n\n<p>TAC h\u00e4lt sich an die Federal Information Processing Standards (FIPS) und bietet sichere, verschl\u00fcsselte und von der Regierung zugelassene L\u00f6sungen. Die Verpflichtung von TAC zur Einhaltung der FIPS stellt sicher, dass seine Produkte die strengen Anforderungen an Cybersicherheit und Datenschutz erf\u00fcllen, die von Bundesbeh\u00f6rden und regulierten Branchen gefordert werden.<\/p>","protected":false},"excerpt":{"rendered":"<p>What is FIPS? FIPS stands for Federal Information Processing Standards, a set of security standards developed by the National Institute of Standards and Technology (NIST) under the U.S. Department of&hellip;<\/p>","protected":false},"author":1,"featured_media":0,"parent":0,"menu_order":0,"comment_status":"closed","ping_status":"closed","template":"","meta":{"footnotes":""},"class_list":["post-20024","page","type-page","status-publish","hentry"],"yoast_head":"<!-- This site is optimized with the Yoast SEO plugin v25.5 - https:\/\/yoast.com\/wordpress\/plugins\/seo\/ -->\n<title>FIPS - TAC<\/title>\n<meta name=\"robots\" content=\"index, follow, max-snippet:-1, max-image-preview:large, max-video-preview:-1\" \/>\n<link rel=\"canonical\" href=\"https:\/\/tacte.eu\/de\/fips\/\" \/>\n<meta property=\"og:locale\" content=\"de_DE\" \/>\n<meta property=\"og:type\" content=\"article\" \/>\n<meta property=\"og:title\" content=\"FIPS - TAC\" \/>\n<meta property=\"og:description\" content=\"What is FIPS? FIPS stands for Federal Information Processing Standards, a set of security standards developed by the National Institute of Standards and Technology (NIST) under the U.S. Department of&hellip;\" \/>\n<meta property=\"og:url\" content=\"https:\/\/tacte.eu\/de\/fips\/\" \/>\n<meta property=\"og:site_name\" content=\"TAC\" \/>\n<meta property=\"article:modified_time\" content=\"2025-07-07T09:26:03+00:00\" \/>\n<meta property=\"og:image\" content=\"https:\/\/tacte.eu\/wp-content\/uploads\/2025\/07\/image-1.png\" \/>\n\t<meta property=\"og:image:width\" content=\"490\" \/>\n\t<meta property=\"og:image:height\" content=\"393\" \/>\n\t<meta property=\"og:image:type\" content=\"image\/png\" \/>\n<meta name=\"twitter:card\" content=\"summary_large_image\" \/>\n<meta name=\"twitter:label1\" content=\"Gesch\u00e4tzte Lesezeit\" \/>\n\t<meta name=\"twitter:data1\" content=\"2\u00a0Minuten\" \/>\n<script type=\"application\/ld+json\" class=\"yoast-schema-graph\">{\"@context\":\"https:\/\/schema.org\",\"@graph\":[{\"@type\":\"WebPage\",\"@id\":\"https:\/\/tacte.eu\/fips\/\",\"url\":\"https:\/\/tacte.eu\/fips\/\",\"name\":\"FIPS - TAC\",\"isPartOf\":{\"@id\":\"https:\/\/tacte.eu\/#website\"},\"primaryImageOfPage\":{\"@id\":\"https:\/\/tacte.eu\/fips\/#primaryimage\"},\"image\":{\"@id\":\"https:\/\/tacte.eu\/fips\/#primaryimage\"},\"thumbnailUrl\":\"https:\/\/tacte.eu\/wp-content\/uploads\/2025\/07\/image-1.png\",\"datePublished\":\"2025-05-07T07:37:42+00:00\",\"dateModified\":\"2025-07-07T09:26:03+00:00\",\"breadcrumb\":{\"@id\":\"https:\/\/tacte.eu\/fips\/#breadcrumb\"},\"inLanguage\":\"de\",\"potentialAction\":[{\"@type\":\"ReadAction\",\"target\":[\"https:\/\/tacte.eu\/fips\/\"]}]},{\"@type\":\"ImageObject\",\"inLanguage\":\"de\",\"@id\":\"https:\/\/tacte.eu\/fips\/#primaryimage\",\"url\":\"https:\/\/tacte.eu\/wp-content\/uploads\/2025\/07\/image-1.png\",\"contentUrl\":\"https:\/\/tacte.eu\/wp-content\/uploads\/2025\/07\/image-1.png\"},{\"@type\":\"BreadcrumbList\",\"@id\":\"https:\/\/tacte.eu\/fips\/#breadcrumb\",\"itemListElement\":[{\"@type\":\"ListItem\",\"position\":1,\"name\":\"Home\",\"item\":\"https:\/\/tacte.eu\/\"},{\"@type\":\"ListItem\",\"position\":2,\"name\":\"FIPS\"}]},{\"@type\":\"WebSite\",\"@id\":\"https:\/\/tacte.eu\/#website\",\"url\":\"https:\/\/tacte.eu\/\",\"name\":\"TAC\",\"description\":\"Advanced Security Solutions \",\"publisher\":{\"@id\":\"https:\/\/tacte.eu\/#organization\"},\"potentialAction\":[{\"@type\":\"SearchAction\",\"target\":{\"@type\":\"EntryPoint\",\"urlTemplate\":\"https:\/\/tacte.eu\/?s={search_term_string}\"},\"query-input\":{\"@type\":\"PropertyValueSpecification\",\"valueRequired\":true,\"valueName\":\"search_term_string\"}}],\"inLanguage\":\"de\"},{\"@type\":\"Organization\",\"@id\":\"https:\/\/tacte.eu\/#organization\",\"name\":\"TAC\",\"url\":\"https:\/\/tacte.eu\/\",\"logo\":{\"@type\":\"ImageObject\",\"inLanguage\":\"de\",\"@id\":\"https:\/\/tacte.eu\/#\/schema\/logo\/image\/\",\"url\":\"https:\/\/tacte.eu\/wp-content\/uploads\/2025\/05\/Tac-logo-154-49.png\",\"contentUrl\":\"https:\/\/tacte.eu\/wp-content\/uploads\/2025\/05\/Tac-logo-154-49.png\",\"width\":154,\"height\":49,\"caption\":\"TAC\"},\"image\":{\"@id\":\"https:\/\/tacte.eu\/#\/schema\/logo\/image\/\"}}]}<\/script>\n<!-- \/ Yoast SEO plugin. -->","yoast_head_json":{"title":"FIPS - TAC","robots":{"index":"index","follow":"follow","max-snippet":"max-snippet:-1","max-image-preview":"max-image-preview:large","max-video-preview":"max-video-preview:-1"},"canonical":"https:\/\/tacte.eu\/de\/fips\/","og_locale":"de_DE","og_type":"article","og_title":"FIPS - TAC","og_description":"What is FIPS? FIPS stands for Federal Information Processing Standards, a set of security standards developed by the National Institute of Standards and Technology (NIST) under the U.S. Department of&hellip;","og_url":"https:\/\/tacte.eu\/de\/fips\/","og_site_name":"TAC","article_modified_time":"2025-07-07T09:26:03+00:00","og_image":[{"width":490,"height":393,"url":"https:\/\/tacte.eu\/wp-content\/uploads\/2025\/07\/image-1.png","type":"image\/png"}],"twitter_card":"summary_large_image","twitter_misc":{"Gesch\u00e4tzte Lesezeit":"2\u00a0Minuten"},"schema":{"@context":"https:\/\/schema.org","@graph":[{"@type":"WebPage","@id":"https:\/\/tacte.eu\/fips\/","url":"https:\/\/tacte.eu\/fips\/","name":"FIPS - TAC","isPartOf":{"@id":"https:\/\/tacte.eu\/#website"},"primaryImageOfPage":{"@id":"https:\/\/tacte.eu\/fips\/#primaryimage"},"image":{"@id":"https:\/\/tacte.eu\/fips\/#primaryimage"},"thumbnailUrl":"https:\/\/tacte.eu\/wp-content\/uploads\/2025\/07\/image-1.png","datePublished":"2025-05-07T07:37:42+00:00","dateModified":"2025-07-07T09:26:03+00:00","breadcrumb":{"@id":"https:\/\/tacte.eu\/fips\/#breadcrumb"},"inLanguage":"de","potentialAction":[{"@type":"ReadAction","target":["https:\/\/tacte.eu\/fips\/"]}]},{"@type":"ImageObject","inLanguage":"de","@id":"https:\/\/tacte.eu\/fips\/#primaryimage","url":"https:\/\/tacte.eu\/wp-content\/uploads\/2025\/07\/image-1.png","contentUrl":"https:\/\/tacte.eu\/wp-content\/uploads\/2025\/07\/image-1.png"},{"@type":"BreadcrumbList","@id":"https:\/\/tacte.eu\/fips\/#breadcrumb","itemListElement":[{"@type":"ListItem","position":1,"name":"Home","item":"https:\/\/tacte.eu\/"},{"@type":"ListItem","position":2,"name":"FIPS"}]},{"@type":"WebSite","@id":"https:\/\/tacte.eu\/#website","url":"https:\/\/tacte.eu\/","name":"TAC","description":"Advanced Security Solutions","publisher":{"@id":"https:\/\/tacte.eu\/#organization"},"potentialAction":[{"@type":"SearchAction","target":{"@type":"EntryPoint","urlTemplate":"https:\/\/tacte.eu\/?s={search_term_string}"},"query-input":{"@type":"PropertyValueSpecification","valueRequired":true,"valueName":"search_term_string"}}],"inLanguage":"de"},{"@type":"Organization","@id":"https:\/\/tacte.eu\/#organization","name":"TAC","url":"https:\/\/tacte.eu\/","logo":{"@type":"ImageObject","inLanguage":"de","@id":"https:\/\/tacte.eu\/#\/schema\/logo\/image\/","url":"https:\/\/tacte.eu\/wp-content\/uploads\/2025\/05\/Tac-logo-154-49.png","contentUrl":"https:\/\/tacte.eu\/wp-content\/uploads\/2025\/05\/Tac-logo-154-49.png","width":154,"height":49,"caption":"TAC"},"image":{"@id":"https:\/\/tacte.eu\/#\/schema\/logo\/image\/"}}]}},"_links":{"self":[{"href":"https:\/\/tacte.eu\/de\/wp-json\/wp\/v2\/pages\/20024","targetHints":{"allow":["GET"]}}],"collection":[{"href":"https:\/\/tacte.eu\/de\/wp-json\/wp\/v2\/pages"}],"about":[{"href":"https:\/\/tacte.eu\/de\/wp-json\/wp\/v2\/types\/page"}],"author":[{"embeddable":true,"href":"https:\/\/tacte.eu\/de\/wp-json\/wp\/v2\/users\/1"}],"replies":[{"embeddable":true,"href":"https:\/\/tacte.eu\/de\/wp-json\/wp\/v2\/comments?post=20024"}],"version-history":[{"count":5,"href":"https:\/\/tacte.eu\/de\/wp-json\/wp\/v2\/pages\/20024\/revisions"}],"predecessor-version":[{"id":20567,"href":"https:\/\/tacte.eu\/de\/wp-json\/wp\/v2\/pages\/20024\/revisions\/20567"}],"wp:attachment":[{"href":"https:\/\/tacte.eu\/de\/wp-json\/wp\/v2\/media?parent=20024"}],"curies":[{"name":"wp","href":"https:\/\/api.w.org\/{rel}","templated":true}]}}