{"id":17345,"date":"2025-05-07T07:36:13","date_gmt":"2025-05-07T07:36:13","guid":{"rendered":"https:\/\/tacte.eu\/?page_id=17345"},"modified":"2025-07-07T09:24:24","modified_gmt":"2025-07-07T09:24:24","slug":"ndaa","status":"publish","type":"page","link":"https:\/\/tacte.eu\/de\/ndaa\/","title":{"rendered":"NDAA"},"content":{"rendered":"<h2 class=\"wp-block-heading\">\u00dcbersicht<\/h2>\n\n\n\n<div class=\"wp-block-group is-nowrap is-layout-flex wp-container-core-group-is-layout-ad2f72ca wp-block-group-is-layout-flex\">\n<h3 class=\"wp-block-heading\">Was ist das NDAA?<\/h3>\n\n\n\n<figure class=\"wp-block-image alignleft size-full is-resized\"><img fetchpriority=\"high\" decoding=\"async\" width=\"446\" height=\"156\" src=\"https:\/\/tacte.eu\/wp-content\/uploads\/2025\/07\/image.png\" alt=\"\" class=\"wp-image-20559\" style=\"width:404px;height:auto\" srcset=\"https:\/\/tacte.eu\/wp-content\/uploads\/2025\/07\/image.png 446w, https:\/\/tacte.eu\/wp-content\/uploads\/2025\/07\/image-300x105.png 300w, https:\/\/tacte.eu\/wp-content\/uploads\/2025\/07\/image-18x6.png 18w, https:\/\/tacte.eu\/wp-content\/uploads\/2025\/07\/image-370x129.png 370w, https:\/\/tacte.eu\/wp-content\/uploads\/2025\/07\/image-410x143.png 410w\" sizes=\"(max-width: 600px) 100vw, 446px\" \/><\/figure>\n<\/div>\n\n\n\n<div class=\"wp-block-group is-nowrap is-layout-flex wp-container-core-group-is-layout-ad2f72ca wp-block-group-is-layout-flex\">\n<p>Im Jahr 2019 verabschiedete der US-Kongress das Gesetz H.R.5515 - John S. McCain National Defense Authorization Act (NDAA) f\u00fcr das Haushaltsjahr 2019. Dieses Gesetz enth\u00e4lt Bestimmungen, die die Verwendung, Beschaffung oder den Verkauf bestimmter Marken von \u00dcberwachungsausr\u00fcstung durch Bundesbeh\u00f6rden einschr\u00e4nken.<\/p>\n<\/div>\n\n\n\n<p>Nach dem NDAA ist es den Bundesbeh\u00f6rden nicht nur untersagt, Ger\u00e4te dieser auf der schwarzen Liste stehenden Hersteller zu kaufen, sondern sie d\u00fcrfen auch nicht mit Auftragnehmern zusammenarbeiten, die \u00dcberwachungstechnologie von diesen verbotenen Anbietern verwenden.<\/p>\n\n\n\n<h2 class=\"wp-block-heading\">TAC-Einhaltung<\/h2>\n\n\n\n<p>Die TAC-Produkte entsprechen in vollem Umfang den Bestimmungen des NDAA.<br>TAC-Kameras und Netzwerk-Videorekorder (NVRs) werden ohne kritische Komponenten oder System-on-a-Chip (SoC)-Schaltkreise von Anbietern entwickelt und hergestellt, die gem\u00e4\u00df dem NDAA verboten sind. Dadurch wird sichergestellt, dass alle TAC-\u00dcberwachungsger\u00e4te die von der Gesetzgebung geforderten Konformit\u00e4tsstandards erf\u00fcllen, was sie zu einer sicheren und zugelassenen Wahl f\u00fcr den Einsatz bei Beh\u00f6rden und Bundesbeh\u00f6rden macht.<\/p>","protected":false},"excerpt":{"rendered":"<p>Overview What is the NDAA? In 2019, the U.S. Congress passed the H.R.5515 &#8211; John S. McCain National Defense Authorization Act (NDAA) for Fiscal Year 2019. This legislation includes provisions&hellip;<\/p>","protected":false},"author":1,"featured_media":0,"parent":0,"menu_order":0,"comment_status":"closed","ping_status":"closed","template":"","meta":{"footnotes":""},"class_list":["post-17345","page","type-page","status-publish","hentry"],"yoast_head":"<!-- This site is optimized with the Yoast SEO plugin v25.5 - https:\/\/yoast.com\/wordpress\/plugins\/seo\/ -->\n<title>NDAA - TAC<\/title>\n<meta name=\"robots\" content=\"index, follow, max-snippet:-1, max-image-preview:large, max-video-preview:-1\" \/>\n<link rel=\"canonical\" href=\"https:\/\/tacte.eu\/de\/ndaa\/\" \/>\n<meta property=\"og:locale\" content=\"de_DE\" \/>\n<meta property=\"og:type\" content=\"article\" \/>\n<meta property=\"og:title\" content=\"NDAA - TAC\" \/>\n<meta property=\"og:description\" content=\"Overview What is the NDAA? In 2019, the U.S. Congress passed the H.R.5515 &#8211; John S. McCain National Defense Authorization Act (NDAA) for Fiscal Year 2019. This legislation includes provisions&hellip;\" \/>\n<meta property=\"og:url\" content=\"https:\/\/tacte.eu\/de\/ndaa\/\" \/>\n<meta property=\"og:site_name\" content=\"TAC\" \/>\n<meta property=\"article:modified_time\" content=\"2025-07-07T09:24:24+00:00\" \/>\n<meta property=\"og:image\" content=\"https:\/\/tacte.eu\/wp-content\/uploads\/2025\/07\/image.png\" \/>\n\t<meta property=\"og:image:width\" content=\"446\" \/>\n\t<meta property=\"og:image:height\" content=\"156\" \/>\n\t<meta property=\"og:image:type\" content=\"image\/png\" \/>\n<meta name=\"twitter:card\" content=\"summary_large_image\" \/>\n<meta name=\"twitter:label1\" content=\"Gesch\u00e4tzte Lesezeit\" \/>\n\t<meta name=\"twitter:data1\" content=\"1\u00a0Minute\" \/>\n<script type=\"application\/ld+json\" class=\"yoast-schema-graph\">{\"@context\":\"https:\/\/schema.org\",\"@graph\":[{\"@type\":\"WebPage\",\"@id\":\"https:\/\/tacte.eu\/ndaa\/\",\"url\":\"https:\/\/tacte.eu\/ndaa\/\",\"name\":\"NDAA - TAC\",\"isPartOf\":{\"@id\":\"https:\/\/tacte.eu\/#website\"},\"primaryImageOfPage\":{\"@id\":\"https:\/\/tacte.eu\/ndaa\/#primaryimage\"},\"image\":{\"@id\":\"https:\/\/tacte.eu\/ndaa\/#primaryimage\"},\"thumbnailUrl\":\"https:\/\/tacte.eu\/wp-content\/uploads\/2025\/07\/image.png\",\"datePublished\":\"2025-05-07T07:36:13+00:00\",\"dateModified\":\"2025-07-07T09:24:24+00:00\",\"breadcrumb\":{\"@id\":\"https:\/\/tacte.eu\/ndaa\/#breadcrumb\"},\"inLanguage\":\"de\",\"potentialAction\":[{\"@type\":\"ReadAction\",\"target\":[\"https:\/\/tacte.eu\/ndaa\/\"]}]},{\"@type\":\"ImageObject\",\"inLanguage\":\"de\",\"@id\":\"https:\/\/tacte.eu\/ndaa\/#primaryimage\",\"url\":\"https:\/\/tacte.eu\/wp-content\/uploads\/2025\/07\/image.png\",\"contentUrl\":\"https:\/\/tacte.eu\/wp-content\/uploads\/2025\/07\/image.png\"},{\"@type\":\"BreadcrumbList\",\"@id\":\"https:\/\/tacte.eu\/ndaa\/#breadcrumb\",\"itemListElement\":[{\"@type\":\"ListItem\",\"position\":1,\"name\":\"Home\",\"item\":\"https:\/\/tacte.eu\/\"},{\"@type\":\"ListItem\",\"position\":2,\"name\":\"NDAA\"}]},{\"@type\":\"WebSite\",\"@id\":\"https:\/\/tacte.eu\/#website\",\"url\":\"https:\/\/tacte.eu\/\",\"name\":\"TAC\",\"description\":\"Advanced Security Solutions \",\"publisher\":{\"@id\":\"https:\/\/tacte.eu\/#organization\"},\"potentialAction\":[{\"@type\":\"SearchAction\",\"target\":{\"@type\":\"EntryPoint\",\"urlTemplate\":\"https:\/\/tacte.eu\/?s={search_term_string}\"},\"query-input\":{\"@type\":\"PropertyValueSpecification\",\"valueRequired\":true,\"valueName\":\"search_term_string\"}}],\"inLanguage\":\"de\"},{\"@type\":\"Organization\",\"@id\":\"https:\/\/tacte.eu\/#organization\",\"name\":\"TAC\",\"url\":\"https:\/\/tacte.eu\/\",\"logo\":{\"@type\":\"ImageObject\",\"inLanguage\":\"de\",\"@id\":\"https:\/\/tacte.eu\/#\/schema\/logo\/image\/\",\"url\":\"https:\/\/tacte.eu\/wp-content\/uploads\/2025\/05\/Tac-logo-154-49.png\",\"contentUrl\":\"https:\/\/tacte.eu\/wp-content\/uploads\/2025\/05\/Tac-logo-154-49.png\",\"width\":154,\"height\":49,\"caption\":\"TAC\"},\"image\":{\"@id\":\"https:\/\/tacte.eu\/#\/schema\/logo\/image\/\"}}]}<\/script>\n<!-- \/ Yoast SEO plugin. -->","yoast_head_json":{"title":"NDAA - TAC","robots":{"index":"index","follow":"follow","max-snippet":"max-snippet:-1","max-image-preview":"max-image-preview:large","max-video-preview":"max-video-preview:-1"},"canonical":"https:\/\/tacte.eu\/de\/ndaa\/","og_locale":"de_DE","og_type":"article","og_title":"NDAA - TAC","og_description":"Overview What is the NDAA? In 2019, the U.S. Congress passed the H.R.5515 &#8211; John S. McCain National Defense Authorization Act (NDAA) for Fiscal Year 2019. This legislation includes provisions&hellip;","og_url":"https:\/\/tacte.eu\/de\/ndaa\/","og_site_name":"TAC","article_modified_time":"2025-07-07T09:24:24+00:00","og_image":[{"width":446,"height":156,"url":"https:\/\/tacte.eu\/wp-content\/uploads\/2025\/07\/image.png","type":"image\/png"}],"twitter_card":"summary_large_image","twitter_misc":{"Gesch\u00e4tzte Lesezeit":"1\u00a0Minute"},"schema":{"@context":"https:\/\/schema.org","@graph":[{"@type":"WebPage","@id":"https:\/\/tacte.eu\/ndaa\/","url":"https:\/\/tacte.eu\/ndaa\/","name":"NDAA - TAC","isPartOf":{"@id":"https:\/\/tacte.eu\/#website"},"primaryImageOfPage":{"@id":"https:\/\/tacte.eu\/ndaa\/#primaryimage"},"image":{"@id":"https:\/\/tacte.eu\/ndaa\/#primaryimage"},"thumbnailUrl":"https:\/\/tacte.eu\/wp-content\/uploads\/2025\/07\/image.png","datePublished":"2025-05-07T07:36:13+00:00","dateModified":"2025-07-07T09:24:24+00:00","breadcrumb":{"@id":"https:\/\/tacte.eu\/ndaa\/#breadcrumb"},"inLanguage":"de","potentialAction":[{"@type":"ReadAction","target":["https:\/\/tacte.eu\/ndaa\/"]}]},{"@type":"ImageObject","inLanguage":"de","@id":"https:\/\/tacte.eu\/ndaa\/#primaryimage","url":"https:\/\/tacte.eu\/wp-content\/uploads\/2025\/07\/image.png","contentUrl":"https:\/\/tacte.eu\/wp-content\/uploads\/2025\/07\/image.png"},{"@type":"BreadcrumbList","@id":"https:\/\/tacte.eu\/ndaa\/#breadcrumb","itemListElement":[{"@type":"ListItem","position":1,"name":"Home","item":"https:\/\/tacte.eu\/"},{"@type":"ListItem","position":2,"name":"NDAA"}]},{"@type":"WebSite","@id":"https:\/\/tacte.eu\/#website","url":"https:\/\/tacte.eu\/","name":"TAC","description":"Advanced Security Solutions","publisher":{"@id":"https:\/\/tacte.eu\/#organization"},"potentialAction":[{"@type":"SearchAction","target":{"@type":"EntryPoint","urlTemplate":"https:\/\/tacte.eu\/?s={search_term_string}"},"query-input":{"@type":"PropertyValueSpecification","valueRequired":true,"valueName":"search_term_string"}}],"inLanguage":"de"},{"@type":"Organization","@id":"https:\/\/tacte.eu\/#organization","name":"TAC","url":"https:\/\/tacte.eu\/","logo":{"@type":"ImageObject","inLanguage":"de","@id":"https:\/\/tacte.eu\/#\/schema\/logo\/image\/","url":"https:\/\/tacte.eu\/wp-content\/uploads\/2025\/05\/Tac-logo-154-49.png","contentUrl":"https:\/\/tacte.eu\/wp-content\/uploads\/2025\/05\/Tac-logo-154-49.png","width":154,"height":49,"caption":"TAC"},"image":{"@id":"https:\/\/tacte.eu\/#\/schema\/logo\/image\/"}}]}},"_links":{"self":[{"href":"https:\/\/tacte.eu\/de\/wp-json\/wp\/v2\/pages\/17345","targetHints":{"allow":["GET"]}}],"collection":[{"href":"https:\/\/tacte.eu\/de\/wp-json\/wp\/v2\/pages"}],"about":[{"href":"https:\/\/tacte.eu\/de\/wp-json\/wp\/v2\/types\/page"}],"author":[{"embeddable":true,"href":"https:\/\/tacte.eu\/de\/wp-json\/wp\/v2\/users\/1"}],"replies":[{"embeddable":true,"href":"https:\/\/tacte.eu\/de\/wp-json\/wp\/v2\/comments?post=17345"}],"version-history":[{"count":8,"href":"https:\/\/tacte.eu\/de\/wp-json\/wp\/v2\/pages\/17345\/revisions"}],"predecessor-version":[{"id":20564,"href":"https:\/\/tacte.eu\/de\/wp-json\/wp\/v2\/pages\/17345\/revisions\/20564"}],"wp:attachment":[{"href":"https:\/\/tacte.eu\/de\/wp-json\/wp\/v2\/media?parent=17345"}],"curies":[{"name":"wp","href":"https:\/\/api.w.org\/{rel}","templated":true}]}}